{"id":424,"date":"2023-02-05T21:20:00","date_gmt":"2023-02-05T20:20:00","guid":{"rendered":"https:\/\/betaregeltechnik.frensch.de\/?page_id=424"},"modified":"2024-10-14T13:55:30","modified_gmt":"2024-10-14T11:55:30","slug":"as-6194-95","status":"publish","type":"page","link":"https:\/\/regeltechnik.frensch.de\/fr\/prodouits\/as-6194-95\/","title":{"rendered":"AS 6194-95"},"content":{"rendered":"<p>[et_pb_section fb_built=\u00a0\u00bb1&Prime; _builder_version=\u00a0\u00bb4.16&Prime; _module_preset=\u00a0\u00bbdefault\u00a0\u00bb global_colors_info=\u00a0\u00bb{}\u00a0\u00bb][et_pb_row _builder_version=\u00a0\u00bb4.16&Prime; _module_preset=\u00a0\u00bbdefault\u00a0\u00bb custom_padding=\u00a0\u00bb||0px||false|false\u00a0\u00bb global_colors_info=\u00a0\u00bb{}\u00a0\u00bb][et_pb_column type=\u00a0\u00bb4_4&Prime; _builder_version=\u00a0\u00bb4.16&Prime; _module_preset=\u00a0\u00bbdefault\u00a0\u00bb global_colors_info=\u00a0\u00bb{}\u00a0\u00bb][et_pb_text admin_label=\u00a0\u00bbCommande de charge AS 6194 \u2013 AS 6195&Prime; _builder_version=\u00a0\u00bb4.16&Prime; _module_preset=\u00a0\u00bbdefault\u00a0\u00bb global_colors_info=\u00a0\u00bb{}\u00a0\u00bb]<\/p>\n<h2>Commande de charge AS 6194 \u2013 AS 6195<\/h2>\n<p>[\/et_pb_text][\/et_pb_column][\/et_pb_row][et_pb_row column_structure=\u00a0\u00bb2_3,1_3&Prime; _builder_version=\u00a0\u00bb4.16&Prime; _module_preset=\u00a0\u00bbdefault\u00a0\u00bb global_colors_info=\u00a0\u00bb{}\u00a0\u00bb][et_pb_column type=\u00a0\u00bb2_3&Prime; _builder_version=\u00a0\u00bb4.16&Prime; _module_preset=\u00a0\u00bbdefault\u00a0\u00bb global_colors_info=\u00a0\u00bb{}\u00a0\u00bb][et_pb_text admin_label=\u00a0\u00bbText\u00a0\u00bb module_class=\u00a0\u00bbproduct-content\u00a0\u00bb _builder_version=\u00a0\u00bb4.19.5&Prime; _module_preset=\u00a0\u00bbdefault\u00a0\u00bb global_colors_info=\u00a0\u00bb{}\u00a0\u00bb]<\/p>\n<h3>Sous-stations pour la charge de chauffages au sol avec 4 circuits de r\u00e9gulation \u2013 AS 6194; avec 2 circuits de r\u00e9gulation \u2013 AS 6195<\/h3>\n<p><strong><span style=\"color: #ff0000;\">La production et le support de ce contr\u00f4leur de charge seront bient\u00f4t interrompus.<br \/>Les ventes ne sont disponibles que jusqu&rsquo;\u00e0 \u00e9puisement des stocks.<\/span><\/strong><\/p>\n<p>Les AS 6194\/AS 6195 sont des r\u00e9gulateurs de charge (sous-stations) utilisant une technologie ultramoderne. L\u2019AS 6194 comprend jusqu\u2019\u00e0 quatre circuits de chauffage s\u00e9par\u00e9s, l\u2019AS 6195 au maximum jusqu\u2019\u00e0 deux circuits de chauffage s\u00e9par\u00e9s d\u2019un chauffage au sol. En fonction des valeurs pilotes, de la temp\u00e9rature (AS 6190) et de la chaleur r\u00e9siduelle (sonde de chaleur r\u00e9siduelle RF-N-1) les r\u00e9gulateurs d\u00e9terminent la charge individuelle de chaque circuit. Les broches des r\u00e9gulateurs de charge sont compatibles avec celles des mod\u00e8les AS 5194\/AS 5195.<\/p>\n<ul>\n<li>Temp\u00e9rature finale r\u00e9glable<\/li>\n<li>Charge de chaque circuit pour autorisation et autorisation suppl\u00e9mentaire<\/li>\n<li>R\u00e9glable par l\u2019utilisateur<\/li>\n<li>Bornes de r\u00e9duction<\/li>\n<li>Indication de l\u2019\u00e9tat de commutation<\/li>\n<\/ul>\n<p><strong>Attention!<\/strong><br \/>Lors du remplacement d\u2019un ancien AS 5194 ou AS 5195 par un nouveau AS 6194 ou AS 6195, la centrale AS 5190 doit \u00eatre remplac\u00e9e par une nouvelle AS 6190. D\u2019autres anciens AS 5194\/95 peuvent \u00eatre alors exploit\u00e9s avec le nouvel AS 6190.<\/p>\n<p>[\/et_pb_text][\/et_pb_column][et_pb_column type=\u00a0\u00bb1_3&Prime; _builder_version=\u00a0\u00bb4.16&Prime; _module_preset=\u00a0\u00bbdefault\u00a0\u00bb global_colors_info=\u00a0\u00bb{}\u00a0\u00bb][et_pb_image src=\u00a0\u00bbhttps:\/\/betaregeltechnik.frensch.de\/wp-content\/uploads\/DSC_1859_5194.jpg\u00a0\u00bb title_text=\u00a0\u00bbDSC_1859_5194&Prime; _builder_version=\u00a0\u00bb4.16&Prime; _module_preset=\u00a0\u00bbdefault\u00a0\u00bb custom_margin=\u00a0\u00bb||0px||false|false\u00a0\u00bb global_colors_info=\u00a0\u00bb{}\u00a0\u00bb][\/et_pb_image][et_pb_image src=\u00a0\u00bbhttps:\/\/betaregeltechnik.frensch.de\/wp-content\/uploads\/TZ_6194-95.png\u00a0\u00bb title_text=\u00a0\u00bbTZ_6194-95&Prime; _builder_version=\u00a0\u00bb4.16&Prime; _module_preset=\u00a0\u00bbdefault\u00a0\u00bb global_colors_info=\u00a0\u00bb{}\u00a0\u00bb][\/et_pb_image][et_pb_text _builder_version=\u00a0\u00bb4.16&Prime; _module_preset=\u00a0\u00bbdefault\u00a0\u00bb global_colors_info=\u00a0\u00bb{}\u00a0\u00bb]<\/p>\n<h2>Downloads<\/h2>\n<p><div class='w3eden'><!-- WPDM Link Template: Widget Template -->\n\n<div class=\"media well link-template-widget\">\n    <a class=\"mr-3 img-48\" href=\"https:\/\/regeltechnik.frensch.de\/fr\/download\/as_6194_95_de\/\">\n        <img decoding=\"async\" class=\"wpdm_icon\" alt=\"Ic\u00f4ne\"   src=\"https:\/\/betaregeltechnik.frensch.de\/wp-content\/plugins\/download-manager\/assets\/file-type-icons\/pdf.svg\" \/>\n    <\/a>\n    <div class=\"media-body\">\n        <a href=\"https:\/\/regeltechnik.frensch.de\/fr\/download\/as_6194_95_de\/\" style=\"display: block;clear: bottom;font-size: 11pt;font-weight: bold;\">AS_6194_95_DE.pdf<\/a>\n        <div style=\"font-size: 9pt;\">\n            <i class=\"fas fa-hdd color-green\"><\/i> 908.42 KB <i class=\"fa fa-copy ml-3\"><\/i>\n            1 file(s)\n        <\/div>\n    <\/div>\n<\/div>\n\n<\/div><br \/><div class='w3eden'><!-- WPDM Link Template: Widget Template -->\n\n<div class=\"media well link-template-widget\">\n    <a class=\"mr-3 img-48\" href=\"https:\/\/regeltechnik.frensch.de\/fr\/download\/sockelschaltbild_6194-95\/\">\n        <img decoding=\"async\" class=\"wpdm_icon\" alt=\"Ic\u00f4ne\"   src=\"https:\/\/betaregeltechnik.frensch.de\/wp-content\/plugins\/download-manager\/assets\/file-type-icons\/pdf.svg\" \/>\n    <\/a>\n    <div class=\"media-body\">\n        <a href=\"https:\/\/regeltechnik.frensch.de\/fr\/download\/sockelschaltbild_6194-95\/\" style=\"display: block;clear: bottom;font-size: 11pt;font-weight: bold;\">Sockelschaltbild_6194-95.pdf<\/a>\n        <div style=\"font-size: 9pt;\">\n            <i class=\"fas fa-hdd color-green\"><\/i> 40.21 KB <i class=\"fa fa-copy ml-3\"><\/i>\n            1 file(s)\n        <\/div>\n    <\/div>\n<\/div>\n\n<\/div><\/p>\n<p>[\/et_pb_text][\/et_pb_column][\/et_pb_row][\/et_pb_section]<\/p>\n","protected":false},"excerpt":{"rendered":"<p>Commande de charge AS 6194 \u2013 AS 6195Sous-stations pour la charge de chauffages au sol avec 4 circuits de r\u00e9gulation \u2013 AS 6194; avec 2 circuits de r\u00e9gulation \u2013 AS 6195 La production et le support de ce contr\u00f4leur de charge seront bient\u00f4t interrompus.Les ventes ne sont disponibles que jusqu&rsquo;\u00e0 \u00e9puisement des stocks. Les AS [&hellip;]<\/p>\n","protected":false},"author":1,"featured_media":0,"parent":273,"menu_order":0,"comment_status":"closed","ping_status":"closed","template":"","meta":{"_et_pb_use_builder":"on","_et_pb_old_content":"[et_pb_section fb_built=\"1\" _builder_version=\"4.14.7\" _module_preset=\"default\" global_colors_info=\"{}\"][et_pb_row _builder_version=\"4.14.7\" _module_preset=\"default\" custom_padding=\"||0px||false|false\" global_colors_info=\"{}\"][et_pb_column type=\"4_4\" _builder_version=\"4.14.7\" _module_preset=\"default\" global_colors_info=\"{}\"][et_pb_text admin_label=\"Aufladesteuerung AS 6194 \u2013 AS 6195\" _builder_version=\"4.14.7\" _module_preset=\"default\" global_colors_info=\"{}\"]<h2>Aufladesteuerung AS 6194 \u2013 AS 6195<\/h2>[\/et_pb_text][\/et_pb_column][\/et_pb_row][et_pb_row column_structure=\"2_3,1_3\" _builder_version=\"4.14.7\" _module_preset=\"default\" global_colors_info=\"{}\"][et_pb_column type=\"2_3\" _builder_version=\"4.14.7\" _module_preset=\"default\" global_colors_info=\"{}\"][et_pb_text admin_label=\"Text\" module_class=\"product-content\" _builder_version=\"4.14.7\" _module_preset=\"default\" global_colors_info=\"{}\"]<h3>Wohnungsstation zur Aufladung von Fu\u00dfbodenheizungen mit 4 Regelkreisen \u2013 AS 6194; mit 2 Regelkreisen \u2013 AS 6195<\/h3>\r\nDie <strong>AS 6194\/AS 6195<\/strong> sind Aufladeregler (Wohnungsstationen) in denen modernste Technologie zum Einsatz kommt. Die <strong>AS 6194<\/strong> erfasst bis zu vier getrennte Heizkreise, die <strong>AS 6195<\/strong> maximal zwei getrennte Heizkreise einer Fu\u00dfbodenheizung. Die Regler bestimmen in Abh\u00e4ngigkeit der F\u00fchrungsgr\u00f6\u00dfen, der Witterungstemperatur (AS 6190) und der Restw\u00e4rme (Restw\u00e4rmef\u00fchler RF-N-1) die Aufladung jedes einzelnen Kreises. Die Aufladeregler sind Pin-kompatibel zu den Modellen <strong>AS 5194\/AS 5195<\/strong>.\r\n<ul>\r\n\t<li>einstellbare Endtemperatur<\/li>\r\n\t<li>Aufladung jedes Kreises f\u00fcr Freigabe und Zusatzfreigabe<\/li>\r\n\t<li>durch den Benutzer regelbar<\/li>\r\n\t<li>Reduzierklemmen<\/li>\r\n\t<li>Schaltzustandsanzeige<\/li>\r\n<\/ul>\r\n<strong>Achtung!<\/strong>\r\nBeim Austausch einer alten <strong>AS 5194<\/strong> bzw. <strong>AS 5195<\/strong> gegen eine neue <strong>AS 6194<\/strong> bzw. <strong>AS 6195<\/strong> mu\u00df die Zentrale <strong>AS 5190<\/strong> gegen eine neue <strong>AS 6190<\/strong> ausgetauscht werden. Weitere alte <strong>AS 5194\/95<\/strong> k\u00f6nnen dann an der neuen <strong>AS 6190<\/strong> betrieben werden.[\/et_pb_text][\/et_pb_column][et_pb_column type=\"1_3\" _builder_version=\"4.14.7\" _module_preset=\"default\" global_colors_info=\"{}\"][et_pb_image src=\"https:\/\/betaregeltechnik.frensch.de\/wp-content\/uploads\/DSC_1859_5194.jpg\" title_text=\"DSC_1859_5194\" _builder_version=\"4.14.7\" _module_preset=\"default\" custom_margin=\"||0px||false|false\" hover_enabled=\"0\" global_colors_info=\"{}\" sticky_enabled=\"0\"][\/et_pb_image][et_pb_image src=\"https:\/\/betaregeltechnik.frensch.de\/wp-content\/uploads\/TZ_6194-95.png\" title_text=\"TZ_6194-95\" _builder_version=\"4.14.7\" _module_preset=\"default\" hover_enabled=\"0\" global_colors_info=\"{}\" sticky_enabled=\"0\"][\/et_pb_image][et_pb_text _builder_version=\"4.14.7\" _module_preset=\"default\" hover_enabled=\"0\" global_colors_info=\"{}\" sticky_enabled=\"0\"]<h2>Downloads<\/h2>\r\n<p>[wpdm_package id='246' template=\"link-template-widget\"]<br \/>[wpdm_package id='247' template=\"link-template-widget\"]<\/p>[\/et_pb_text][\/et_pb_column][\/et_pb_row][\/et_pb_section]","_et_gb_content_width":"","footnotes":""},"class_list":["post-424","page","type-page","status-publish","hentry"],"yoast_head":"<!-- This site is optimized with the Yoast SEO plugin v23.6 - https:\/\/yoast.com\/wordpress\/plugins\/seo\/ -->\n<title>AS 6194-95 - Frensch-Regeltechnik<\/title>\n<meta name=\"robots\" content=\"index, follow, max-snippet:-1, max-image-preview:large, max-video-preview:-1\" \/>\n<link rel=\"canonical\" href=\"https:\/\/regeltechnik.frensch.de\/fr\/prodouits\/as-6194-95\/\" \/>\n<meta property=\"og:locale\" content=\"fr_FR\" \/>\n<meta property=\"og:type\" content=\"article\" \/>\n<meta property=\"og:title\" content=\"AS 6194-95 - Frensch-Regeltechnik\" \/>\n<meta property=\"og:description\" content=\"Commande de charge AS 6194 \u2013 AS 6195Sous-stations pour la charge de chauffages au sol avec 4 circuits de r\u00e9gulation \u2013 AS 6194; avec 2 circuits de r\u00e9gulation \u2013 AS 6195 La production et le support de ce contr\u00f4leur de charge seront bient\u00f4t interrompus.Les ventes ne sont disponibles que jusqu&#039;\u00e0 \u00e9puisement des stocks. Les AS [&hellip;]\" \/>\n<meta property=\"og:url\" content=\"https:\/\/regeltechnik.frensch.de\/fr\/prodouits\/as-6194-95\/\" \/>\n<meta property=\"og:site_name\" content=\"Frensch-Regeltechnik\" \/>\n<meta property=\"article:modified_time\" content=\"2024-10-14T11:55:30+00:00\" \/>\n<meta name=\"twitter:card\" content=\"summary_large_image\" \/>\n<meta name=\"twitter:label1\" content=\"Dur\u00e9e de lecture estim\u00e9e\" \/>\n\t<meta name=\"twitter:data1\" content=\"2 minutes\" \/>\n<script type=\"application\/ld+json\" class=\"yoast-schema-graph\">{\"@context\":\"https:\/\/schema.org\",\"@graph\":[{\"@type\":\"WebPage\",\"@id\":\"https:\/\/regeltechnik.frensch.de\/fr\/prodouits\/as-6194-95\/\",\"url\":\"https:\/\/regeltechnik.frensch.de\/fr\/prodouits\/as-6194-95\/\",\"name\":\"AS 6194-95 - Frensch-Regeltechnik\",\"isPartOf\":{\"@id\":\"https:\/\/regeltechnik.frensch.de\/fr\/#website\"},\"datePublished\":\"2023-02-05T20:20:00+00:00\",\"dateModified\":\"2024-10-14T11:55:30+00:00\",\"breadcrumb\":{\"@id\":\"https:\/\/regeltechnik.frensch.de\/fr\/prodouits\/as-6194-95\/#breadcrumb\"},\"inLanguage\":\"fr-FR\",\"potentialAction\":[{\"@type\":\"ReadAction\",\"target\":[\"https:\/\/regeltechnik.frensch.de\/fr\/prodouits\/as-6194-95\/\"]}]},{\"@type\":\"BreadcrumbList\",\"@id\":\"https:\/\/regeltechnik.frensch.de\/fr\/prodouits\/as-6194-95\/#breadcrumb\",\"itemListElement\":[{\"@type\":\"ListItem\",\"position\":1,\"name\":\"Startseite\",\"item\":\"https:\/\/regeltechnik.frensch.de\/fr\/\"},{\"@type\":\"ListItem\",\"position\":2,\"name\":\"Prodouits\",\"item\":\"https:\/\/regeltechnik.frensch.de\/fr\/prodouits\/\"},{\"@type\":\"ListItem\",\"position\":3,\"name\":\"AS 6194-95\"}]},{\"@type\":\"WebSite\",\"@id\":\"https:\/\/regeltechnik.frensch.de\/fr\/#website\",\"url\":\"https:\/\/regeltechnik.frensch.de\/fr\/\",\"name\":\"Frensch-Regeltechnik\",\"description\":\"\",\"publisher\":{\"@id\":\"https:\/\/regeltechnik.frensch.de\/fr\/#organization\"},\"potentialAction\":[{\"@type\":\"SearchAction\",\"target\":{\"@type\":\"EntryPoint\",\"urlTemplate\":\"https:\/\/regeltechnik.frensch.de\/fr\/?s={search_term_string}\"},\"query-input\":{\"@type\":\"PropertyValueSpecification\",\"valueRequired\":true,\"valueName\":\"search_term_string\"}}],\"inLanguage\":\"fr-FR\"},{\"@type\":\"Organization\",\"@id\":\"https:\/\/regeltechnik.frensch.de\/fr\/#organization\",\"name\":\"Frensch GmbH\",\"url\":\"https:\/\/regeltechnik.frensch.de\/fr\/\",\"logo\":{\"@type\":\"ImageObject\",\"inLanguage\":\"fr-FR\",\"@id\":\"https:\/\/regeltechnik.frensch.de\/fr\/#\/schema\/logo\/image\/\",\"url\":\"https:\/\/betaregeltechnik.frensch.de\/wp-content\/uploads\/FFB959F7-5A1F-4613-AB53-4D53CDE0F327.png\",\"contentUrl\":\"https:\/\/betaregeltechnik.frensch.de\/wp-content\/uploads\/FFB959F7-5A1F-4613-AB53-4D53CDE0F327.png\",\"width\":136,\"height\":136,\"caption\":\"Frensch GmbH\"},\"image\":{\"@id\":\"https:\/\/regeltechnik.frensch.de\/fr\/#\/schema\/logo\/image\/\"}}]}<\/script>\n<!-- \/ Yoast SEO plugin. -->","yoast_head_json":{"title":"AS 6194-95 - Frensch-Regeltechnik","robots":{"index":"index","follow":"follow","max-snippet":"max-snippet:-1","max-image-preview":"max-image-preview:large","max-video-preview":"max-video-preview:-1"},"canonical":"https:\/\/regeltechnik.frensch.de\/fr\/prodouits\/as-6194-95\/","og_locale":"fr_FR","og_type":"article","og_title":"AS 6194-95 - Frensch-Regeltechnik","og_description":"Commande de charge AS 6194 \u2013 AS 6195Sous-stations pour la charge de chauffages au sol avec 4 circuits de r\u00e9gulation \u2013 AS 6194; avec 2 circuits de r\u00e9gulation \u2013 AS 6195 La production et le support de ce contr\u00f4leur de charge seront bient\u00f4t interrompus.Les ventes ne sont disponibles que jusqu'\u00e0 \u00e9puisement des stocks. Les AS [&hellip;]","og_url":"https:\/\/regeltechnik.frensch.de\/fr\/prodouits\/as-6194-95\/","og_site_name":"Frensch-Regeltechnik","article_modified_time":"2024-10-14T11:55:30+00:00","twitter_card":"summary_large_image","twitter_misc":{"Dur\u00e9e de lecture estim\u00e9e":"2 minutes"},"schema":{"@context":"https:\/\/schema.org","@graph":[{"@type":"WebPage","@id":"https:\/\/regeltechnik.frensch.de\/fr\/prodouits\/as-6194-95\/","url":"https:\/\/regeltechnik.frensch.de\/fr\/prodouits\/as-6194-95\/","name":"AS 6194-95 - Frensch-Regeltechnik","isPartOf":{"@id":"https:\/\/regeltechnik.frensch.de\/fr\/#website"},"datePublished":"2023-02-05T20:20:00+00:00","dateModified":"2024-10-14T11:55:30+00:00","breadcrumb":{"@id":"https:\/\/regeltechnik.frensch.de\/fr\/prodouits\/as-6194-95\/#breadcrumb"},"inLanguage":"fr-FR","potentialAction":[{"@type":"ReadAction","target":["https:\/\/regeltechnik.frensch.de\/fr\/prodouits\/as-6194-95\/"]}]},{"@type":"BreadcrumbList","@id":"https:\/\/regeltechnik.frensch.de\/fr\/prodouits\/as-6194-95\/#breadcrumb","itemListElement":[{"@type":"ListItem","position":1,"name":"Startseite","item":"https:\/\/regeltechnik.frensch.de\/fr\/"},{"@type":"ListItem","position":2,"name":"Prodouits","item":"https:\/\/regeltechnik.frensch.de\/fr\/prodouits\/"},{"@type":"ListItem","position":3,"name":"AS 6194-95"}]},{"@type":"WebSite","@id":"https:\/\/regeltechnik.frensch.de\/fr\/#website","url":"https:\/\/regeltechnik.frensch.de\/fr\/","name":"Frensch-Regeltechnik","description":"","publisher":{"@id":"https:\/\/regeltechnik.frensch.de\/fr\/#organization"},"potentialAction":[{"@type":"SearchAction","target":{"@type":"EntryPoint","urlTemplate":"https:\/\/regeltechnik.frensch.de\/fr\/?s={search_term_string}"},"query-input":{"@type":"PropertyValueSpecification","valueRequired":true,"valueName":"search_term_string"}}],"inLanguage":"fr-FR"},{"@type":"Organization","@id":"https:\/\/regeltechnik.frensch.de\/fr\/#organization","name":"Frensch GmbH","url":"https:\/\/regeltechnik.frensch.de\/fr\/","logo":{"@type":"ImageObject","inLanguage":"fr-FR","@id":"https:\/\/regeltechnik.frensch.de\/fr\/#\/schema\/logo\/image\/","url":"https:\/\/betaregeltechnik.frensch.de\/wp-content\/uploads\/FFB959F7-5A1F-4613-AB53-4D53CDE0F327.png","contentUrl":"https:\/\/betaregeltechnik.frensch.de\/wp-content\/uploads\/FFB959F7-5A1F-4613-AB53-4D53CDE0F327.png","width":136,"height":136,"caption":"Frensch GmbH"},"image":{"@id":"https:\/\/regeltechnik.frensch.de\/fr\/#\/schema\/logo\/image\/"}}]}},"_links":{"self":[{"href":"https:\/\/regeltechnik.frensch.de\/fr\/wp-json\/wp\/v2\/pages\/424","targetHints":{"allow":["GET"]}}],"collection":[{"href":"https:\/\/regeltechnik.frensch.de\/fr\/wp-json\/wp\/v2\/pages"}],"about":[{"href":"https:\/\/regeltechnik.frensch.de\/fr\/wp-json\/wp\/v2\/types\/page"}],"author":[{"embeddable":true,"href":"https:\/\/regeltechnik.frensch.de\/fr\/wp-json\/wp\/v2\/users\/1"}],"replies":[{"embeddable":true,"href":"https:\/\/regeltechnik.frensch.de\/fr\/wp-json\/wp\/v2\/comments?post=424"}],"version-history":[{"count":4,"href":"https:\/\/regeltechnik.frensch.de\/fr\/wp-json\/wp\/v2\/pages\/424\/revisions"}],"predecessor-version":[{"id":820,"href":"https:\/\/regeltechnik.frensch.de\/fr\/wp-json\/wp\/v2\/pages\/424\/revisions\/820"}],"up":[{"embeddable":true,"href":"https:\/\/regeltechnik.frensch.de\/fr\/wp-json\/wp\/v2\/pages\/273"}],"wp:attachment":[{"href":"https:\/\/regeltechnik.frensch.de\/fr\/wp-json\/wp\/v2\/media?parent=424"}],"curies":[{"name":"wp","href":"https:\/\/api.w.org\/{rel}","templated":true}]}}