{"id":393,"date":"2023-02-04T15:51:12","date_gmt":"2023-02-04T14:51:12","guid":{"rendered":"https:\/\/betaregeltechnik.frensch.de\/?page_id=393"},"modified":"2024-10-14T13:52:46","modified_gmt":"2024-10-14T11:52:46","slug":"as-611","status":"publish","type":"page","link":"https:\/\/regeltechnik.frensch.de\/fr\/prodouits\/as-611\/","title":{"rendered":"AS 611"},"content":{"rendered":"<p>[et_pb_section fb_built=\u00a0\u00bb1&Prime; _builder_version=\u00a0\u00bb4.16&Prime; _module_preset=\u00a0\u00bbdefault\u00a0\u00bb global_colors_info=\u00a0\u00bb{}\u00a0\u00bb][et_pb_row _builder_version=\u00a0\u00bb4.16&Prime; _module_preset=\u00a0\u00bbdefault\u00a0\u00bb custom_padding=\u00a0\u00bb||0px||false|false\u00a0\u00bb global_colors_info=\u00a0\u00bb{}\u00a0\u00bb][et_pb_column type=\u00a0\u00bb4_4&Prime; _builder_version=\u00a0\u00bb4.16&Prime; _module_preset=\u00a0\u00bbdefault\u00a0\u00bb global_colors_info=\u00a0\u00bb{}\u00a0\u00bb][et_pb_text admin_label=\u00a0\u00bbAppareil de commande 611 pour centrale de chauffages\u00a0\u00bb _builder_version=\u00a0\u00bb4.16&Prime; _module_preset=\u00a0\u00bbdefault\u00a0\u00bb global_colors_info=\u00a0\u00bb{}\u00a0\u00bb]<\/p>\n<h2>Appareil de commande 611 pour centrale de chauffages<\/h2>\n<p>[\/et_pb_text][\/et_pb_column][\/et_pb_row][et_pb_row column_structure=\u00a0\u00bb2_3,1_3&Prime; _builder_version=\u00a0\u00bb4.16&Prime; _module_preset=\u00a0\u00bbdefault\u00a0\u00bb global_colors_info=\u00a0\u00bb{}\u00a0\u00bb][et_pb_column type=\u00a0\u00bb2_3&Prime; _builder_version=\u00a0\u00bb4.16&Prime; _module_preset=\u00a0\u00bbdefault\u00a0\u00bb global_colors_info=\u00a0\u00bb{}\u00a0\u00bb][et_pb_text admin_label=\u00a0\u00bbText\u00a0\u00bb module_class=\u00a0\u00bbproduct-content\u00a0\u00bb _builder_version=\u00a0\u00bb4.19.5&Prime; _module_preset=\u00a0\u00bbdefault\u00a0\u00bb global_colors_info=\u00a0\u00bb{}\u00a0\u00bb]<\/p>\n<h3>Microprocesseur pour la commande de chauffages \u00e0 accumulation<\/h3>\n<p><strong><span style=\"color: #ff0000;\">La production et le support de ce contr\u00f4leur de charge seront bient\u00f4t interrompus.<br \/>Les ventes ne sont disponibles que jusqu&rsquo;\u00e0 \u00e9puisement des stocks.<\/span><\/strong><\/p>\n<p>L\u2019AS 611 est une commande de charge qui utilise la technologie informatique la plus moderne. Le dispositif de charge automatique du mod\u00e8le AS 611 d\u00e9termine le volume de charge des chauffages \u00e9lectriques \u00e0 accumulation en fonction de la temp\u00e9rature ext\u00e9rieure et de la chaleur r\u00e9siduelle. Il est utilis\u00e9 pour commander les chauffages \u00e0 accumulation avec \u00e9l\u00e9ments thermom\u00e9caniques (thermostat \u00e0 dilatation de liquide \u00e0 chauffer, sonde capillaire, contacteur thermique).<\/p>\n<p>Outre la d\u00e9rivation et de l\u2019optimisation du signal A1, le brochage de l\u2019AS 611 est compatible avec celui du mod\u00e8le pr\u00e9c\u00e9dent AS 511 et l\u2019appareil poss\u00e8de un relais contacteur s\u00e9par\u00e9. Pour contr\u00f4ler le fonctionnement de la commande de charge, il suffit d\u2019appuyer sur les touches \u00ab LS \u00bb et \u00ab E2 \u00bb en m\u00eame temps. La suppression du rechargement pendant la journ\u00e9e est \u00e9galement r\u00e9glable entre -10 \u00b0C et +10 \u00b0C.<\/p>\n<ul>\n<li>Calcul de la courbe caract\u00e9ristique selon la temp\u00e9rature<\/li>\n<li>journali\u00e8re moyenne<\/li>\n<li>R\u00e9glage minutieux du potentiom\u00e8tre par affichage de la valeur r\u00e9gl\u00e9e au display<\/li>\n<li>Relais temporisateur auto-adaptatif<\/li>\n<li>Toutes les interruptions sont compens\u00e9es par le relais temporisateur<\/li>\n<li>Affichage LCD \u00e0 4 chiffres avec affichage suppl\u00e9mentaire de l\u2019\u00e9tat r\u00e9el de l\u2019appareil<\/li>\n<li>D\u00e9tection d\u2019une erreur de r\u00e9glage<\/li>\n<li>D\u00e9tection d\u2019une rupture de sonde ou d\u00e9tection d\u2019un court-circuit<\/li>\n<li>Possibilit\u00e9s optimales de r\u00e9glage du rechargement pendant la journ\u00e9e<\/li>\n<li>R\u00e9glage en continu de la charge simultan\u00e9e sans d\u00e9calage, de la valeur moyenne du d\u00e9calage, du d\u00e9calage maximum de la charge<\/li>\n<\/ul>\n<p>[\/et_pb_text][\/et_pb_column][et_pb_column type=\u00a0\u00bb1_3&Prime; _builder_version=\u00a0\u00bb4.16&Prime; _module_preset=\u00a0\u00bbdefault\u00a0\u00bb global_colors_info=\u00a0\u00bb{}\u00a0\u00bb][et_pb_image src=\u00a0\u00bbhttps:\/\/betaregeltechnik.frensch.de\/wp-content\/uploads\/DSC_1856_611.jpg\u00a0\u00bb title_text=\u00a0\u00bbDSC_1856_611&Prime; _builder_version=\u00a0\u00bb4.16&Prime; _module_preset=\u00a0\u00bbdefault\u00a0\u00bb custom_margin=\u00a0\u00bb||0px||false|false\u00a0\u00bb global_colors_info=\u00a0\u00bb{}\u00a0\u00bb][\/et_pb_image][et_pb_image src=\u00a0\u00bbhttps:\/\/betaregeltechnik.frensch.de\/wp-content\/uploads\/TZ_611.png\u00a0\u00bb title_text=\u00a0\u00bbTZ_611&Prime; _builder_version=\u00a0\u00bb4.16&Prime; _module_preset=\u00a0\u00bbdefault\u00a0\u00bb global_colors_info=\u00a0\u00bb{}\u00a0\u00bb][\/et_pb_image][et_pb_text _builder_version=\u00a0\u00bb4.16&Prime; _module_preset=\u00a0\u00bbdefault\u00a0\u00bb global_colors_info=\u00a0\u00bb{}\u00a0\u00bb]<\/p>\n<h2>Downloads<\/h2>\n<p><div class='w3eden'><!-- WPDM Link Template: Widget Template -->\n\n<div class=\"media well link-template-widget\">\n    <a class=\"mr-3 img-48\" href=\"https:\/\/regeltechnik.frensch.de\/fr\/download\/as_611_de\/\">\n        <img decoding=\"async\" class=\"wpdm_icon\" alt=\"Ic\u00f4ne\"   src=\"https:\/\/betaregeltechnik.frensch.de\/wp-content\/plugins\/download-manager\/assets\/file-type-icons\/pdf.svg\" \/>\n    <\/a>\n    <div class=\"media-body\">\n        <a href=\"https:\/\/regeltechnik.frensch.de\/fr\/download\/as_611_de\/\" style=\"display: block;clear: bottom;font-size: 11pt;font-weight: bold;\">AS_611_DE.pdf<\/a>\n        <div style=\"font-size: 9pt;\">\n            <i class=\"fas fa-hdd color-green\"><\/i> 386.78 KB <i class=\"fa fa-copy ml-3\"><\/i>\n            1 file(s)\n        <\/div>\n    <\/div>\n<\/div>\n\n<\/div><br \/>\n<div class='w3eden'><!-- WPDM Link Template: Widget Template -->\n\n<div class=\"media well link-template-widget\">\n    <a class=\"mr-3 img-48\" href=\"https:\/\/regeltechnik.frensch.de\/fr\/download\/sockelschaltbild_611\/\">\n        <img decoding=\"async\" class=\"wpdm_icon\" alt=\"Ic\u00f4ne\"   src=\"https:\/\/betaregeltechnik.frensch.de\/wp-content\/plugins\/download-manager\/assets\/file-type-icons\/pdf.svg\" \/>\n    <\/a>\n    <div class=\"media-body\">\n        <a href=\"https:\/\/regeltechnik.frensch.de\/fr\/download\/sockelschaltbild_611\/\" style=\"display: block;clear: bottom;font-size: 11pt;font-weight: bold;\">Sockelschaltbild_611.pdf<\/a>\n        <div style=\"font-size: 9pt;\">\n            <i class=\"fas fa-hdd color-green\"><\/i> 39.39 KB <i class=\"fa fa-copy ml-3\"><\/i>\n            1 file(s)\n        <\/div>\n    <\/div>\n<\/div>\n\n<\/div>[\/et_pb_text][\/et_pb_column][\/et_pb_row][\/et_pb_section]<\/p>\n","protected":false},"excerpt":{"rendered":"<p>Appareil de commande 611 pour centrale de chauffagesMicroprocesseur pour la commande de chauffages \u00e0 accumulation La production et le support de ce contr\u00f4leur de charge seront bient\u00f4t interrompus.Les ventes ne sont disponibles que jusqu&rsquo;\u00e0 \u00e9puisement des stocks. L\u2019AS 611 est une commande de charge qui utilise la technologie informatique la plus moderne. Le dispositif de [&hellip;]<\/p>\n","protected":false},"author":1,"featured_media":0,"parent":273,"menu_order":0,"comment_status":"closed","ping_status":"closed","template":"","meta":{"_et_pb_use_builder":"on","_et_pb_old_content":"<p>[et_pb_section fb_built=\"1\" _builder_version=\"4.14.7\" _module_preset=\"default\" global_colors_info=\"{}\"][et_pb_row _builder_version=\"4.14.7\" _module_preset=\"default\" hover_enabled=\"0\" global_colors_info=\"{}\" custom_padding=\"||0px||false|false\" sticky_enabled=\"0\"][et_pb_column type=\"4_4\" _builder_version=\"4.14.7\" _module_preset=\"default\" global_colors_info=\"{}\"][et_pb_text admin_label=\"Zentralsteuerger\u00e4t 611\" _builder_version=\"4.14.7\" _module_preset=\"default\" global_colors_info=\"{}\"]<\/p><h2>Zentralsteuerger\u00e4t 611<\/h2><p>[\/et_pb_text][\/et_pb_column][\/et_pb_row][et_pb_row column_structure=\"2_3,1_3\" _builder_version=\"4.14.7\" _module_preset=\"default\" global_colors_info=\"{}\"][et_pb_column type=\"2_3\" _builder_version=\"4.14.7\" _module_preset=\"default\" global_colors_info=\"{}\"][et_pb_text admin_label=\"Text\" module_class=\"product-content\" _builder_version=\"4.14.7\" _module_preset=\"default\" global_colors_info=\"{}\"]<\/p><h3>Mikrocomputer zur Ansteuerung von Speicherheizger\u00e4ten<\/h3><p>Die AS 611 ist eine Aufladesteuerung, bei der modernste Mikrocomputertechnologie zum Einsatz kommt. Die Aufladeautomatik der AS 611 bestimmt die Lademenge f\u00fcr elektrische Speicherheizger\u00e4te nach Au\u00dfentemperatur und Restw\u00e4rme. Sie ist geeignet zum Ansteuern von Speicherheizger\u00e4ten mit thermomechanischen Aufladereglern (beheizbare Fl\u00fcssigkeitsthermostate, Kapillarf\u00fchler, Thermosch\u00fctz).<\/p><p>Neben der A1-Signalableitung und -Signaloptimierung ist die AS 611 Pin-kompatibel zum Vorg\u00e4ngermodell AS 511 und besitzt einen separaten Sch\u00fctzausgang. Die Funktionskontrolle der Aufladesteuerung erfolgt durch gleichzeitiges Dr\u00fccken der Tasten \u201eLS\u201c und \u201eE2\u201c. Die Unterdr\u00fcckung (TS) der Tag-Nachladung ist zudem einstellbar zwischen -10\u00b0 C bis +10\u00b0 C.<\/p><ul><li>Berechnung der Kennlinie nach der Tagesmitteltemperatur<\/li><li>Genauste Einstellung der Potentiometer durch Anzeige des<br \/>eingestellten Wertes auf dem Display<\/li><li>Selbst anpassendes Zeitglied<\/li><li>Beliebige Unterbrechungen werden vom Zeitglied ausgeglichen<\/li><li>4-stellige LCD-Anzeige mit zus\u00e4tzlicher Anzeige des Ger\u00e4te-Istzustandes<\/li><li>Erkennung einer Fehleinstellung<\/li><li>F\u00fchler-Bruch-, bzw. Kurzschlu\u00dferkennung<\/li><li>Optimale Einstellm\u00f6glichkeiten der Tag-Nachladung<\/li><li>Ladeschwerpunkt stufenlos von Vorw\u00e4rtssteuerung \u00fcber<\/li><li>Mittelspreizung bis R\u00fcckw\u00e4rtssteuerung einstellbar<\/li><\/ul><p>[\/et_pb_text][\/et_pb_column][et_pb_column type=\"1_3\" _builder_version=\"4.14.7\" _module_preset=\"default\" global_colors_info=\"{}\"][et_pb_image src=\"https:\/\/betaregeltechnik.frensch.de\/wp-content\/uploads\/DSC_1856_611.jpg\" title_text=\"DSC_1856_611\" _builder_version=\"4.14.7\" _module_preset=\"default\" custom_margin=\"||0px||false|false\" global_colors_info=\"{}\"][\/et_pb_image][et_pb_image src=\"https:\/\/betaregeltechnik.frensch.de\/wp-content\/uploads\/TZ_611.png\" title_text=\"TZ_611\" _builder_version=\"4.14.7\" _module_preset=\"default\" global_colors_info=\"{}\"][\/et_pb_image][et_pb_text _builder_version=\"4.14.7\" _module_preset=\"default\" global_colors_info=\"{}\"]<\/p><h2>Downloads<\/h2><p>[wpdm_package id='73' template=\"link-template-widget\"]<br \/>[wpdm_package id='86' template=\"link-template-widget\"][\/et_pb_text][\/et_pb_column][\/et_pb_row][\/et_pb_section]<\/p>","_et_gb_content_width":"","footnotes":""},"class_list":["post-393","page","type-page","status-publish","hentry"],"yoast_head":"<!-- This site is optimized with the Yoast SEO plugin v23.6 - https:\/\/yoast.com\/wordpress\/plugins\/seo\/ -->\n<title>AS 611 - Frensch-Regeltechnik<\/title>\n<meta name=\"robots\" content=\"index, follow, max-snippet:-1, max-image-preview:large, max-video-preview:-1\" \/>\n<link rel=\"canonical\" href=\"https:\/\/regeltechnik.frensch.de\/fr\/prodouits\/as-611\/\" \/>\n<meta property=\"og:locale\" content=\"fr_FR\" \/>\n<meta property=\"og:type\" content=\"article\" \/>\n<meta property=\"og:title\" content=\"AS 611 - Frensch-Regeltechnik\" \/>\n<meta property=\"og:description\" content=\"Appareil de commande 611 pour centrale de chauffagesMicroprocesseur pour la commande de chauffages \u00e0 accumulation La production et le support de ce contr\u00f4leur de charge seront bient\u00f4t interrompus.Les ventes ne sont disponibles que jusqu&#039;\u00e0 \u00e9puisement des stocks. L\u2019AS 611 est une commande de charge qui utilise la technologie informatique la plus moderne. Le dispositif de [&hellip;]\" \/>\n<meta property=\"og:url\" content=\"https:\/\/regeltechnik.frensch.de\/fr\/prodouits\/as-611\/\" \/>\n<meta property=\"og:site_name\" content=\"Frensch-Regeltechnik\" \/>\n<meta property=\"article:modified_time\" content=\"2024-10-14T11:52:46+00:00\" \/>\n<meta name=\"twitter:card\" content=\"summary_large_image\" \/>\n<meta name=\"twitter:label1\" content=\"Dur\u00e9e de lecture estim\u00e9e\" \/>\n\t<meta name=\"twitter:data1\" content=\"2 minutes\" \/>\n<script type=\"application\/ld+json\" class=\"yoast-schema-graph\">{\"@context\":\"https:\/\/schema.org\",\"@graph\":[{\"@type\":\"WebPage\",\"@id\":\"https:\/\/regeltechnik.frensch.de\/fr\/prodouits\/as-611\/\",\"url\":\"https:\/\/regeltechnik.frensch.de\/fr\/prodouits\/as-611\/\",\"name\":\"AS 611 - Frensch-Regeltechnik\",\"isPartOf\":{\"@id\":\"https:\/\/regeltechnik.frensch.de\/fr\/#website\"},\"datePublished\":\"2023-02-04T14:51:12+00:00\",\"dateModified\":\"2024-10-14T11:52:46+00:00\",\"breadcrumb\":{\"@id\":\"https:\/\/regeltechnik.frensch.de\/fr\/prodouits\/as-611\/#breadcrumb\"},\"inLanguage\":\"fr-FR\",\"potentialAction\":[{\"@type\":\"ReadAction\",\"target\":[\"https:\/\/regeltechnik.frensch.de\/fr\/prodouits\/as-611\/\"]}]},{\"@type\":\"BreadcrumbList\",\"@id\":\"https:\/\/regeltechnik.frensch.de\/fr\/prodouits\/as-611\/#breadcrumb\",\"itemListElement\":[{\"@type\":\"ListItem\",\"position\":1,\"name\":\"Startseite\",\"item\":\"https:\/\/regeltechnik.frensch.de\/fr\/\"},{\"@type\":\"ListItem\",\"position\":2,\"name\":\"Prodouits\",\"item\":\"https:\/\/regeltechnik.frensch.de\/fr\/prodouits\/\"},{\"@type\":\"ListItem\",\"position\":3,\"name\":\"AS 611\"}]},{\"@type\":\"WebSite\",\"@id\":\"https:\/\/regeltechnik.frensch.de\/fr\/#website\",\"url\":\"https:\/\/regeltechnik.frensch.de\/fr\/\",\"name\":\"Frensch-Regeltechnik\",\"description\":\"\",\"publisher\":{\"@id\":\"https:\/\/regeltechnik.frensch.de\/fr\/#organization\"},\"potentialAction\":[{\"@type\":\"SearchAction\",\"target\":{\"@type\":\"EntryPoint\",\"urlTemplate\":\"https:\/\/regeltechnik.frensch.de\/fr\/?s={search_term_string}\"},\"query-input\":{\"@type\":\"PropertyValueSpecification\",\"valueRequired\":true,\"valueName\":\"search_term_string\"}}],\"inLanguage\":\"fr-FR\"},{\"@type\":\"Organization\",\"@id\":\"https:\/\/regeltechnik.frensch.de\/fr\/#organization\",\"name\":\"Frensch GmbH\",\"url\":\"https:\/\/regeltechnik.frensch.de\/fr\/\",\"logo\":{\"@type\":\"ImageObject\",\"inLanguage\":\"fr-FR\",\"@id\":\"https:\/\/regeltechnik.frensch.de\/fr\/#\/schema\/logo\/image\/\",\"url\":\"https:\/\/betaregeltechnik.frensch.de\/wp-content\/uploads\/FFB959F7-5A1F-4613-AB53-4D53CDE0F327.png\",\"contentUrl\":\"https:\/\/betaregeltechnik.frensch.de\/wp-content\/uploads\/FFB959F7-5A1F-4613-AB53-4D53CDE0F327.png\",\"width\":136,\"height\":136,\"caption\":\"Frensch GmbH\"},\"image\":{\"@id\":\"https:\/\/regeltechnik.frensch.de\/fr\/#\/schema\/logo\/image\/\"}}]}<\/script>\n<!-- \/ Yoast SEO plugin. -->","yoast_head_json":{"title":"AS 611 - Frensch-Regeltechnik","robots":{"index":"index","follow":"follow","max-snippet":"max-snippet:-1","max-image-preview":"max-image-preview:large","max-video-preview":"max-video-preview:-1"},"canonical":"https:\/\/regeltechnik.frensch.de\/fr\/prodouits\/as-611\/","og_locale":"fr_FR","og_type":"article","og_title":"AS 611 - Frensch-Regeltechnik","og_description":"Appareil de commande 611 pour centrale de chauffagesMicroprocesseur pour la commande de chauffages \u00e0 accumulation La production et le support de ce contr\u00f4leur de charge seront bient\u00f4t interrompus.Les ventes ne sont disponibles que jusqu'\u00e0 \u00e9puisement des stocks. L\u2019AS 611 est une commande de charge qui utilise la technologie informatique la plus moderne. Le dispositif de [&hellip;]","og_url":"https:\/\/regeltechnik.frensch.de\/fr\/prodouits\/as-611\/","og_site_name":"Frensch-Regeltechnik","article_modified_time":"2024-10-14T11:52:46+00:00","twitter_card":"summary_large_image","twitter_misc":{"Dur\u00e9e de lecture estim\u00e9e":"2 minutes"},"schema":{"@context":"https:\/\/schema.org","@graph":[{"@type":"WebPage","@id":"https:\/\/regeltechnik.frensch.de\/fr\/prodouits\/as-611\/","url":"https:\/\/regeltechnik.frensch.de\/fr\/prodouits\/as-611\/","name":"AS 611 - Frensch-Regeltechnik","isPartOf":{"@id":"https:\/\/regeltechnik.frensch.de\/fr\/#website"},"datePublished":"2023-02-04T14:51:12+00:00","dateModified":"2024-10-14T11:52:46+00:00","breadcrumb":{"@id":"https:\/\/regeltechnik.frensch.de\/fr\/prodouits\/as-611\/#breadcrumb"},"inLanguage":"fr-FR","potentialAction":[{"@type":"ReadAction","target":["https:\/\/regeltechnik.frensch.de\/fr\/prodouits\/as-611\/"]}]},{"@type":"BreadcrumbList","@id":"https:\/\/regeltechnik.frensch.de\/fr\/prodouits\/as-611\/#breadcrumb","itemListElement":[{"@type":"ListItem","position":1,"name":"Startseite","item":"https:\/\/regeltechnik.frensch.de\/fr\/"},{"@type":"ListItem","position":2,"name":"Prodouits","item":"https:\/\/regeltechnik.frensch.de\/fr\/prodouits\/"},{"@type":"ListItem","position":3,"name":"AS 611"}]},{"@type":"WebSite","@id":"https:\/\/regeltechnik.frensch.de\/fr\/#website","url":"https:\/\/regeltechnik.frensch.de\/fr\/","name":"Frensch-Regeltechnik","description":"","publisher":{"@id":"https:\/\/regeltechnik.frensch.de\/fr\/#organization"},"potentialAction":[{"@type":"SearchAction","target":{"@type":"EntryPoint","urlTemplate":"https:\/\/regeltechnik.frensch.de\/fr\/?s={search_term_string}"},"query-input":{"@type":"PropertyValueSpecification","valueRequired":true,"valueName":"search_term_string"}}],"inLanguage":"fr-FR"},{"@type":"Organization","@id":"https:\/\/regeltechnik.frensch.de\/fr\/#organization","name":"Frensch GmbH","url":"https:\/\/regeltechnik.frensch.de\/fr\/","logo":{"@type":"ImageObject","inLanguage":"fr-FR","@id":"https:\/\/regeltechnik.frensch.de\/fr\/#\/schema\/logo\/image\/","url":"https:\/\/betaregeltechnik.frensch.de\/wp-content\/uploads\/FFB959F7-5A1F-4613-AB53-4D53CDE0F327.png","contentUrl":"https:\/\/betaregeltechnik.frensch.de\/wp-content\/uploads\/FFB959F7-5A1F-4613-AB53-4D53CDE0F327.png","width":136,"height":136,"caption":"Frensch GmbH"},"image":{"@id":"https:\/\/regeltechnik.frensch.de\/fr\/#\/schema\/logo\/image\/"}}]}},"_links":{"self":[{"href":"https:\/\/regeltechnik.frensch.de\/fr\/wp-json\/wp\/v2\/pages\/393","targetHints":{"allow":["GET"]}}],"collection":[{"href":"https:\/\/regeltechnik.frensch.de\/fr\/wp-json\/wp\/v2\/pages"}],"about":[{"href":"https:\/\/regeltechnik.frensch.de\/fr\/wp-json\/wp\/v2\/types\/page"}],"author":[{"embeddable":true,"href":"https:\/\/regeltechnik.frensch.de\/fr\/wp-json\/wp\/v2\/users\/1"}],"replies":[{"embeddable":true,"href":"https:\/\/regeltechnik.frensch.de\/fr\/wp-json\/wp\/v2\/comments?post=393"}],"version-history":[{"count":5,"href":"https:\/\/regeltechnik.frensch.de\/fr\/wp-json\/wp\/v2\/pages\/393\/revisions"}],"predecessor-version":[{"id":817,"href":"https:\/\/regeltechnik.frensch.de\/fr\/wp-json\/wp\/v2\/pages\/393\/revisions\/817"}],"up":[{"embeddable":true,"href":"https:\/\/regeltechnik.frensch.de\/fr\/wp-json\/wp\/v2\/pages\/273"}],"wp:attachment":[{"href":"https:\/\/regeltechnik.frensch.de\/fr\/wp-json\/wp\/v2\/media?parent=393"}],"curies":[{"name":"wp","href":"https:\/\/api.w.org\/{rel}","templated":true}]}}