{"id":273,"date":"2023-02-04T15:49:07","date_gmt":"2023-02-04T14:49:07","guid":{"rendered":"https:\/\/betaregeltechnik.frensch.de\/?page_id=273"},"modified":"2023-02-06T08:01:54","modified_gmt":"2023-02-06T07:01:54","slug":"prodouits","status":"publish","type":"page","link":"https:\/\/regeltechnik.frensch.de\/fr\/prodouits\/","title":{"rendered":"Prodouits"},"content":{"rendered":"<p>[et_pb_section fb_built=\u00a0\u00bb1&Prime; _builder_version=\u00a0\u00bb4.16&Prime; _module_preset=\u00a0\u00bbdefault\u00a0\u00bb global_colors_info=\u00a0\u00bb{}\u00a0\u00bb][et_pb_row _builder_version=\u00a0\u00bb4.16&Prime; _module_preset=\u00a0\u00bbdefault\u00a0\u00bb global_colors_info=\u00a0\u00bb{}\u00a0\u00bb][et_pb_column type=\u00a0\u00bb4_4&Prime; _builder_version=\u00a0\u00bb4.16&Prime; _module_preset=\u00a0\u00bbdefault\u00a0\u00bb global_colors_info=\u00a0\u00bb{}\u00a0\u00bb][et_pb_text admin_label=\u00a0\u00bbLes commandes de charge\u00a0\u00bb _builder_version=\u00a0\u00bb4.19.5&Prime; _module_preset=\u00a0\u00bbdefault\u00a0\u00bb hover_enabled=\u00a0\u00bb0&Prime; global_colors_info=\u00a0\u00bb{}\u00a0\u00bb sticky_enabled=\u00a0\u00bb0&Prime;]<\/p>\n<h2>Les commandes de charge<\/h2>\n<p>[\/et_pb_text][et_pb_text admin_label=\u00a0\u00bbText\u00a0\u00bb _builder_version=\u00a0\u00bb4.19.5&Prime; _module_preset=\u00a0\u00bbdefault\u00a0\u00bb hover_enabled=\u00a0\u00bb0&Prime; global_colors_info=\u00a0\u00bb{}\u00a0\u00bb sticky_enabled=\u00a0\u00bb0&Prime;]La toute derni\u00e8re g\u00e9n\u00e9ration des commandes de charge Frensch dont les mod\u00e8les portent la d\u00e9signation AS 61.. est caract\u00e9ris\u00e9e par de nouveaux contr\u00f4leurs et un logiciel optimis\u00e9. Les appareils de cette s\u00e9rie sont en outre tous dot\u00e9s d\u2019une programmation am\u00e9lior\u00e9e et de nouvelles fonctions suppl\u00e9mentaires utiles, ce qui les rend encore plus performants, plus efficients et plus agr\u00e9ables \u00e0 utiliser. Le tableau suivant vous donne un aper\u00e7u des fonctions de la nouvelle s\u00e9rie AS 61..[\/et_pb_text][dvmd_table_maker _builder_version=\u00a0\u00bb4.16&Prime; _module_preset=\u00a0\u00bbdefault\u00a0\u00bb custom_margin=\u00a0\u00bb-20px||||false|false\u00a0\u00bb global_colors_info=\u00a0\u00bb{}\u00a0\u00bb][dvmd_table_maker_item col_label=\u00a0\u00bbGer\u00e4tetyp\u00a0\u00bb col_content=\u00a0\u00bbGer\u00e4tetyp<br \/>\nA1 signal opzimization<br \/>\nHeating phase for drying screed<br \/>\nRuntime monitoring<br \/>\nDay suppression (TS)<br \/>\nSwitch to weather sensor WF-E\/WF-N<br \/>\nQuery for contactor\u00b4s charge time<br \/>\nFunction check on startup (LS+E2)<br \/>\nA1 signal<br \/>\nSH output\u00a0\u00bb _builder_version=\u00a0\u00bb4.16&Prime; _module_preset=\u00a0\u00bbdefault\u00a0\u00bb global_colors_info=\u00a0\u00bb{}\u00a0\u00bb][\/dvmd_table_maker_item][dvmd_table_maker_item col_label=\u00a0\u00bbAS 6180&Prime; col_content=\u00a0\u00bbAS 6180<\/p>\n<p>\u00b7<br \/>\n\u00b7<br \/>\n\u00b7<\/p>\n<p>\u00b7\u00a0\u00bb _builder_version=\u00a0\u00bb4.16&Prime; _module_preset=\u00a0\u00bbdefault\u00a0\u00bb global_colors_info=\u00a0\u00bb{}\u00a0\u00bb][\/dvmd_table_maker_item][dvmd_table_maker_item col_label=\u00a0\u00bbAS 6190&Prime; col_content=\u00a0\u00bbAS 6190<\/p>\n<p>\u00b7<br \/>\n\u00b7<br \/>\n\u00b7<\/p>\n<p>\u00b7<br \/>\n\u00b7<br \/>\n\u00a0\u00bb _builder_version=\u00a0\u00bb4.16&Prime; _module_preset=\u00a0\u00bbdefault\u00a0\u00bb global_colors_info=\u00a0\u00bb{}\u00a0\u00bb][\/dvmd_table_maker_item][dvmd_table_maker_item col_label=\u00a0\u00bbAS 6194&Prime; col_content=\u00a0\u00bbAS 6194<\/p>\n<p>\u00b7\u00a0\u00bb _builder_version=\u00a0\u00bb4.16&Prime; _module_preset=\u00a0\u00bbdefault\u00a0\u00bb global_colors_info=\u00a0\u00bb{}\u00a0\u00bb][\/dvmd_table_maker_item][dvmd_table_maker_item col_label=\u00a0\u00bbAS 6195&Prime; col_content=\u00a0\u00bbAS 6195<\/p>\n<p>\u00b7\u00a0\u00bb _builder_version=\u00a0\u00bb4.16&Prime; _module_preset=\u00a0\u00bbdefault\u00a0\u00bb global_colors_info=\u00a0\u00bb{}\u00a0\u00bb][\/dvmd_table_maker_item][dvmd_table_maker_item col_label=\u00a0\u00bbAS 611&Prime; col_content=\u00a0\u00bbAS 611<br \/>\n\u00b7<\/p>\n<p>\u00b7<br \/>\n\u00b7<\/p>\n<p>\u00b7<br \/>\n\u00b7<br \/>\n\u00b7\u00a0\u00bb _builder_version=\u00a0\u00bb4.16&Prime; _module_preset=\u00a0\u00bbdefault\u00a0\u00bb global_colors_info=\u00a0\u00bb{}\u00a0\u00bb][\/dvmd_table_maker_item][dvmd_table_maker_item col_label=\u00a0\u00bbAS 6184&Prime; col_content=\u00a0\u00bbAS 6184<\/p>\n<p>\u00b7<\/p>\n<p>\u00b7<br \/>\n\u00b7<br \/>\n\u00b7<\/p>\n<p>\u00b7\u00a0\u00bb _builder_version=\u00a0\u00bb4.16&Prime; _module_preset=\u00a0\u00bbdefault\u00a0\u00bb global_colors_info=\u00a0\u00bb{}\u00a0\u00bb][\/dvmd_table_maker_item][\/dvmd_table_maker][et_pb_text admin_label=\u00a0\u00bbATTENTION\u00a0\u00bb _builder_version=\u00a0\u00bb4.16&Prime; _module_preset=\u00a0\u00bbdefault\u00a0\u00bb custom_margin=\u00a0\u00bb40px||||false|false\u00a0\u00bb global_colors_info=\u00a0\u00bb{}\u00a0\u00bb]<\/p>\n<h4>ATTENTION!<\/h4>\n<p>Les appareils de la nouvelle g\u00e9n\u00e9ration s\u2019utilisent de la m\u00eame mani\u00e8re et sont dot\u00e9s d\u2019un r\u00e9glage individuel en fonction de la sensation de chaleur personnelle et des caract\u00e9ristiques respectifs de l\u2019installation. Les valeurs de r\u00e9f\u00e9rence peuvent, par pression sur une touche, \u00eatre repr\u00e9sent\u00e9es \u00e0 l\u2019\u00e9cran de la commande de charge ; pour les modifier, se servir des \u00e9l\u00e9ments de r\u00e9glage juste au-dessous.<\/p>\n<p>[\/et_pb_text][\/et_pb_column][\/et_pb_row][\/et_pb_section]<\/p>\n","protected":false},"excerpt":{"rendered":"<p>Les commandes de chargeLa toute derni\u00e8re g\u00e9n\u00e9ration des commandes de charge Frensch dont les mod\u00e8les portent la d\u00e9signation AS 61.. est caract\u00e9ris\u00e9e par de nouveaux contr\u00f4leurs et un logiciel optimis\u00e9. Les appareils de cette s\u00e9rie sont en outre tous dot\u00e9s d\u2019une programmation am\u00e9lior\u00e9e et de nouvelles fonctions suppl\u00e9mentaires utiles, ce qui les rend encore plus [&hellip;]<\/p>\n","protected":false},"author":1,"featured_media":0,"parent":0,"menu_order":0,"comment_status":"closed","ping_status":"closed","template":"","meta":{"_et_pb_use_builder":"on","_et_pb_old_content":"[et_pb_section fb_built=\"1\" _builder_version=\"4.14.7\" _module_preset=\"default\" global_colors_info=\"{}\"][et_pb_row _builder_version=\"4.14.7\" _module_preset=\"default\" global_colors_info=\"{}\"][et_pb_column type=\"4_4\" _builder_version=\"4.14.7\" _module_preset=\"default\" global_colors_info=\"{}\"][et_pb_text admin_label=\"The Frensch controllers\" _builder_version=\"4.14.7\" _module_preset=\"default\" hover_enabled=\"0\" global_colors_info=\"{}\" sticky_enabled=\"0\"]<h2>The Frensch controllers<\/h2>\r\nBearing the prefix AS61 the latest model generation of Frensch charge controllers boasts convincing new technology and enhanced software optimization. Moreover, all devices in this Series feature improved programming and new, helpful extra functions. This makes them even more powerful, efficient, and user-friendly. The following table presents an overview of the new AS 61 Series functions.[\/et_pb_text][dvmd_table_maker _builder_version=\"4.14.7\" _module_preset=\"default\" custom_margin=\"-20px||||false|false\" hover_enabled=\"0\" global_colors_info=\"{}\" sticky_enabled=\"0\"][dvmd_table_maker_item col_label=\"Ger\u00e4tetyp\" col_content=\"Ger\u00e4tetyp\r\nA1 signal opzimization\r\nHeating phase for drying screed\r\nRuntime monitoring\r\nDay suppression (TS)\r\nSwitch to weather sensor WF-E\/WF-N\r\nQuery for contactor\u00b4s charge time\r\nFunction check on startup (LS+E2)\r\nA1 signal\r\nSH output\" _builder_version=\"4.14.7\" _module_preset=\"default\" hover_enabled=\"0\" global_colors_info=\"{}\" sticky_enabled=\"0\"][\/dvmd_table_maker_item][dvmd_table_maker_item col_label=\"AS 6180\" col_content=\"AS 6180\r\n\r\n\r\n\r\n\r\n\u00b7\r\n\u00b7\r\n\u00b7\r\n\r\n\u00b7\" _builder_version=\"4.14.7\" _module_preset=\"default\" global_colors_info=\"{}\"][\/dvmd_table_maker_item][dvmd_table_maker_item col_label=\"AS 6190\" col_content=\"AS 6190\r\n\r\n\u00b7\r\n\u00b7\r\n\u00b7\r\n\r\n\r\n\u00b7\r\n\u00b7\r\n\" _builder_version=\"4.14.7\" _module_preset=\"default\" global_colors_info=\"{}\"][\/dvmd_table_maker_item][dvmd_table_maker_item col_label=\"AS 6194\" col_content=\"AS 6194\r\n\r\n\r\n\r\n\r\n\r\n\r\n\r\n\r\n\u00b7\" _builder_version=\"4.14.7\" _module_preset=\"default\" global_colors_info=\"{}\"][\/dvmd_table_maker_item][dvmd_table_maker_item col_label=\"AS 6195\" col_content=\"AS 6195\r\n\r\n\r\n\r\n\r\n\r\n\r\n\r\n\r\n\u00b7\" _builder_version=\"4.14.7\" _module_preset=\"default\" global_colors_info=\"{}\"][\/dvmd_table_maker_item][dvmd_table_maker_item col_label=\"AS 611\" col_content=\"AS 611\r\n\u00b7\r\n\r\n\u00b7\r\n\u00b7\r\n\r\n\r\n\u00b7\r\n\u00b7\r\n\u00b7\" _builder_version=\"4.14.7\" _module_preset=\"default\" global_colors_info=\"{}\"][\/dvmd_table_maker_item][dvmd_table_maker_item col_label=\"AS 6184\" col_content=\"AS 6184\r\n\r\n\r\n\u00b7\r\n\r\n\u00b7\r\n\u00b7\r\n\u00b7\r\n\r\n\u00b7\" _builder_version=\"4.14.7\" _module_preset=\"default\" global_colors_info=\"{}\"][\/dvmd_table_maker_item][\/dvmd_table_maker][et_pb_text admin_label=\"Important\" _builder_version=\"4.14.7\" _module_preset=\"default\" hover_enabled=\"0\" global_colors_info=\"{}\" sticky_enabled=\"0\"]<h2>IMPORTANT!<\/h2>\r\nAll devices of the new Frensch generation feature the same operating philosophy and can be configured to the individual user\u2019s sensitivity to heat and the installation\u2019s respective state. Every setpoint can be viewed and edited on the display at the touch of a button.[\/et_pb_text][\/et_pb_column][\/et_pb_row][\/et_pb_section]","_et_gb_content_width":"","footnotes":""},"class_list":["post-273","page","type-page","status-publish","hentry"],"yoast_head":"<!-- This site is optimized with the Yoast SEO plugin v23.6 - https:\/\/yoast.com\/wordpress\/plugins\/seo\/ -->\n<title>Prodouits - Frensch-Regeltechnik<\/title>\n<meta name=\"robots\" content=\"index, follow, max-snippet:-1, max-image-preview:large, max-video-preview:-1\" \/>\n<link rel=\"canonical\" href=\"https:\/\/regeltechnik.frensch.de\/fr\/prodouits\/\" \/>\n<meta property=\"og:locale\" content=\"fr_FR\" \/>\n<meta property=\"og:type\" content=\"article\" \/>\n<meta property=\"og:title\" content=\"Prodouits - Frensch-Regeltechnik\" \/>\n<meta property=\"og:description\" content=\"Les commandes de chargeLa toute derni\u00e8re g\u00e9n\u00e9ration des commandes de charge Frensch dont les mod\u00e8les portent la d\u00e9signation AS 61.. est caract\u00e9ris\u00e9e par de nouveaux contr\u00f4leurs et un logiciel optimis\u00e9. Les appareils de cette s\u00e9rie sont en outre tous dot\u00e9s d\u2019une programmation am\u00e9lior\u00e9e et de nouvelles fonctions suppl\u00e9mentaires utiles, ce qui les rend encore plus [&hellip;]\" \/>\n<meta property=\"og:url\" content=\"https:\/\/regeltechnik.frensch.de\/fr\/prodouits\/\" \/>\n<meta property=\"og:site_name\" content=\"Frensch-Regeltechnik\" \/>\n<meta property=\"article:modified_time\" content=\"2023-02-06T07:01:54+00:00\" \/>\n<meta name=\"twitter:card\" content=\"summary_large_image\" \/>\n<meta name=\"twitter:label1\" content=\"Dur\u00e9e de lecture estim\u00e9e\" \/>\n\t<meta name=\"twitter:data1\" content=\"2 minutes\" \/>\n<script type=\"application\/ld+json\" class=\"yoast-schema-graph\">{\"@context\":\"https:\/\/schema.org\",\"@graph\":[{\"@type\":\"WebPage\",\"@id\":\"https:\/\/regeltechnik.frensch.de\/fr\/prodouits\/\",\"url\":\"https:\/\/regeltechnik.frensch.de\/fr\/prodouits\/\",\"name\":\"Prodouits - Frensch-Regeltechnik\",\"isPartOf\":{\"@id\":\"https:\/\/regeltechnik.frensch.de\/fr\/#website\"},\"datePublished\":\"2023-02-04T14:49:07+00:00\",\"dateModified\":\"2023-02-06T07:01:54+00:00\",\"breadcrumb\":{\"@id\":\"https:\/\/regeltechnik.frensch.de\/fr\/prodouits\/#breadcrumb\"},\"inLanguage\":\"fr-FR\",\"potentialAction\":[{\"@type\":\"ReadAction\",\"target\":[\"https:\/\/regeltechnik.frensch.de\/fr\/prodouits\/\"]}]},{\"@type\":\"BreadcrumbList\",\"@id\":\"https:\/\/regeltechnik.frensch.de\/fr\/prodouits\/#breadcrumb\",\"itemListElement\":[{\"@type\":\"ListItem\",\"position\":1,\"name\":\"Startseite\",\"item\":\"https:\/\/regeltechnik.frensch.de\/fr\/\"},{\"@type\":\"ListItem\",\"position\":2,\"name\":\"Prodouits\"}]},{\"@type\":\"WebSite\",\"@id\":\"https:\/\/regeltechnik.frensch.de\/fr\/#website\",\"url\":\"https:\/\/regeltechnik.frensch.de\/fr\/\",\"name\":\"Frensch-Regeltechnik\",\"description\":\"\",\"publisher\":{\"@id\":\"https:\/\/regeltechnik.frensch.de\/fr\/#organization\"},\"potentialAction\":[{\"@type\":\"SearchAction\",\"target\":{\"@type\":\"EntryPoint\",\"urlTemplate\":\"https:\/\/regeltechnik.frensch.de\/fr\/?s={search_term_string}\"},\"query-input\":{\"@type\":\"PropertyValueSpecification\",\"valueRequired\":true,\"valueName\":\"search_term_string\"}}],\"inLanguage\":\"fr-FR\"},{\"@type\":\"Organization\",\"@id\":\"https:\/\/regeltechnik.frensch.de\/fr\/#organization\",\"name\":\"Frensch GmbH\",\"url\":\"https:\/\/regeltechnik.frensch.de\/fr\/\",\"logo\":{\"@type\":\"ImageObject\",\"inLanguage\":\"fr-FR\",\"@id\":\"https:\/\/regeltechnik.frensch.de\/fr\/#\/schema\/logo\/image\/\",\"url\":\"https:\/\/betaregeltechnik.frensch.de\/wp-content\/uploads\/FFB959F7-5A1F-4613-AB53-4D53CDE0F327.png\",\"contentUrl\":\"https:\/\/betaregeltechnik.frensch.de\/wp-content\/uploads\/FFB959F7-5A1F-4613-AB53-4D53CDE0F327.png\",\"width\":136,\"height\":136,\"caption\":\"Frensch GmbH\"},\"image\":{\"@id\":\"https:\/\/regeltechnik.frensch.de\/fr\/#\/schema\/logo\/image\/\"}}]}<\/script>\n<!-- \/ Yoast SEO plugin. -->","yoast_head_json":{"title":"Prodouits - Frensch-Regeltechnik","robots":{"index":"index","follow":"follow","max-snippet":"max-snippet:-1","max-image-preview":"max-image-preview:large","max-video-preview":"max-video-preview:-1"},"canonical":"https:\/\/regeltechnik.frensch.de\/fr\/prodouits\/","og_locale":"fr_FR","og_type":"article","og_title":"Prodouits - Frensch-Regeltechnik","og_description":"Les commandes de chargeLa toute derni\u00e8re g\u00e9n\u00e9ration des commandes de charge Frensch dont les mod\u00e8les portent la d\u00e9signation AS 61.. est caract\u00e9ris\u00e9e par de nouveaux contr\u00f4leurs et un logiciel optimis\u00e9. Les appareils de cette s\u00e9rie sont en outre tous dot\u00e9s d\u2019une programmation am\u00e9lior\u00e9e et de nouvelles fonctions suppl\u00e9mentaires utiles, ce qui les rend encore plus [&hellip;]","og_url":"https:\/\/regeltechnik.frensch.de\/fr\/prodouits\/","og_site_name":"Frensch-Regeltechnik","article_modified_time":"2023-02-06T07:01:54+00:00","twitter_card":"summary_large_image","twitter_misc":{"Dur\u00e9e de lecture estim\u00e9e":"2 minutes"},"schema":{"@context":"https:\/\/schema.org","@graph":[{"@type":"WebPage","@id":"https:\/\/regeltechnik.frensch.de\/fr\/prodouits\/","url":"https:\/\/regeltechnik.frensch.de\/fr\/prodouits\/","name":"Prodouits - Frensch-Regeltechnik","isPartOf":{"@id":"https:\/\/regeltechnik.frensch.de\/fr\/#website"},"datePublished":"2023-02-04T14:49:07+00:00","dateModified":"2023-02-06T07:01:54+00:00","breadcrumb":{"@id":"https:\/\/regeltechnik.frensch.de\/fr\/prodouits\/#breadcrumb"},"inLanguage":"fr-FR","potentialAction":[{"@type":"ReadAction","target":["https:\/\/regeltechnik.frensch.de\/fr\/prodouits\/"]}]},{"@type":"BreadcrumbList","@id":"https:\/\/regeltechnik.frensch.de\/fr\/prodouits\/#breadcrumb","itemListElement":[{"@type":"ListItem","position":1,"name":"Startseite","item":"https:\/\/regeltechnik.frensch.de\/fr\/"},{"@type":"ListItem","position":2,"name":"Prodouits"}]},{"@type":"WebSite","@id":"https:\/\/regeltechnik.frensch.de\/fr\/#website","url":"https:\/\/regeltechnik.frensch.de\/fr\/","name":"Frensch-Regeltechnik","description":"","publisher":{"@id":"https:\/\/regeltechnik.frensch.de\/fr\/#organization"},"potentialAction":[{"@type":"SearchAction","target":{"@type":"EntryPoint","urlTemplate":"https:\/\/regeltechnik.frensch.de\/fr\/?s={search_term_string}"},"query-input":{"@type":"PropertyValueSpecification","valueRequired":true,"valueName":"search_term_string"}}],"inLanguage":"fr-FR"},{"@type":"Organization","@id":"https:\/\/regeltechnik.frensch.de\/fr\/#organization","name":"Frensch GmbH","url":"https:\/\/regeltechnik.frensch.de\/fr\/","logo":{"@type":"ImageObject","inLanguage":"fr-FR","@id":"https:\/\/regeltechnik.frensch.de\/fr\/#\/schema\/logo\/image\/","url":"https:\/\/betaregeltechnik.frensch.de\/wp-content\/uploads\/FFB959F7-5A1F-4613-AB53-4D53CDE0F327.png","contentUrl":"https:\/\/betaregeltechnik.frensch.de\/wp-content\/uploads\/FFB959F7-5A1F-4613-AB53-4D53CDE0F327.png","width":136,"height":136,"caption":"Frensch GmbH"},"image":{"@id":"https:\/\/regeltechnik.frensch.de\/fr\/#\/schema\/logo\/image\/"}}]}},"_links":{"self":[{"href":"https:\/\/regeltechnik.frensch.de\/fr\/wp-json\/wp\/v2\/pages\/273","targetHints":{"allow":["GET"]}}],"collection":[{"href":"https:\/\/regeltechnik.frensch.de\/fr\/wp-json\/wp\/v2\/pages"}],"about":[{"href":"https:\/\/regeltechnik.frensch.de\/fr\/wp-json\/wp\/v2\/types\/page"}],"author":[{"embeddable":true,"href":"https:\/\/regeltechnik.frensch.de\/fr\/wp-json\/wp\/v2\/users\/1"}],"replies":[{"embeddable":true,"href":"https:\/\/regeltechnik.frensch.de\/fr\/wp-json\/wp\/v2\/comments?post=273"}],"version-history":[{"count":7,"href":"https:\/\/regeltechnik.frensch.de\/fr\/wp-json\/wp\/v2\/pages\/273\/revisions"}],"predecessor-version":[{"id":456,"href":"https:\/\/regeltechnik.frensch.de\/fr\/wp-json\/wp\/v2\/pages\/273\/revisions\/456"}],"wp:attachment":[{"href":"https:\/\/regeltechnik.frensch.de\/fr\/wp-json\/wp\/v2\/media?parent=273"}],"curies":[{"name":"wp","href":"https:\/\/api.w.org\/{rel}","templated":true}]}}