{"id":216,"date":"2023-02-04T15:49:24","date_gmt":"2023-02-04T14:49:24","guid":{"rendered":"https:\/\/betaregeltechnik.frensch.de\/?page_id=216"},"modified":"2023-02-04T22:07:07","modified_gmt":"2023-02-04T21:07:07","slug":"systemes-de-chauffage","status":"publish","type":"page","link":"https:\/\/regeltechnik.frensch.de\/fr\/systemes-de-chauffage\/","title":{"rendered":"Syst\u00e9mes de chauffage"},"content":{"rendered":"<p>[et_pb_section fb_built=\u00a0\u00bb1&Prime; _builder_version=\u00a0\u00bb4.14.7&Prime; _module_preset=\u00a0\u00bbdefault\u00a0\u00bb global_colors_info=\u00a0\u00bb{}\u00a0\u00bb][et_pb_row _builder_version=\u00a0\u00bb4.14.7&Prime; _module_preset=\u00a0\u00bbdefault\u00a0\u00bb global_colors_info=\u00a0\u00bb{}\u00a0\u00bb][et_pb_column type=\u00a0\u00bb4_4&Prime; _builder_version=\u00a0\u00bb4.14.7&Prime; _module_preset=\u00a0\u00bbdefault\u00a0\u00bb global_colors_info=\u00a0\u00bb{}\u00a0\u00bb][et_pb_text admin_label=\u00a0\u00bbLes syst\u00e9mes de chauffage\u00a0\u00bb _builder_version=\u00a0\u00bb4.14.7&Prime; _module_preset=\u00a0\u00bbdefault\u00a0\u00bb hover_enabled=\u00a0\u00bb0&Prime; global_colors_info=\u00a0\u00bb{}\u00a0\u00bb sticky_enabled=\u00a0\u00bb0&Prime;]<\/p>\n<h2>Les syst\u00e9mes de chauffage<\/h2>\n<p>&nbsp;<\/p>\n<h3>Accumulateurs centraux eau chaude\/mati\u00e8re solide<\/h3>\n<p>Ces syst\u00e8mes de chauffage sont con\u00e7us pour \u00eatre install\u00e9s dans les maisons individuelles et les immeubles collectifs, dans les entreprises artisanales et industrielles et peuvent \u00eatre raccord\u00e9s \u00e0 des installations de chauffage central. La temp\u00e9rature ambiante d\u00e9sir\u00e9e provient de radiateurs, de chauffages par le sol ou par air.<\/p>\n<p>&nbsp;<\/p>\n<h3>Accumulateurs d\u2019eau chaude \u00e0 \u00eelot<\/h3>\n<p>Il existe deux syst\u00e8mes de pr\u00e9paration d\u2019eau chaude : le chauffage central \u00e0 accumulation comprenant un agr\u00e9gat de chauffage (chauffe-eau instantan\u00e9 \u00e9lectrique) avec un bloc d\u2019emmagasinage d\u2019eau form\u00e9 par des r\u00e9servoirs \u00e0 accumulation.<\/p>\n<p>Des r\u00e9servoirs \u00e0 accumulation d\u2019eau qui sont align\u00e9s les uns aux autres en fonction de la taille de l\u2019installation.<\/p>\n<p>Dans les deux variantes, un chauffage ohmique produisant de l\u2019eau chaude est int\u00e9gr\u00e9 dans les r\u00e9servoirs.<\/p>\n<p>&nbsp;<\/p>\n<h3>Accumulateurs \u00e0 mati\u00e8re solide<\/h3>\n<p>Des \u00e9l\u00e9ments de chauffage \u00e9lectrique transforment l\u2019\u00e9nergie \u00e9lectrique en chaleur et chauffent le noyau accumulateur (bloc de pierres accumulatrices). Lors de la diffusion, l\u2019air circule au-dessus du noyau accumulateur et traverse l\u2019\u00e9changeur thermique qui transmet la chaleur \u00e0 l\u2019eau chaude.<\/p>\n<p>&nbsp;<\/p>\n<h3>Chauffage \u00e0 accumulation<\/h3>\n<p>Les chauffages \u00e9lectriques \u00e0 accumulation sont utilis\u00e9s dans les b\u00e2timents industriels et les maisons d\u2019habitation pour mettre \u00e0 disposition la chaleur n\u00e9cessaire d\u00e9sir\u00e9e. Les crit\u00e8res pour le degr\u00e9 de charge du syst\u00e8me de chauffage sont les caract\u00e9ristiques du b\u00e2timent, la sensation de chaleur et les conditions atmosph\u00e9riques. Pendant la diffusion de chaleur, le noyau accumulateur des appareils est chauff\u00e9 \u00e0 la temp\u00e9rature n\u00e9cessaire. La chaleur accumul\u00e9e est d\u00e9gag\u00e9e en continu par la surface de l\u2019appareil. Si on a besoin d\u2019une temp\u00e9rature ambiante plus \u00e9lev\u00e9e, on peut int\u00e9grer un thermostat d\u2019ambiance ou une horloge. Un ventilateur int\u00e9gr\u00e9 dans le chauffage aspire l\u2019air ambiant et le rejette dans la pi\u00e8ce par l\u2019interm\u00e9diaire du noyau accumulateur chaud.<\/p>\n<p>&nbsp;<\/p>\n<h3>Chauffage par le sol<\/h3>\n<p>Le chauffage par le sol est r\u00e9alis\u00e9 par des nappes chauffantes consistant en des rubans chauffants (fils de chauffage) ou par des \u00e9l\u00e9ments chauffants \u00e9lectriques en forme de bandes conductrices qui chauffent le sol et les surfaces \u00e0 l\u2019\u00e9lectricit\u00e9. Les \u00e9l\u00e9ments chauffants sont pos\u00e9s dans les couches de la chape et l\u2019\u00e9chauffement simultan\u00e9 et r\u00e9gulier des pi\u00e8ces procure un climat ambiant agr\u00e9able.[\/et_pb_text][\/et_pb_column][\/et_pb_row][\/et_pb_section]<\/p>\n","protected":false},"excerpt":{"rendered":"<p>Les syst\u00e9mes de chauffage &nbsp; Accumulateurs centraux eau chaude\/mati\u00e8re solide Ces syst\u00e8mes de chauffage sont con\u00e7us pour \u00eatre install\u00e9s dans les maisons individuelles et les immeubles collectifs, dans les entreprises artisanales et industrielles et peuvent \u00eatre raccord\u00e9s \u00e0 des installations de chauffage central. La temp\u00e9rature ambiante d\u00e9sir\u00e9e provient de radiateurs, de chauffages par le sol [&hellip;]<\/p>\n","protected":false},"author":1,"featured_media":0,"parent":0,"menu_order":0,"comment_status":"closed","ping_status":"closed","template":"","meta":{"_et_pb_use_builder":"on","_et_pb_old_content":"[et_pb_section fb_built=\"1\" _builder_version=\"4.14.7\" _module_preset=\"default\" global_colors_info=\"{}\"][et_pb_row _builder_version=\"4.14.7\" _module_preset=\"default\" global_colors_info=\"{}\"][et_pb_column type=\"4_4\" _builder_version=\"4.14.7\" _module_preset=\"default\" global_colors_info=\"{}\"][et_pb_text admin_label=\"Die Heizsysteme\" _builder_version=\"4.14.7\" _module_preset=\"default\" global_colors_info=\"{}\"]<h2>The heating systems<\/h2>\r\n<p>\u00a0<\/p>\r\n<h3>Central hot water \/ solid tanks<\/h3>\r\n\r\nThese heating systems can be connected to central heating systems in single and multiple dwellings and in commercial and industrial establishments. The required room temperature is emitted by radiators, floor heating systems, or hot air heaters.\r\n<p>\u00a0<\/p>\r\n<h3>Water block heaters<\/h3>\r\n\r\nTwo systems for delivering hot water are used here: first the central tank heater consisting of a heating unit (electrical flow heater) with a separate water block of holding tanks; secondly the water holding tanks that are connected in series according to the size of the installation. In both variants a resistance heater integrated in the holding tanks generates hot water.\r\n<p>\u00a0<\/p>\r\n<h3>Solid tanks<\/h3>\r\n\r\nResistor elements convert electrical energy into heat which they transfer to the storage core (block of stone absorbers). When this heat is emitted, air circulates over the heated storage core and flows through the heat exchanger that then transfers the heat to the hot water.\r\n<p>\u00a0<\/p>\r\n<h3>Storage heaters<\/h3>\r\n\r\nInstalled in buildings and living quarters, electrical storage heaters are designed to meet the heating requirements in these environments. The state of the structure, the users\u2019 sensitivity to heat, and weather conditions are crucial factors affecting the heating system\u2019s charge rate. During the charge time the appliance\u2019s storage core is heated to the required temperature. The stored heat is then emitted continuously over the appliance\u2019s surface. When a user requires a higher ambient temperature this can be set at the thermostat or timer. A fan integrated in the heater draws in ambient air and blows it back into the room after it has passed over the heated storage core.\r\n<p>\u00a0<\/p>\r\n<h3>Floor heating systems<\/h3>\r\n\r\nHeating mats consisting of heating strips (heating wire) or sheet-type heating elements convert electricity into heat for floors and surfaces. The heating elements are laid in screed elements, and their simultaneous and uniform heating effects generate a pleasant indoor climate.[\/et_pb_text][\/et_pb_column][\/et_pb_row][\/et_pb_section]","_et_gb_content_width":"","footnotes":""},"class_list":["post-216","page","type-page","status-publish","hentry"],"yoast_head":"<!-- This site is optimized with the Yoast SEO plugin v23.6 - https:\/\/yoast.com\/wordpress\/plugins\/seo\/ -->\n<title>Syst\u00e9mes de chauffage - Frensch-Regeltechnik<\/title>\n<meta name=\"robots\" content=\"index, follow, max-snippet:-1, max-image-preview:large, max-video-preview:-1\" \/>\n<link rel=\"canonical\" href=\"https:\/\/regeltechnik.frensch.de\/fr\/systemes-de-chauffage\/\" \/>\n<meta property=\"og:locale\" content=\"fr_FR\" \/>\n<meta property=\"og:type\" content=\"article\" \/>\n<meta property=\"og:title\" content=\"Syst\u00e9mes de chauffage - Frensch-Regeltechnik\" \/>\n<meta property=\"og:description\" content=\"Les syst\u00e9mes de chauffage &nbsp; Accumulateurs centraux eau chaude\/mati\u00e8re solide Ces syst\u00e8mes de chauffage sont con\u00e7us pour \u00eatre install\u00e9s dans les maisons individuelles et les immeubles collectifs, dans les entreprises artisanales et industrielles et peuvent \u00eatre raccord\u00e9s \u00e0 des installations de chauffage central. La temp\u00e9rature ambiante d\u00e9sir\u00e9e provient de radiateurs, de chauffages par le sol [&hellip;]\" \/>\n<meta property=\"og:url\" content=\"https:\/\/regeltechnik.frensch.de\/fr\/systemes-de-chauffage\/\" \/>\n<meta property=\"og:site_name\" content=\"Frensch-Regeltechnik\" \/>\n<meta property=\"article:modified_time\" content=\"2023-02-04T21:07:07+00:00\" \/>\n<meta name=\"twitter:card\" content=\"summary_large_image\" \/>\n<meta name=\"twitter:label1\" content=\"Dur\u00e9e de lecture estim\u00e9e\" \/>\n\t<meta name=\"twitter:data1\" content=\"2 minutes\" \/>\n<script type=\"application\/ld+json\" class=\"yoast-schema-graph\">{\"@context\":\"https:\/\/schema.org\",\"@graph\":[{\"@type\":\"WebPage\",\"@id\":\"https:\/\/regeltechnik.frensch.de\/fr\/systemes-de-chauffage\/\",\"url\":\"https:\/\/regeltechnik.frensch.de\/fr\/systemes-de-chauffage\/\",\"name\":\"Syst\u00e9mes de chauffage - Frensch-Regeltechnik\",\"isPartOf\":{\"@id\":\"https:\/\/regeltechnik.frensch.de\/fr\/#website\"},\"datePublished\":\"2023-02-04T14:49:24+00:00\",\"dateModified\":\"2023-02-04T21:07:07+00:00\",\"breadcrumb\":{\"@id\":\"https:\/\/regeltechnik.frensch.de\/fr\/systemes-de-chauffage\/#breadcrumb\"},\"inLanguage\":\"fr-FR\",\"potentialAction\":[{\"@type\":\"ReadAction\",\"target\":[\"https:\/\/regeltechnik.frensch.de\/fr\/systemes-de-chauffage\/\"]}]},{\"@type\":\"BreadcrumbList\",\"@id\":\"https:\/\/regeltechnik.frensch.de\/fr\/systemes-de-chauffage\/#breadcrumb\",\"itemListElement\":[{\"@type\":\"ListItem\",\"position\":1,\"name\":\"Startseite\",\"item\":\"https:\/\/regeltechnik.frensch.de\/fr\/\"},{\"@type\":\"ListItem\",\"position\":2,\"name\":\"Syst\u00e9mes de chauffage\"}]},{\"@type\":\"WebSite\",\"@id\":\"https:\/\/regeltechnik.frensch.de\/fr\/#website\",\"url\":\"https:\/\/regeltechnik.frensch.de\/fr\/\",\"name\":\"Frensch-Regeltechnik\",\"description\":\"\",\"publisher\":{\"@id\":\"https:\/\/regeltechnik.frensch.de\/fr\/#organization\"},\"potentialAction\":[{\"@type\":\"SearchAction\",\"target\":{\"@type\":\"EntryPoint\",\"urlTemplate\":\"https:\/\/regeltechnik.frensch.de\/fr\/?s={search_term_string}\"},\"query-input\":{\"@type\":\"PropertyValueSpecification\",\"valueRequired\":true,\"valueName\":\"search_term_string\"}}],\"inLanguage\":\"fr-FR\"},{\"@type\":\"Organization\",\"@id\":\"https:\/\/regeltechnik.frensch.de\/fr\/#organization\",\"name\":\"Frensch GmbH\",\"url\":\"https:\/\/regeltechnik.frensch.de\/fr\/\",\"logo\":{\"@type\":\"ImageObject\",\"inLanguage\":\"fr-FR\",\"@id\":\"https:\/\/regeltechnik.frensch.de\/fr\/#\/schema\/logo\/image\/\",\"url\":\"https:\/\/betaregeltechnik.frensch.de\/wp-content\/uploads\/FFB959F7-5A1F-4613-AB53-4D53CDE0F327.png\",\"contentUrl\":\"https:\/\/betaregeltechnik.frensch.de\/wp-content\/uploads\/FFB959F7-5A1F-4613-AB53-4D53CDE0F327.png\",\"width\":136,\"height\":136,\"caption\":\"Frensch GmbH\"},\"image\":{\"@id\":\"https:\/\/regeltechnik.frensch.de\/fr\/#\/schema\/logo\/image\/\"}}]}<\/script>\n<!-- \/ Yoast SEO plugin. -->","yoast_head_json":{"title":"Syst\u00e9mes de chauffage - Frensch-Regeltechnik","robots":{"index":"index","follow":"follow","max-snippet":"max-snippet:-1","max-image-preview":"max-image-preview:large","max-video-preview":"max-video-preview:-1"},"canonical":"https:\/\/regeltechnik.frensch.de\/fr\/systemes-de-chauffage\/","og_locale":"fr_FR","og_type":"article","og_title":"Syst\u00e9mes de chauffage - Frensch-Regeltechnik","og_description":"Les syst\u00e9mes de chauffage &nbsp; Accumulateurs centraux eau chaude\/mati\u00e8re solide Ces syst\u00e8mes de chauffage sont con\u00e7us pour \u00eatre install\u00e9s dans les maisons individuelles et les immeubles collectifs, dans les entreprises artisanales et industrielles et peuvent \u00eatre raccord\u00e9s \u00e0 des installations de chauffage central. La temp\u00e9rature ambiante d\u00e9sir\u00e9e provient de radiateurs, de chauffages par le sol [&hellip;]","og_url":"https:\/\/regeltechnik.frensch.de\/fr\/systemes-de-chauffage\/","og_site_name":"Frensch-Regeltechnik","article_modified_time":"2023-02-04T21:07:07+00:00","twitter_card":"summary_large_image","twitter_misc":{"Dur\u00e9e de lecture estim\u00e9e":"2 minutes"},"schema":{"@context":"https:\/\/schema.org","@graph":[{"@type":"WebPage","@id":"https:\/\/regeltechnik.frensch.de\/fr\/systemes-de-chauffage\/","url":"https:\/\/regeltechnik.frensch.de\/fr\/systemes-de-chauffage\/","name":"Syst\u00e9mes de chauffage - Frensch-Regeltechnik","isPartOf":{"@id":"https:\/\/regeltechnik.frensch.de\/fr\/#website"},"datePublished":"2023-02-04T14:49:24+00:00","dateModified":"2023-02-04T21:07:07+00:00","breadcrumb":{"@id":"https:\/\/regeltechnik.frensch.de\/fr\/systemes-de-chauffage\/#breadcrumb"},"inLanguage":"fr-FR","potentialAction":[{"@type":"ReadAction","target":["https:\/\/regeltechnik.frensch.de\/fr\/systemes-de-chauffage\/"]}]},{"@type":"BreadcrumbList","@id":"https:\/\/regeltechnik.frensch.de\/fr\/systemes-de-chauffage\/#breadcrumb","itemListElement":[{"@type":"ListItem","position":1,"name":"Startseite","item":"https:\/\/regeltechnik.frensch.de\/fr\/"},{"@type":"ListItem","position":2,"name":"Syst\u00e9mes de chauffage"}]},{"@type":"WebSite","@id":"https:\/\/regeltechnik.frensch.de\/fr\/#website","url":"https:\/\/regeltechnik.frensch.de\/fr\/","name":"Frensch-Regeltechnik","description":"","publisher":{"@id":"https:\/\/regeltechnik.frensch.de\/fr\/#organization"},"potentialAction":[{"@type":"SearchAction","target":{"@type":"EntryPoint","urlTemplate":"https:\/\/regeltechnik.frensch.de\/fr\/?s={search_term_string}"},"query-input":{"@type":"PropertyValueSpecification","valueRequired":true,"valueName":"search_term_string"}}],"inLanguage":"fr-FR"},{"@type":"Organization","@id":"https:\/\/regeltechnik.frensch.de\/fr\/#organization","name":"Frensch GmbH","url":"https:\/\/regeltechnik.frensch.de\/fr\/","logo":{"@type":"ImageObject","inLanguage":"fr-FR","@id":"https:\/\/regeltechnik.frensch.de\/fr\/#\/schema\/logo\/image\/","url":"https:\/\/betaregeltechnik.frensch.de\/wp-content\/uploads\/FFB959F7-5A1F-4613-AB53-4D53CDE0F327.png","contentUrl":"https:\/\/betaregeltechnik.frensch.de\/wp-content\/uploads\/FFB959F7-5A1F-4613-AB53-4D53CDE0F327.png","width":136,"height":136,"caption":"Frensch GmbH"},"image":{"@id":"https:\/\/regeltechnik.frensch.de\/fr\/#\/schema\/logo\/image\/"}}]}},"_links":{"self":[{"href":"https:\/\/regeltechnik.frensch.de\/fr\/wp-json\/wp\/v2\/pages\/216","targetHints":{"allow":["GET"]}}],"collection":[{"href":"https:\/\/regeltechnik.frensch.de\/fr\/wp-json\/wp\/v2\/pages"}],"about":[{"href":"https:\/\/regeltechnik.frensch.de\/fr\/wp-json\/wp\/v2\/types\/page"}],"author":[{"embeddable":true,"href":"https:\/\/regeltechnik.frensch.de\/fr\/wp-json\/wp\/v2\/users\/1"}],"replies":[{"embeddable":true,"href":"https:\/\/regeltechnik.frensch.de\/fr\/wp-json\/wp\/v2\/comments?post=216"}],"version-history":[{"count":3,"href":"https:\/\/regeltechnik.frensch.de\/fr\/wp-json\/wp\/v2\/pages\/216\/revisions"}],"predecessor-version":[{"id":221,"href":"https:\/\/regeltechnik.frensch.de\/fr\/wp-json\/wp\/v2\/pages\/216\/revisions\/221"}],"wp:attachment":[{"href":"https:\/\/regeltechnik.frensch.de\/fr\/wp-json\/wp\/v2\/media?parent=216"}],"curies":[{"name":"wp","href":"https:\/\/api.w.org\/{rel}","templated":true}]}}