{"id":209,"date":"2023-02-04T15:48:27","date_gmt":"2023-02-04T14:48:27","guid":{"rendered":"https:\/\/betaregeltechnik.frensch.de\/?page_id=209"},"modified":"2026-01-06T14:35:13","modified_gmt":"2026-01-06T13:35:13","slug":"home","status":"publish","type":"page","link":"https:\/\/regeltechnik.frensch.de\/fr\/","title":{"rendered":"Home"},"content":{"rendered":"<p>[et_pb_section fb_built=\u00a0\u00bb1&Prime; _builder_version=\u00a0\u00bb4.16&Prime; _module_preset=\u00a0\u00bbdefault\u00a0\u00bb global_colors_info=\u00a0\u00bb{}\u00a0\u00bb][et_pb_row _builder_version=\u00a0\u00bb4.16&Prime; _module_preset=\u00a0\u00bbdefault\u00a0\u00bb global_colors_info=\u00a0\u00bb{}\u00a0\u00bb][et_pb_column type=\u00a0\u00bb4_4&Prime; _builder_version=\u00a0\u00bb4.16&Prime; _module_preset=\u00a0\u00bbdefault\u00a0\u00bb global_colors_info=\u00a0\u00bb{}\u00a0\u00bb][et_pb_image src=\u00a0\u00bbhttps:\/\/betaregeltechnik.frensch.de\/wp-content\/uploads\/57A6F324-E1A7-41FD-AA46-7B1B8D335ECE.jpeg\u00a0\u00bb title_text=\u00a0\u00bb57A6F324-E1A7-41FD-AA46-7B1B8D335ECE\u00a0\u00bb align=\u00a0\u00bbcenter\u00a0\u00bb force_fullwidth=\u00a0\u00bbon\u00a0\u00bb _builder_version=\u00a0\u00bb4.16&Prime; _module_preset=\u00a0\u00bbdefault\u00a0\u00bb global_colors_info=\u00a0\u00bb{}\u00a0\u00bb][\/et_pb_image][\/et_pb_column][\/et_pb_row][et_pb_row _builder_version=\u00a0\u00bb4.16&Prime; _module_preset=\u00a0\u00bbdefault\u00a0\u00bb global_colors_info=\u00a0\u00bb{}\u00a0\u00bb][et_pb_column type=\u00a0\u00bb4_4&Prime; _builder_version=\u00a0\u00bb4.16&Prime; _module_preset=\u00a0\u00bbdefault\u00a0\u00bb global_colors_info=\u00a0\u00bb{}\u00a0\u00bb][et_pb_text admin_label=\u00a0\u00bbText\u00a0\u00bb _builder_version=\u00a0\u00bb4.24.0&Prime; _module_preset=\u00a0\u00bbdefault\u00a0\u00bb global_colors_info=\u00a0\u00bb{}\u00a0\u00bb]<\/p>\n<p><strong><span style=\"color: #ff0000;\">Chers clients,<\/span><\/strong><br \/><strong><span style=\"color: #ff0000;\">La production et le support des commandes de charge Frensch seront interrompus.<br \/>Les ventes ne sont disponibles que jusqu&rsquo;\u00e0 \u00e9puisement des stocks.<br \/><\/span><\/strong><br \/><strong><span style=\"color: #ff0000;\"><span style=\"color: #000000;\">AS6190:<\/span> <span style=\"color: #23c439;\">devrait \u00eatre disponible d\u2019ici <span style=\"color: #000000;\">2029<\/span><\/span><\/span><\/strong><br \/><strong><span style=\"color: #ff0000;\"><span style=\"color: #000000;\">AS6194\/95:<\/span> <span style=\"color: #148f0b;\">d<\/span><span style=\"color: #23c439;\">evrait<\/span><\/span><\/strong><br \/><strong><span style=\"color: #ff0000;\"><span style=\"color: #000000;\">AS6180:<\/span> n&rsquo;est plus disponible<\/span><\/strong><br \/><strong><span style=\"color: #ff0000;\"><span style=\"color: #000000;\">AS6184:<\/span> <span style=\"color: #23c439;\">devrait \u00eatre disponible d\u2019ici <span style=\"color: #000000;\">2027<\/span><\/span><\/span><\/strong><br \/><strong><span style=\"color: #ff0000;\"><span style=\"color: #000000;\">AS79CP:<\/span> n&rsquo;est plus disponible<br \/><\/span><\/strong><br \/><strong><span style=\"color: #ff0000;\">Votre \u00e9quipe fran\u00e7aise<\/span><\/strong><\/p>\n<p>Les chauffages \u00e9lectriques \u00e0 accumulation sont utilis\u00e9s dans les b\u00e2timents industriels et les maisons d\u2019habitation pour mettre \u00e0 disposition la chaleur n\u00e9cessaire d\u00e9sir\u00e9e. Les crit\u00e8res pour le degr\u00e9 de charge du syst\u00e8me de chauffage sont les caract\u00e9ristiques du b\u00e2timent, la sensation de chaleur de l\u2019utilisateur et les conditions atmosph\u00e9riques. Pendant les heures de diffusion de chaleur, le noyau accumulateur des appareils est chauff\u00e9 \u00e0 la temp\u00e9rature n\u00e9cessaire. La chaleur accumul\u00e9e est d\u00e9gag\u00e9e en continu par la surface de l\u2019appareil. Si on a besoin d\u2019une temp\u00e9rature ambiante plus \u00e9lev\u00e9e, on peut int\u00e9grer un thermostat d\u2019ambiance ou une horloge. Un ventilateur int\u00e9gr\u00e9 dans le chauffage aspire l\u2019air ambiant et le rejette dans la pi\u00e8ce par l\u2019interm\u00e9diaire du noyau accumulateur chaud.<\/p>\n<p>[\/et_pb_text][\/et_pb_column][\/et_pb_row][\/et_pb_section]<\/p>\n","protected":false},"excerpt":{"rendered":"<p>Chers clients,La production et le support des commandes de charge Frensch seront interrompus.Les ventes ne sont disponibles que jusqu&rsquo;\u00e0 \u00e9puisement des stocks.AS6190: devrait \u00eatre disponible d\u2019ici 2029AS6194\/95: devraitAS6180: n&rsquo;est plus disponibleAS6184: devrait \u00eatre disponible d\u2019ici 2027AS79CP: n&rsquo;est plus disponibleVotre \u00e9quipe fran\u00e7aise Les chauffages \u00e9lectriques \u00e0 accumulation sont utilis\u00e9s dans les b\u00e2timents industriels et les maisons [&hellip;]<\/p>\n","protected":false},"author":1,"featured_media":0,"parent":0,"menu_order":0,"comment_status":"closed","ping_status":"closed","template":"","meta":{"_et_pb_use_builder":"on","_et_pb_old_content":"[et_pb_section fb_built=\"1\" _builder_version=\"4.14.7\" _module_preset=\"default\" global_colors_info=\"{}\"][et_pb_row _builder_version=\"4.14.7\" _module_preset=\"default\" global_colors_info=\"{}\"][et_pb_column type=\"4_4\" _builder_version=\"4.14.7\" _module_preset=\"default\" global_colors_info=\"{}\"][et_pb_image src=\"https:\/\/betaregeltechnik.frensch.de\/wp-content\/uploads\/57A6F324-E1A7-41FD-AA46-7B1B8D335ECE.jpeg\" title_text=\"57A6F324-E1A7-41FD-AA46-7B1B8D335ECE\" _builder_version=\"4.14.7\" _module_preset=\"default\" hover_enabled=\"0\" global_colors_info=\"{}\" align=\"center\" force_fullwidth=\"on\" sticky_enabled=\"0\"][\/et_pb_image][\/et_pb_column][\/et_pb_row][et_pb_row column_structure=\"1_2,1_2\" _builder_version=\"4.14.7\" _module_preset=\"default\" global_colors_info=\"{}\"][et_pb_column type=\"1_2\" _builder_version=\"4.14.7\" _module_preset=\"default\" global_colors_info=\"{}\"][et_pb_text admin_label=\"Herzlich Willkommen\" _builder_version=\"4.14.7\" _module_preset=\"default\" global_colors_info=\"{}\"]<h2>Herzlich Willkommen<\/h2>\r\nElektro-Speicherheizger\u00e4te werden in Geb\u00e4uden und Wohnr\u00e4umen installiert, um den gew\u00fcnschten W\u00e4rmebedarf bereitzustellen. Bauliche Beschaffenheit, W\u00e4rmeempfinden der Nutzer und Witterungsverh\u00e4ltnisse sind die Kriterien f\u00fcr den Ladegrad des Heizsystems.\r\n\r\nW\u00e4hrend der Freigabezeit wird der Speicherkern der Ger\u00e4te auf die erforderliche Temperatur erhitzt.\r\n\r\nDie gespeicherte W\u00e4rme wird kontinuierlich \u00fcber die Ger\u00e4teoberfl\u00e4che abgegeben. Wird je nach individuellen Anspr\u00fcchen eine h\u00f6here Raumtemperatur gefordert, kann dies \u00fcber Raumtemperaturregler oder Raumthermostatuhren erfolgen.Ein im Heizger\u00e4t integrierter L\u00fcfter saugt Raumluft an und bl\u00e4st sie \u00fcber den erhitzten Speicherkern zur\u00fcck in den Raum.[\/et_pb_text][\/et_pb_column][et_pb_column type=\"1_2\" _builder_version=\"4.14.7\" _module_preset=\"default\" global_colors_info=\"{}\"][et_pb_text admin_label=\"\u00dcber Uns\" _builder_version=\"4.14.7\" _module_preset=\"default\" global_colors_info=\"{}\"]<h2>\u00dcber Uns<\/h2>\r\nAls vor zweiundf\u00fcnfzig Jahren, im Jahre 1963 die Firma Frensch in Ratingen gegr\u00fcndet wurde und sich der Gr\u00fcnder Wilfried Frensch zun\u00e4chst mit der Herstellung und dem Vertrieb von Aufladesystemen im Bereich der Heizungsindustrie befasste, war noch nicht abzusehen, welche enorme Entwicklung in der Elektronik einsetzen w\u00fcrde.\r\n\r\nDas Unternehmen wuchs gesund an, behielt aber bewusst die Gr\u00f6\u00dfe einer \u00fcberschaubaren Produktionsst\u00e4tte, um weiterhin auf jeden Bedarf flexibel reagieren zu k\u00f6nnen. Trotz der heute erreichten Marktposition als einer der f\u00fchrenden europ\u00e4ischen Spezialisten f\u00fcr mobile Lichttechnik, hat sich bei FRENSCH der charakteristische \u201egute Geist\u201c bis heute erhalten. Obwohl modernste Hightech-Fertigung und weltweiter Vertrieb das t\u00e4gliche Gesch\u00e4ft des Unternehmens markieren, stehen handwerkliches Geschick, Ideenreichtum und Pers\u00f6nlichkeit bei FRENSCH nach wie vor im zentralen Fokus.[\/et_pb_text][\/et_pb_column][\/et_pb_row][\/et_pb_section]","_et_gb_content_width":"","footnotes":""},"class_list":["post-209","page","type-page","status-publish","hentry"],"yoast_head":"<!-- This site is optimized with the Yoast SEO plugin v23.6 - https:\/\/yoast.com\/wordpress\/plugins\/seo\/ -->\n<title>Home - Frensch-Regeltechnik<\/title>\n<meta name=\"robots\" content=\"index, follow, max-snippet:-1, max-image-preview:large, max-video-preview:-1\" \/>\n<link rel=\"canonical\" href=\"https:\/\/regeltechnik.frensch.de\/fr\/\" \/>\n<meta property=\"og:locale\" content=\"fr_FR\" \/>\n<meta property=\"og:type\" content=\"article\" \/>\n<meta property=\"og:title\" content=\"Home - Frensch-Regeltechnik\" \/>\n<meta property=\"og:description\" content=\"Chers clients,La production et le support des commandes de charge Frensch seront interrompus.Les ventes ne sont disponibles que jusqu&#039;\u00e0 \u00e9puisement des stocks.AS6190: devrait \u00eatre disponible d\u2019ici 2029AS6194\/95: devraitAS6180: n&#039;est plus disponibleAS6184: devrait \u00eatre disponible d\u2019ici 2027AS79CP: n&#039;est plus disponibleVotre \u00e9quipe fran\u00e7aise Les chauffages \u00e9lectriques \u00e0 accumulation sont utilis\u00e9s dans les b\u00e2timents industriels et les maisons [&hellip;]\" \/>\n<meta property=\"og:url\" content=\"https:\/\/regeltechnik.frensch.de\/fr\/\" \/>\n<meta property=\"og:site_name\" content=\"Frensch-Regeltechnik\" \/>\n<meta property=\"article:modified_time\" content=\"2026-01-06T13:35:13+00:00\" \/>\n<meta name=\"twitter:card\" content=\"summary_large_image\" \/>\n<meta name=\"twitter:label1\" content=\"Dur\u00e9e de lecture estim\u00e9e\" \/>\n\t<meta name=\"twitter:data1\" content=\"2 minutes\" \/>\n<script type=\"application\/ld+json\" class=\"yoast-schema-graph\">{\"@context\":\"https:\/\/schema.org\",\"@graph\":[{\"@type\":\"WebPage\",\"@id\":\"https:\/\/regeltechnik.frensch.de\/fr\/\",\"url\":\"https:\/\/regeltechnik.frensch.de\/fr\/\",\"name\":\"Home - Frensch-Regeltechnik\",\"isPartOf\":{\"@id\":\"https:\/\/regeltechnik.frensch.de\/fr\/#website\"},\"datePublished\":\"2023-02-04T14:48:27+00:00\",\"dateModified\":\"2026-01-06T13:35:13+00:00\",\"breadcrumb\":{\"@id\":\"https:\/\/regeltechnik.frensch.de\/fr\/#breadcrumb\"},\"inLanguage\":\"fr-FR\",\"potentialAction\":[{\"@type\":\"ReadAction\",\"target\":[\"https:\/\/regeltechnik.frensch.de\/fr\/\"]}]},{\"@type\":\"BreadcrumbList\",\"@id\":\"https:\/\/regeltechnik.frensch.de\/fr\/#breadcrumb\",\"itemListElement\":[{\"@type\":\"ListItem\",\"position\":1,\"name\":\"Startseite\",\"item\":\"https:\/\/regeltechnik.frensch.de\/fr\/\"},{\"@type\":\"ListItem\",\"position\":2,\"name\":\"Home\"}]},{\"@type\":\"WebSite\",\"@id\":\"https:\/\/regeltechnik.frensch.de\/fr\/#website\",\"url\":\"https:\/\/regeltechnik.frensch.de\/fr\/\",\"name\":\"Frensch-Regeltechnik\",\"description\":\"\",\"publisher\":{\"@id\":\"https:\/\/regeltechnik.frensch.de\/fr\/#organization\"},\"potentialAction\":[{\"@type\":\"SearchAction\",\"target\":{\"@type\":\"EntryPoint\",\"urlTemplate\":\"https:\/\/regeltechnik.frensch.de\/fr\/?s={search_term_string}\"},\"query-input\":{\"@type\":\"PropertyValueSpecification\",\"valueRequired\":true,\"valueName\":\"search_term_string\"}}],\"inLanguage\":\"fr-FR\"},{\"@type\":\"Organization\",\"@id\":\"https:\/\/regeltechnik.frensch.de\/fr\/#organization\",\"name\":\"Frensch GmbH\",\"url\":\"https:\/\/regeltechnik.frensch.de\/fr\/\",\"logo\":{\"@type\":\"ImageObject\",\"inLanguage\":\"fr-FR\",\"@id\":\"https:\/\/regeltechnik.frensch.de\/fr\/#\/schema\/logo\/image\/\",\"url\":\"https:\/\/betaregeltechnik.frensch.de\/wp-content\/uploads\/FFB959F7-5A1F-4613-AB53-4D53CDE0F327.png\",\"contentUrl\":\"https:\/\/betaregeltechnik.frensch.de\/wp-content\/uploads\/FFB959F7-5A1F-4613-AB53-4D53CDE0F327.png\",\"width\":136,\"height\":136,\"caption\":\"Frensch GmbH\"},\"image\":{\"@id\":\"https:\/\/regeltechnik.frensch.de\/fr\/#\/schema\/logo\/image\/\"}}]}<\/script>\n<!-- \/ Yoast SEO plugin. -->","yoast_head_json":{"title":"Home - Frensch-Regeltechnik","robots":{"index":"index","follow":"follow","max-snippet":"max-snippet:-1","max-image-preview":"max-image-preview:large","max-video-preview":"max-video-preview:-1"},"canonical":"https:\/\/regeltechnik.frensch.de\/fr\/","og_locale":"fr_FR","og_type":"article","og_title":"Home - Frensch-Regeltechnik","og_description":"Chers clients,La production et le support des commandes de charge Frensch seront interrompus.Les ventes ne sont disponibles que jusqu'\u00e0 \u00e9puisement des stocks.AS6190: devrait \u00eatre disponible d\u2019ici 2029AS6194\/95: devraitAS6180: n'est plus disponibleAS6184: devrait \u00eatre disponible d\u2019ici 2027AS79CP: n'est plus disponibleVotre \u00e9quipe fran\u00e7aise Les chauffages \u00e9lectriques \u00e0 accumulation sont utilis\u00e9s dans les b\u00e2timents industriels et les maisons [&hellip;]","og_url":"https:\/\/regeltechnik.frensch.de\/fr\/","og_site_name":"Frensch-Regeltechnik","article_modified_time":"2026-01-06T13:35:13+00:00","twitter_card":"summary_large_image","twitter_misc":{"Dur\u00e9e de lecture estim\u00e9e":"2 minutes"},"schema":{"@context":"https:\/\/schema.org","@graph":[{"@type":"WebPage","@id":"https:\/\/regeltechnik.frensch.de\/fr\/","url":"https:\/\/regeltechnik.frensch.de\/fr\/","name":"Home - Frensch-Regeltechnik","isPartOf":{"@id":"https:\/\/regeltechnik.frensch.de\/fr\/#website"},"datePublished":"2023-02-04T14:48:27+00:00","dateModified":"2026-01-06T13:35:13+00:00","breadcrumb":{"@id":"https:\/\/regeltechnik.frensch.de\/fr\/#breadcrumb"},"inLanguage":"fr-FR","potentialAction":[{"@type":"ReadAction","target":["https:\/\/regeltechnik.frensch.de\/fr\/"]}]},{"@type":"BreadcrumbList","@id":"https:\/\/regeltechnik.frensch.de\/fr\/#breadcrumb","itemListElement":[{"@type":"ListItem","position":1,"name":"Startseite","item":"https:\/\/regeltechnik.frensch.de\/fr\/"},{"@type":"ListItem","position":2,"name":"Home"}]},{"@type":"WebSite","@id":"https:\/\/regeltechnik.frensch.de\/fr\/#website","url":"https:\/\/regeltechnik.frensch.de\/fr\/","name":"Frensch-Regeltechnik","description":"","publisher":{"@id":"https:\/\/regeltechnik.frensch.de\/fr\/#organization"},"potentialAction":[{"@type":"SearchAction","target":{"@type":"EntryPoint","urlTemplate":"https:\/\/regeltechnik.frensch.de\/fr\/?s={search_term_string}"},"query-input":{"@type":"PropertyValueSpecification","valueRequired":true,"valueName":"search_term_string"}}],"inLanguage":"fr-FR"},{"@type":"Organization","@id":"https:\/\/regeltechnik.frensch.de\/fr\/#organization","name":"Frensch GmbH","url":"https:\/\/regeltechnik.frensch.de\/fr\/","logo":{"@type":"ImageObject","inLanguage":"fr-FR","@id":"https:\/\/regeltechnik.frensch.de\/fr\/#\/schema\/logo\/image\/","url":"https:\/\/betaregeltechnik.frensch.de\/wp-content\/uploads\/FFB959F7-5A1F-4613-AB53-4D53CDE0F327.png","contentUrl":"https:\/\/betaregeltechnik.frensch.de\/wp-content\/uploads\/FFB959F7-5A1F-4613-AB53-4D53CDE0F327.png","width":136,"height":136,"caption":"Frensch GmbH"},"image":{"@id":"https:\/\/regeltechnik.frensch.de\/fr\/#\/schema\/logo\/image\/"}}]}},"_links":{"self":[{"href":"https:\/\/regeltechnik.frensch.de\/fr\/wp-json\/wp\/v2\/pages\/209","targetHints":{"allow":["GET"]}}],"collection":[{"href":"https:\/\/regeltechnik.frensch.de\/fr\/wp-json\/wp\/v2\/pages"}],"about":[{"href":"https:\/\/regeltechnik.frensch.de\/fr\/wp-json\/wp\/v2\/types\/page"}],"author":[{"embeddable":true,"href":"https:\/\/regeltechnik.frensch.de\/fr\/wp-json\/wp\/v2\/users\/1"}],"replies":[{"embeddable":true,"href":"https:\/\/regeltechnik.frensch.de\/fr\/wp-json\/wp\/v2\/comments?post=209"}],"version-history":[{"count":7,"href":"https:\/\/regeltechnik.frensch.de\/fr\/wp-json\/wp\/v2\/pages\/209\/revisions"}],"predecessor-version":[{"id":2929,"href":"https:\/\/regeltechnik.frensch.de\/fr\/wp-json\/wp\/v2\/pages\/209\/revisions\/2929"}],"wp:attachment":[{"href":"https:\/\/regeltechnik.frensch.de\/fr\/wp-json\/wp\/v2\/media?parent=209"}],"curies":[{"name":"wp","href":"https:\/\/api.w.org\/{rel}","templated":true}]}}