{"id":387,"date":"2023-02-05T21:20:00","date_gmt":"2023-02-05T20:20:00","guid":{"rendered":"https:\/\/betaregeltechnik.frensch.de\/?page_id=387"},"modified":"2024-10-14T13:57:38","modified_gmt":"2024-10-14T11:57:38","slug":"as-6194-95","status":"publish","type":"page","link":"https:\/\/regeltechnik.frensch.de\/en\/products\/as-6194-95\/","title":{"rendered":"AS 6194-95"},"content":{"rendered":"<p>[et_pb_section fb_built=&#8221;1&#8243; _builder_version=&#8221;4.16&#8243; _module_preset=&#8221;default&#8221; global_colors_info=&#8221;{}&#8221;][et_pb_row _builder_version=&#8221;4.16&#8243; _module_preset=&#8221;default&#8221; custom_padding=&#8221;||0px||false|false&#8221; global_colors_info=&#8221;{}&#8221;][et_pb_column type=&#8221;4_4&#8243; _builder_version=&#8221;4.16&#8243; _module_preset=&#8221;default&#8221; global_colors_info=&#8221;{}&#8221;][et_pb_text admin_label=&#8221;AS 6194 \u2013 AS 6195 charge controller&#8221; _builder_version=&#8221;4.16&#8243; _module_preset=&#8221;default&#8221; global_colors_info=&#8221;{}&#8221;]<\/p>\n<h2>AS 6194 \u2013 AS 6195 charge controller<\/h2>\n<p>[\/et_pb_text][\/et_pb_column][\/et_pb_row][et_pb_row column_structure=&#8221;2_3,1_3&#8243; _builder_version=&#8221;4.16&#8243; _module_preset=&#8221;default&#8221; global_colors_info=&#8221;{}&#8221;][et_pb_column type=&#8221;2_3&#8243; _builder_version=&#8221;4.16&#8243; _module_preset=&#8221;default&#8221; global_colors_info=&#8221;{}&#8221;][et_pb_text admin_label=&#8221;Text&#8221; module_class=&#8221;product-content&#8221; _builder_version=&#8221;4.19.5&#8243; _module_preset=&#8221;default&#8221; global_colors_info=&#8221;{}&#8221;]<\/p>\n<h3>Accommodation station for charging floor heaters with four (AS 6194) or two (AS 6195) control circuits<\/h3>\n<p><span style=\"color: #ff0000;\"><strong>The Production and support of this charging controller will soon be discontinued.<br \/>Sale will only be available while stocks last.<\/strong><\/span><\/p>\n<p>The AS 6194 and AS 6195 are charge controllers (accommodation stations) featuring ultra modern technology. The AS 6194 detects up to four and the AS 6195 two separate heating circuits in a floor heating system. The controllers calculate as a function of the reference values, the weather temperature (AS 6190), and the residual heat (RF-N-1 residual heat sensor) the charge volume for every single circuit. The charging controllers are pin-compatible with the models AS 5194 and AS 5195.<\/p>\n<ul>\n<li>Settable end temperature 30 \u00b0C \u2013 60 \u00b0C<\/li>\n<li>Configurable charge volume for user and additional<\/li>\n<li>user charge activation on each circuit<\/li>\n<li>Adapter terminals<\/li>\n<li>Switch status display<\/li>\n<\/ul>\n<p><strong>Caution!<\/strong><br \/>When replacing an old AS 5194 or AS 5195 with a new AS 6194 or AS 6195 the AS 5190 central unit must be replaced with a new AS 6190. Other old AS 5194\/95 can then be operated on the new AS 6190.<\/p>\n<p>[\/et_pb_text][\/et_pb_column][et_pb_column type=&#8221;1_3&#8243; _builder_version=&#8221;4.16&#8243; _module_preset=&#8221;default&#8221; global_colors_info=&#8221;{}&#8221;][et_pb_image src=&#8221;https:\/\/betaregeltechnik.frensch.de\/wp-content\/uploads\/DSC_1859_5194.jpg&#8221; title_text=&#8221;DSC_1859_5194&#8243; _builder_version=&#8221;4.16&#8243; _module_preset=&#8221;default&#8221; custom_margin=&#8221;||0px||false|false&#8221; global_colors_info=&#8221;{}&#8221;][\/et_pb_image][et_pb_image src=&#8221;https:\/\/betaregeltechnik.frensch.de\/wp-content\/uploads\/TZ_6194-95.png&#8221; title_text=&#8221;TZ_6194-95&#8243; _builder_version=&#8221;4.16&#8243; _module_preset=&#8221;default&#8221; global_colors_info=&#8221;{}&#8221;][\/et_pb_image][et_pb_text disabled_on=&#8221;on|on|on&#8221; _builder_version=&#8221;4.16&#8243; _module_preset=&#8221;default&#8221; disabled=&#8221;on&#8221; global_colors_info=&#8221;{}&#8221;]<\/p>\n<h2>Downloads<\/h2>\n<p><div class='w3eden'><!-- WPDM Link Template: Widget Template -->\n\n<div class=\"media well link-template-widget\">\n    <a class=\"mr-3 img-48\" href=\"https:\/\/regeltechnik.frensch.de\/en\/download\/as_6194_95_de\/\">\n        <img decoding=\"async\" class=\"wpdm_icon\" alt=\"Icon\"   src=\"https:\/\/betaregeltechnik.frensch.de\/wp-content\/plugins\/download-manager\/assets\/file-type-icons\/pdf.svg\" \/>\n    <\/a>\n    <div class=\"media-body\">\n        <a href=\"https:\/\/regeltechnik.frensch.de\/en\/download\/as_6194_95_de\/\" style=\"display: block;clear: bottom;font-size: 11pt;font-weight: bold;\">AS_6194_95_DE.pdf<\/a>\n        <div style=\"font-size: 9pt;\">\n            <i class=\"fas fa-hdd color-green\"><\/i> 908.42 KB <i class=\"fa fa-copy ml-3\"><\/i>\n            1 file(s)\n        <\/div>\n    <\/div>\n<\/div>\n\n<\/div><br \/>\n<div class='w3eden'><!-- WPDM Link Template: Widget Template -->\n\n<div class=\"media well link-template-widget\">\n    <a class=\"mr-3 img-48\" href=\"https:\/\/regeltechnik.frensch.de\/en\/download\/sockelschaltbild_6194-95\/\">\n        <img decoding=\"async\" class=\"wpdm_icon\" alt=\"Icon\"   src=\"https:\/\/betaregeltechnik.frensch.de\/wp-content\/plugins\/download-manager\/assets\/file-type-icons\/pdf.svg\" \/>\n    <\/a>\n    <div class=\"media-body\">\n        <a href=\"https:\/\/regeltechnik.frensch.de\/en\/download\/sockelschaltbild_6194-95\/\" style=\"display: block;clear: bottom;font-size: 11pt;font-weight: bold;\">Sockelschaltbild_6194-95.pdf<\/a>\n        <div style=\"font-size: 9pt;\">\n            <i class=\"fas fa-hdd color-green\"><\/i> 40.21 KB <i class=\"fa fa-copy ml-3\"><\/i>\n            1 file(s)\n        <\/div>\n    <\/div>\n<\/div>\n\n<\/div><br \/>\n[\/et_pb_text][\/et_pb_column][\/et_pb_row][\/et_pb_section]<\/p>\n","protected":false},"excerpt":{"rendered":"<p>AS 6194 \u2013 AS 6195 charge controllerAccommodation station for charging floor heaters with four (AS 6194) or two (AS 6195) control circuits The Production and support of this charging controller will soon be discontinued.Sale will only be available while stocks last. The AS 6194 and AS 6195 are charge controllers (accommodation stations) featuring ultra modern [&hellip;]<\/p>\n","protected":false},"author":1,"featured_media":0,"parent":269,"menu_order":0,"comment_status":"closed","ping_status":"closed","template":"","meta":{"_et_pb_use_builder":"on","_et_pb_old_content":"<p>[et_pb_section fb_built=\"1\" _builder_version=\"4.14.7\" _module_preset=\"default\" global_colors_info=\"{}\"][et_pb_row _builder_version=\"4.14.7\" _module_preset=\"default\" custom_padding=\"||0px||false|false\" global_colors_info=\"{}\"][et_pb_column type=\"4_4\" _builder_version=\"4.14.7\" _module_preset=\"default\" global_colors_info=\"{}\"][et_pb_text admin_label=\"Aufladesteuerung AS 6194 \u2013 AS 6195\" _builder_version=\"4.14.7\" _module_preset=\"default\" global_colors_info=\"{}\"]<\/p><h2>Aufladesteuerung AS 6194 \u2013 AS 6195<\/h2><p>[\/et_pb_text][\/et_pb_column][\/et_pb_row][et_pb_row column_structure=\"2_3,1_3\" _builder_version=\"4.14.7\" _module_preset=\"default\" global_colors_info=\"{}\"][et_pb_column type=\"2_3\" _builder_version=\"4.14.7\" _module_preset=\"default\" global_colors_info=\"{}\"][et_pb_text admin_label=\"Text\" module_class=\"product-content\" _builder_version=\"4.14.7\" _module_preset=\"default\" global_colors_info=\"{}\"]<\/p><h3>Wohnungsstation zur Aufladung von Fu\u00dfbodenheizungen mit 4 Regelkreisen \u2013 AS 6194; mit 2 Regelkreisen \u2013 AS 6195<\/h3><p>Die <strong>AS 6194\/AS 6195<\/strong> sind Aufladeregler (Wohnungsstationen) in denen modernste Technologie zum Einsatz kommt. Die <strong>AS 6194<\/strong> erfasst bis zu vier getrennte Heizkreise, die <strong>AS 6195<\/strong> maximal zwei getrennte Heizkreise einer Fu\u00dfbodenheizung. Die Regler bestimmen in Abh\u00e4ngigkeit der F\u00fchrungsgr\u00f6\u00dfen, der Witterungstemperatur (AS 6190) und der Restw\u00e4rme (Restw\u00e4rmef\u00fchler RF-N-1) die Aufladung jedes einzelnen Kreises. Die Aufladeregler sind Pin-kompatibel zu den Modellen <strong>AS 5194\/AS 5195<\/strong>.<\/p><ul><li>einstellbare Endtemperatur<\/li><li>Aufladung jedes Kreises f\u00fcr Freigabe und Zusatzfreigabe<\/li><li>durch den Benutzer regelbar<\/li><li>Reduzierklemmen<\/li><li>Schaltzustandsanzeige<\/li><\/ul><p><strong>Achtung!<\/strong><br \/>Beim Austausch einer alten <strong>AS 5194<\/strong> bzw. <strong>AS 5195<\/strong> gegen eine neue <strong>AS 6194<\/strong> bzw. <strong>AS 6195<\/strong> mu\u00df die Zentrale <strong>AS 5190<\/strong> gegen eine neue <strong>AS 6190<\/strong> ausgetauscht werden. Weitere alte <strong>AS 5194\/95<\/strong> k\u00f6nnen dann an der neuen <strong>AS 6190<\/strong> betrieben werden.[\/et_pb_text][\/et_pb_column][et_pb_column type=\"1_3\" _builder_version=\"4.14.7\" _module_preset=\"default\" global_colors_info=\"{}\"][et_pb_image src=\"https:\/\/betaregeltechnik.frensch.de\/wp-content\/uploads\/DSC_1859_5194.jpg\" title_text=\"DSC_1859_5194\" _builder_version=\"4.14.7\" _module_preset=\"default\" custom_margin=\"||0px||false|false\" hover_enabled=\"0\" global_colors_info=\"{}\" sticky_enabled=\"0\"][\/et_pb_image][et_pb_image src=\"https:\/\/betaregeltechnik.frensch.de\/wp-content\/uploads\/TZ_6194-95.png\" title_text=\"TZ_6194-95\" _builder_version=\"4.14.7\" _module_preset=\"default\" hover_enabled=\"0\" global_colors_info=\"{}\" sticky_enabled=\"0\"][\/et_pb_image][et_pb_text _builder_version=\"4.14.7\" _module_preset=\"default\" hover_enabled=\"0\" global_colors_info=\"{}\" sticky_enabled=\"0\"]<\/p><h2>Downloads<\/h2><p>[wpdm_package id='246' template=\"link-template-widget\"]<br \/>[wpdm_package id='247' template=\"link-template-widget\"]<\/p><p>[\/et_pb_text][\/et_pb_column][\/et_pb_row][\/et_pb_section]<\/p>","_et_gb_content_width":"","footnotes":""},"class_list":["post-387","page","type-page","status-publish","hentry"],"yoast_head":"<!-- This site is optimized with the Yoast SEO plugin v23.6 - https:\/\/yoast.com\/wordpress\/plugins\/seo\/ -->\n<title>AS 6194-95 - Frensch-Regeltechnik<\/title>\n<meta name=\"robots\" content=\"index, follow, max-snippet:-1, max-image-preview:large, max-video-preview:-1\" \/>\n<link rel=\"canonical\" href=\"https:\/\/regeltechnik.frensch.de\/en\/products\/as-6194-95\/\" \/>\n<meta property=\"og:locale\" content=\"en_US\" \/>\n<meta property=\"og:type\" content=\"article\" \/>\n<meta property=\"og:title\" content=\"AS 6194-95 - Frensch-Regeltechnik\" \/>\n<meta property=\"og:description\" content=\"AS 6194 \u2013 AS 6195 charge controllerAccommodation station for charging floor heaters with four (AS 6194) or two (AS 6195) control circuits The Production and support of this charging controller will soon be discontinued.Sale will only be available while stocks last. The AS 6194 and AS 6195 are charge controllers (accommodation stations) featuring ultra modern [&hellip;]\" \/>\n<meta property=\"og:url\" content=\"https:\/\/regeltechnik.frensch.de\/en\/products\/as-6194-95\/\" \/>\n<meta property=\"og:site_name\" content=\"Frensch-Regeltechnik\" \/>\n<meta property=\"article:modified_time\" content=\"2024-10-14T11:57:38+00:00\" \/>\n<meta name=\"twitter:card\" content=\"summary_large_image\" \/>\n<meta name=\"twitter:label1\" content=\"Est. reading time\" \/>\n\t<meta name=\"twitter:data1\" content=\"2 minutes\" \/>\n<script type=\"application\/ld+json\" class=\"yoast-schema-graph\">{\"@context\":\"https:\/\/schema.org\",\"@graph\":[{\"@type\":\"WebPage\",\"@id\":\"https:\/\/regeltechnik.frensch.de\/en\/products\/as-6194-95\/\",\"url\":\"https:\/\/regeltechnik.frensch.de\/en\/products\/as-6194-95\/\",\"name\":\"AS 6194-95 - Frensch-Regeltechnik\",\"isPartOf\":{\"@id\":\"https:\/\/regeltechnik.frensch.de\/en\/#website\"},\"datePublished\":\"2023-02-05T20:20:00+00:00\",\"dateModified\":\"2024-10-14T11:57:38+00:00\",\"breadcrumb\":{\"@id\":\"https:\/\/regeltechnik.frensch.de\/en\/products\/as-6194-95\/#breadcrumb\"},\"inLanguage\":\"en-US\",\"potentialAction\":[{\"@type\":\"ReadAction\",\"target\":[\"https:\/\/regeltechnik.frensch.de\/en\/products\/as-6194-95\/\"]}]},{\"@type\":\"BreadcrumbList\",\"@id\":\"https:\/\/regeltechnik.frensch.de\/en\/products\/as-6194-95\/#breadcrumb\",\"itemListElement\":[{\"@type\":\"ListItem\",\"position\":1,\"name\":\"Startseite\",\"item\":\"https:\/\/regeltechnik.frensch.de\/en\/\"},{\"@type\":\"ListItem\",\"position\":2,\"name\":\"Products\",\"item\":\"https:\/\/regeltechnik.frensch.de\/en\/products\/\"},{\"@type\":\"ListItem\",\"position\":3,\"name\":\"AS 6194-95\"}]},{\"@type\":\"WebSite\",\"@id\":\"https:\/\/regeltechnik.frensch.de\/en\/#website\",\"url\":\"https:\/\/regeltechnik.frensch.de\/en\/\",\"name\":\"Frensch-Regeltechnik\",\"description\":\"\",\"publisher\":{\"@id\":\"https:\/\/regeltechnik.frensch.de\/en\/#organization\"},\"potentialAction\":[{\"@type\":\"SearchAction\",\"target\":{\"@type\":\"EntryPoint\",\"urlTemplate\":\"https:\/\/regeltechnik.frensch.de\/en\/?s={search_term_string}\"},\"query-input\":{\"@type\":\"PropertyValueSpecification\",\"valueRequired\":true,\"valueName\":\"search_term_string\"}}],\"inLanguage\":\"en-US\"},{\"@type\":\"Organization\",\"@id\":\"https:\/\/regeltechnik.frensch.de\/en\/#organization\",\"name\":\"Frensch GmbH\",\"url\":\"https:\/\/regeltechnik.frensch.de\/en\/\",\"logo\":{\"@type\":\"ImageObject\",\"inLanguage\":\"en-US\",\"@id\":\"https:\/\/regeltechnik.frensch.de\/en\/#\/schema\/logo\/image\/\",\"url\":\"https:\/\/betaregeltechnik.frensch.de\/wp-content\/uploads\/FFB959F7-5A1F-4613-AB53-4D53CDE0F327.png\",\"contentUrl\":\"https:\/\/betaregeltechnik.frensch.de\/wp-content\/uploads\/FFB959F7-5A1F-4613-AB53-4D53CDE0F327.png\",\"width\":136,\"height\":136,\"caption\":\"Frensch GmbH\"},\"image\":{\"@id\":\"https:\/\/regeltechnik.frensch.de\/en\/#\/schema\/logo\/image\/\"}}]}<\/script>\n<!-- \/ Yoast SEO plugin. -->","yoast_head_json":{"title":"AS 6194-95 - Frensch-Regeltechnik","robots":{"index":"index","follow":"follow","max-snippet":"max-snippet:-1","max-image-preview":"max-image-preview:large","max-video-preview":"max-video-preview:-1"},"canonical":"https:\/\/regeltechnik.frensch.de\/en\/products\/as-6194-95\/","og_locale":"en_US","og_type":"article","og_title":"AS 6194-95 - Frensch-Regeltechnik","og_description":"AS 6194 \u2013 AS 6195 charge controllerAccommodation station for charging floor heaters with four (AS 6194) or two (AS 6195) control circuits The Production and support of this charging controller will soon be discontinued.Sale will only be available while stocks last. The AS 6194 and AS 6195 are charge controllers (accommodation stations) featuring ultra modern [&hellip;]","og_url":"https:\/\/regeltechnik.frensch.de\/en\/products\/as-6194-95\/","og_site_name":"Frensch-Regeltechnik","article_modified_time":"2024-10-14T11:57:38+00:00","twitter_card":"summary_large_image","twitter_misc":{"Est. reading time":"2 minutes"},"schema":{"@context":"https:\/\/schema.org","@graph":[{"@type":"WebPage","@id":"https:\/\/regeltechnik.frensch.de\/en\/products\/as-6194-95\/","url":"https:\/\/regeltechnik.frensch.de\/en\/products\/as-6194-95\/","name":"AS 6194-95 - Frensch-Regeltechnik","isPartOf":{"@id":"https:\/\/regeltechnik.frensch.de\/en\/#website"},"datePublished":"2023-02-05T20:20:00+00:00","dateModified":"2024-10-14T11:57:38+00:00","breadcrumb":{"@id":"https:\/\/regeltechnik.frensch.de\/en\/products\/as-6194-95\/#breadcrumb"},"inLanguage":"en-US","potentialAction":[{"@type":"ReadAction","target":["https:\/\/regeltechnik.frensch.de\/en\/products\/as-6194-95\/"]}]},{"@type":"BreadcrumbList","@id":"https:\/\/regeltechnik.frensch.de\/en\/products\/as-6194-95\/#breadcrumb","itemListElement":[{"@type":"ListItem","position":1,"name":"Startseite","item":"https:\/\/regeltechnik.frensch.de\/en\/"},{"@type":"ListItem","position":2,"name":"Products","item":"https:\/\/regeltechnik.frensch.de\/en\/products\/"},{"@type":"ListItem","position":3,"name":"AS 6194-95"}]},{"@type":"WebSite","@id":"https:\/\/regeltechnik.frensch.de\/en\/#website","url":"https:\/\/regeltechnik.frensch.de\/en\/","name":"Frensch-Regeltechnik","description":"","publisher":{"@id":"https:\/\/regeltechnik.frensch.de\/en\/#organization"},"potentialAction":[{"@type":"SearchAction","target":{"@type":"EntryPoint","urlTemplate":"https:\/\/regeltechnik.frensch.de\/en\/?s={search_term_string}"},"query-input":{"@type":"PropertyValueSpecification","valueRequired":true,"valueName":"search_term_string"}}],"inLanguage":"en-US"},{"@type":"Organization","@id":"https:\/\/regeltechnik.frensch.de\/en\/#organization","name":"Frensch GmbH","url":"https:\/\/regeltechnik.frensch.de\/en\/","logo":{"@type":"ImageObject","inLanguage":"en-US","@id":"https:\/\/regeltechnik.frensch.de\/en\/#\/schema\/logo\/image\/","url":"https:\/\/betaregeltechnik.frensch.de\/wp-content\/uploads\/FFB959F7-5A1F-4613-AB53-4D53CDE0F327.png","contentUrl":"https:\/\/betaregeltechnik.frensch.de\/wp-content\/uploads\/FFB959F7-5A1F-4613-AB53-4D53CDE0F327.png","width":136,"height":136,"caption":"Frensch GmbH"},"image":{"@id":"https:\/\/regeltechnik.frensch.de\/en\/#\/schema\/logo\/image\/"}}]}},"_links":{"self":[{"href":"https:\/\/regeltechnik.frensch.de\/en\/wp-json\/wp\/v2\/pages\/387","targetHints":{"allow":["GET"]}}],"collection":[{"href":"https:\/\/regeltechnik.frensch.de\/en\/wp-json\/wp\/v2\/pages"}],"about":[{"href":"https:\/\/regeltechnik.frensch.de\/en\/wp-json\/wp\/v2\/types\/page"}],"author":[{"embeddable":true,"href":"https:\/\/regeltechnik.frensch.de\/en\/wp-json\/wp\/v2\/users\/1"}],"replies":[{"embeddable":true,"href":"https:\/\/regeltechnik.frensch.de\/en\/wp-json\/wp\/v2\/comments?post=387"}],"version-history":[{"count":7,"href":"https:\/\/regeltechnik.frensch.de\/en\/wp-json\/wp\/v2\/pages\/387\/revisions"}],"predecessor-version":[{"id":822,"href":"https:\/\/regeltechnik.frensch.de\/en\/wp-json\/wp\/v2\/pages\/387\/revisions\/822"}],"up":[{"embeddable":true,"href":"https:\/\/regeltechnik.frensch.de\/en\/wp-json\/wp\/v2\/pages\/269"}],"wp:attachment":[{"href":"https:\/\/regeltechnik.frensch.de\/en\/wp-json\/wp\/v2\/media?parent=387"}],"curies":[{"name":"wp","href":"https:\/\/api.w.org\/{rel}","templated":true}]}}