{"id":376,"date":"2023-02-05T21:10:59","date_gmt":"2023-02-05T20:10:59","guid":{"rendered":"https:\/\/betaregeltechnik.frensch.de\/?page_id=376"},"modified":"2024-10-14T13:58:19","modified_gmt":"2024-10-14T11:58:19","slug":"as-6184","status":"publish","type":"page","link":"https:\/\/regeltechnik.frensch.de\/en\/products\/as-6184\/","title":{"rendered":"AS 6184"},"content":{"rendered":"<p>[et_pb_section fb_built=&#8221;1&#8243; _builder_version=&#8221;4.16&#8243; _module_preset=&#8221;default&#8221; global_colors_info=&#8221;{}&#8221;][et_pb_row _builder_version=&#8221;4.16&#8243; _module_preset=&#8221;default&#8221; custom_padding=&#8221;||0px||false|false&#8221; global_colors_info=&#8221;{}&#8221;][et_pb_column type=&#8221;4_4&#8243; _builder_version=&#8221;4.16&#8243; _module_preset=&#8221;default&#8221; global_colors_info=&#8221;{}&#8221;][et_pb_text admin_label=&#8221;AS 6184 charge controller&#8221; _builder_version=&#8221;4.16&#8243; _module_preset=&#8221;default&#8221; global_colors_info=&#8221;{}&#8221;]<\/p>\n<h2>AS 6184 charge controller<\/h2>\n<p>[\/et_pb_text][\/et_pb_column][\/et_pb_row][et_pb_row column_structure=&#8221;2_3,1_3&#8243; _builder_version=&#8221;4.16&#8243; _module_preset=&#8221;default&#8221; global_colors_info=&#8221;{}&#8221;][et_pb_column type=&#8221;2_3&#8243; _builder_version=&#8221;4.16&#8243; _module_preset=&#8221;default&#8221; global_colors_info=&#8221;{}&#8221;][et_pb_text admin_label=&#8221;Text&#8221; module_class=&#8221;product-content&#8221; _builder_version=&#8221;4.19.5&#8243; _module_preset=&#8221;default&#8221; global_colors_info=&#8221;{}&#8221;]<\/p>\n<h3>Central hot water \/ solid tank actuation by microcomputer<\/h3>\n<p><span style=\"color: #ff0000;\"><strong>The Production and support of this charging controller will soon be discontinued.<br \/>Sale will only be available while stocks last.<\/strong><\/span><\/p>\n<p>The AS 6184 is a microcomputer-based charge controller that calculates the charge volume for central tank systems. The new features include queries for the contactor\u2019s charge time in the last off-peak tariff, pin compatibility with the predecessor AS 5184, and a separate contactor output. The charge controller\u2019s functions are tested at the buttons \u201cLS\u201d and \u201cE2\u201d, which are pressed at the same time. A switch on the device\u2019s rear panel selects both the weather sensor WF-E-55 (for existing installations) and the standardized sensor WF-N-1 (for new installations).<\/p>\n<p>Residual heat detectors<\/p>\n<ol>\n<li>AS 6184 NTC 1 to 7 NTC residual heat sensors (replacement needs for existing installations with AS 4184 \/ 084)<\/li>\n<li>AS 6184 PT 100 PT 100<\/li>\n<li>AS 6184 Thermo CrNi thermoelement<\/li>\n<\/ol>\n<p>a. for central water tanks; b., c. for solid tanks<\/p>\n<ul>\n<li>Temperature characteristics based on the day\u2019s mean values<\/li>\n<li>Displayed value for ultra precise potentiometer settings<\/li>\n<li>Self-adjusting timer<\/li>\n<li>Timer compensates random disruptions<\/li>\n<li>Four-panel LCD display, also with actual device status<\/li>\n<li>Detection of incorrect settings<\/li>\n<li>Sensor break and short-circuit detection<\/li>\n<li>Optimal day recharging settings<\/li>\n<li>Preferred charging mode can be configured at any point between forward supervision, central spread, and backward supervision<\/li>\n<\/ul>\n<p>[\/et_pb_text][\/et_pb_column][et_pb_column type=&#8221;1_3&#8243; _builder_version=&#8221;4.16&#8243; _module_preset=&#8221;default&#8221; global_colors_info=&#8221;{}&#8221;][et_pb_image src=&#8221;https:\/\/betaregeltechnik.frensch.de\/wp-content\/uploads\/DSC_1861_6184.jpg&#8221; title_text=&#8221;DSC_1861_6184&#8243; _builder_version=&#8221;4.16&#8243; _module_preset=&#8221;default&#8221; custom_margin=&#8221;||0px||false|false&#8221; global_colors_info=&#8221;{}&#8221;][\/et_pb_image][et_pb_image src=&#8221;https:\/\/betaregeltechnik.frensch.de\/wp-content\/uploads\/TZ_6184.jpg&#8221; title_text=&#8221;TZ_6184&#8243; _builder_version=&#8221;4.16&#8243; _module_preset=&#8221;default&#8221; global_colors_info=&#8221;{}&#8221;][\/et_pb_image][et_pb_text disabled_on=&#8221;on|on|on&#8221; _builder_version=&#8221;4.16&#8243; _module_preset=&#8221;default&#8221; disabled=&#8221;on&#8221; global_colors_info=&#8221;{}&#8221;]<\/p>\n<h2>Downloads<\/h2>\n<p><div class='w3eden'><!-- WPDM Link Template: Widget Template -->\n\n<div class=\"media well link-template-widget\">\n    <a class=\"mr-3 img-48\" href=\"https:\/\/regeltechnik.frensch.de\/en\/download\/as_6184_de-pdf\/\">\n        <img decoding=\"async\" class=\"wpdm_icon\" alt=\"Icon\"   src=\"https:\/\/betaregeltechnik.frensch.de\/wp-content\/plugins\/download-manager\/assets\/file-type-icons\/pdf.svg\" \/>\n    <\/a>\n    <div class=\"media-body\">\n        <a href=\"https:\/\/regeltechnik.frensch.de\/en\/download\/as_6184_de-pdf\/\" style=\"display: block;clear: bottom;font-size: 11pt;font-weight: bold;\">AS_6184_DE.pdf<\/a>\n        <div style=\"font-size: 9pt;\">\n            <i class=\"fas fa-hdd color-green\"><\/i> 1.56 MB <i class=\"fa fa-copy ml-3\"><\/i>\n            1 file(s)\n        <\/div>\n    <\/div>\n<\/div>\n\n<\/div><br \/>\n<div class='w3eden'><!-- WPDM Link Template: Widget Template -->\n\n<div class=\"media well link-template-widget\">\n    <a class=\"mr-3 img-48\" href=\"https:\/\/regeltechnik.frensch.de\/en\/download\/sockelschaltbild_6184\/\">\n        <img decoding=\"async\" class=\"wpdm_icon\" alt=\"Icon\"   src=\"https:\/\/betaregeltechnik.frensch.de\/wp-content\/plugins\/download-manager\/assets\/file-type-icons\/pdf.svg\" \/>\n    <\/a>\n    <div class=\"media-body\">\n        <a href=\"https:\/\/regeltechnik.frensch.de\/en\/download\/sockelschaltbild_6184\/\" style=\"display: block;clear: bottom;font-size: 11pt;font-weight: bold;\">Sockelschaltbild_6184.pdf<\/a>\n        <div style=\"font-size: 9pt;\">\n            <i class=\"fas fa-hdd color-green\"><\/i> 33.21 KB <i class=\"fa fa-copy ml-3\"><\/i>\n            1 file(s)\n        <\/div>\n    <\/div>\n<\/div>\n\n<\/div><br \/>\n[\/et_pb_text][\/et_pb_column][\/et_pb_row][\/et_pb_section]<\/p>\n","protected":false},"excerpt":{"rendered":"<p>AS 6184 charge controllerCentral hot water \/ solid tank actuation by microcomputer The Production and support of this charging controller will soon be discontinued.Sale will only be available while stocks last. The AS 6184 is a microcomputer-based charge controller that calculates the charge volume for central tank systems. The new features include queries for the [&hellip;]<\/p>\n","protected":false},"author":1,"featured_media":0,"parent":269,"menu_order":0,"comment_status":"closed","ping_status":"closed","template":"","meta":{"_et_pb_use_builder":"on","_et_pb_old_content":"<p>[et_pb_section fb_built=\"1\" _builder_version=\"4.14.7\" _module_preset=\"default\" global_colors_info=\"{}\"][et_pb_row _builder_version=\"4.14.7\" _module_preset=\"default\" custom_padding=\"||0px||false|false\" global_colors_info=\"{}\"][et_pb_column type=\"4_4\" _builder_version=\"4.14.7\" _module_preset=\"default\" global_colors_info=\"{}\"][et_pb_text admin_label=\"Aufladesteuerung AS 6184\" _builder_version=\"4.14.7\" _module_preset=\"default\" global_colors_info=\"{}\"]<\/p><h2>Aufladesteuerung AS 6184<\/h2><p>[\/et_pb_text][\/et_pb_column][\/et_pb_row][et_pb_row column_structure=\"2_3,1_3\" _builder_version=\"4.14.7\" _module_preset=\"default\" global_colors_info=\"{}\"][et_pb_column type=\"2_3\" _builder_version=\"4.14.7\" _module_preset=\"default\" global_colors_info=\"{}\"][et_pb_text admin_label=\"Text\" module_class=\"product-content\" _builder_version=\"4.14.7\" _module_preset=\"default\" global_colors_info=\"{}\"]<\/p><h3>Mikrocomputer zur Ansteuerung von Zentralspeichern \u2013 Warmwasser\/Feststoff<\/h3><p>Die AS 6184 ist eine mikrocomputergesteuerte Aufladesteuerung, die die Lademenge f\u00fcr Zentralspeichersysteme bestimmt. Zu den Neuerungen geh\u00f6ren, dass die Ladezeit des Sch\u00fctzes im letzten Niedertarif abgefragt werden kann, eine Pin-Kompatibilit\u00e4t zum Vorg\u00e4nger AS 5184 sowie ein separater Sch\u00fctzausgang. F\u00fcr eine Funktionskontrolle der Aufladesteuerung m\u00fcssen nur die Tasten \u201eLS\u201c und \u201eE2\u201c gleichzeitig gedr\u00fcckt werden. Durch einen Schalter auf der Ger\u00e4ter\u00fcckseite ist sowohl der Witterungsf\u00fchler WF-E-55 (bei bestehenden Anlagen) als auch der Normf\u00fchler WF-N-1 (bei Neuanlagen) anw\u00e4hlbar.<\/p><p>Typ Ausf\u00fchrung Restw\u00e4rmeerfassung<\/p><ol><li>AS 6184 NTC 1 bis 7 NTC Restw\u00e4rmef\u00fchler<br \/>(Ersatzbedarf f\u00fcr bereits bestehende Anlagen mit AS 4184\/084)<\/li><li>AS 6184 PT 100 PT 100<\/li><li>AS 6184 Thermo Thermoelement CrNi<\/li><\/ol><p>a. f\u00fcr Wasser-Zentralspeicher, b., c. f\u00fcr Feststoffspeicher<\/p><ul><li>Berechnung der Kennlinie nach der Tagesmitteltemperatur<\/li><li>Genauste Einstellung der Potentiometer durch Anzeige des eingestellten Wertes auf dem Display<\/li><li>Selbst anpassendes Zeitglied<\/li><li>Beliebige Unterbrechungen werden vom Zeitglied ausgeglichen 4-stellige LCD-Anzeige mit zus\u00e4tzlicher Anzeige<\/li><li>des Ger\u00e4te- Istzustandes<\/li><li>Erkennung einer Fehleinstellung<\/li><li>F\u00fchler-Bruch-, bzw. Kurzschlusserkennung<\/li><li>Optimale Einstellm\u00f6glichkeiten der Tag-Nachladung<\/li><li>Ladeschwerpunkt stufenlos von Vorw\u00e4rtssteuerung \u00fcber Mittelspreizung bis R\u00fcckw\u00e4rtssteuerung einstellbar<\/li><\/ul><p>[\/et_pb_text][\/et_pb_column][et_pb_column type=\"1_3\" _builder_version=\"4.14.7\" _module_preset=\"default\" global_colors_info=\"{}\"][et_pb_image src=\"https:\/\/betaregeltechnik.frensch.de\/wp-content\/uploads\/DSC_1861_6184.jpg\" title_text=\"DSC_1861_6184\" _builder_version=\"4.14.7\" _module_preset=\"default\" custom_margin=\"||0px||false|false\" global_colors_info=\"{}\"][\/et_pb_image][et_pb_image src=\"https:\/\/betaregeltechnik.frensch.de\/wp-content\/uploads\/TZ_6184.jpg\" title_text=\"TZ_6184\" _builder_version=\"4.14.7\" _module_preset=\"default\" global_colors_info=\"{}\"][\/et_pb_image][et_pb_text _builder_version=\"4.14.7\" _module_preset=\"default\" hover_enabled=\"0\" global_colors_info=\"{}\" sticky_enabled=\"0\"]<\/p><h2>Downloads<\/h2><p>[wpdm_package id='242' template=\"link-template-widget\"]<br \/>[wpdm_package id='243' template=\"link-template-widget\"]<\/p><p>[\/et_pb_text][\/et_pb_column][\/et_pb_row][\/et_pb_section]<\/p>","_et_gb_content_width":"","footnotes":""},"class_list":["post-376","page","type-page","status-publish","hentry"],"yoast_head":"<!-- This site is optimized with the Yoast SEO plugin v23.6 - https:\/\/yoast.com\/wordpress\/plugins\/seo\/ -->\n<title>AS 6184 - Frensch-Regeltechnik<\/title>\n<meta name=\"robots\" content=\"index, follow, max-snippet:-1, max-image-preview:large, max-video-preview:-1\" \/>\n<link rel=\"canonical\" href=\"https:\/\/regeltechnik.frensch.de\/en\/products\/as-6184\/\" \/>\n<meta property=\"og:locale\" content=\"en_US\" \/>\n<meta property=\"og:type\" content=\"article\" \/>\n<meta property=\"og:title\" content=\"AS 6184 - Frensch-Regeltechnik\" \/>\n<meta property=\"og:description\" content=\"AS 6184 charge controllerCentral hot water \/ solid tank actuation by microcomputer The Production and support of this charging controller will soon be discontinued.Sale will only be available while stocks last. The AS 6184 is a microcomputer-based charge controller that calculates the charge volume for central tank systems. The new features include queries for the [&hellip;]\" \/>\n<meta property=\"og:url\" content=\"https:\/\/regeltechnik.frensch.de\/en\/products\/as-6184\/\" \/>\n<meta property=\"og:site_name\" content=\"Frensch-Regeltechnik\" \/>\n<meta property=\"article:modified_time\" content=\"2024-10-14T11:58:19+00:00\" \/>\n<meta name=\"twitter:card\" content=\"summary_large_image\" \/>\n<meta name=\"twitter:label1\" content=\"Est. reading time\" \/>\n\t<meta name=\"twitter:data1\" content=\"2 minutes\" \/>\n<script type=\"application\/ld+json\" class=\"yoast-schema-graph\">{\"@context\":\"https:\/\/schema.org\",\"@graph\":[{\"@type\":\"WebPage\",\"@id\":\"https:\/\/regeltechnik.frensch.de\/en\/products\/as-6184\/\",\"url\":\"https:\/\/regeltechnik.frensch.de\/en\/products\/as-6184\/\",\"name\":\"AS 6184 - Frensch-Regeltechnik\",\"isPartOf\":{\"@id\":\"https:\/\/regeltechnik.frensch.de\/en\/#website\"},\"datePublished\":\"2023-02-05T20:10:59+00:00\",\"dateModified\":\"2024-10-14T11:58:19+00:00\",\"breadcrumb\":{\"@id\":\"https:\/\/regeltechnik.frensch.de\/en\/products\/as-6184\/#breadcrumb\"},\"inLanguage\":\"en-US\",\"potentialAction\":[{\"@type\":\"ReadAction\",\"target\":[\"https:\/\/regeltechnik.frensch.de\/en\/products\/as-6184\/\"]}]},{\"@type\":\"BreadcrumbList\",\"@id\":\"https:\/\/regeltechnik.frensch.de\/en\/products\/as-6184\/#breadcrumb\",\"itemListElement\":[{\"@type\":\"ListItem\",\"position\":1,\"name\":\"Startseite\",\"item\":\"https:\/\/regeltechnik.frensch.de\/en\/\"},{\"@type\":\"ListItem\",\"position\":2,\"name\":\"Products\",\"item\":\"https:\/\/regeltechnik.frensch.de\/en\/products\/\"},{\"@type\":\"ListItem\",\"position\":3,\"name\":\"AS 6184\"}]},{\"@type\":\"WebSite\",\"@id\":\"https:\/\/regeltechnik.frensch.de\/en\/#website\",\"url\":\"https:\/\/regeltechnik.frensch.de\/en\/\",\"name\":\"Frensch-Regeltechnik\",\"description\":\"\",\"publisher\":{\"@id\":\"https:\/\/regeltechnik.frensch.de\/en\/#organization\"},\"potentialAction\":[{\"@type\":\"SearchAction\",\"target\":{\"@type\":\"EntryPoint\",\"urlTemplate\":\"https:\/\/regeltechnik.frensch.de\/en\/?s={search_term_string}\"},\"query-input\":{\"@type\":\"PropertyValueSpecification\",\"valueRequired\":true,\"valueName\":\"search_term_string\"}}],\"inLanguage\":\"en-US\"},{\"@type\":\"Organization\",\"@id\":\"https:\/\/regeltechnik.frensch.de\/en\/#organization\",\"name\":\"Frensch GmbH\",\"url\":\"https:\/\/regeltechnik.frensch.de\/en\/\",\"logo\":{\"@type\":\"ImageObject\",\"inLanguage\":\"en-US\",\"@id\":\"https:\/\/regeltechnik.frensch.de\/en\/#\/schema\/logo\/image\/\",\"url\":\"https:\/\/betaregeltechnik.frensch.de\/wp-content\/uploads\/FFB959F7-5A1F-4613-AB53-4D53CDE0F327.png\",\"contentUrl\":\"https:\/\/betaregeltechnik.frensch.de\/wp-content\/uploads\/FFB959F7-5A1F-4613-AB53-4D53CDE0F327.png\",\"width\":136,\"height\":136,\"caption\":\"Frensch GmbH\"},\"image\":{\"@id\":\"https:\/\/regeltechnik.frensch.de\/en\/#\/schema\/logo\/image\/\"}}]}<\/script>\n<!-- \/ Yoast SEO plugin. -->","yoast_head_json":{"title":"AS 6184 - Frensch-Regeltechnik","robots":{"index":"index","follow":"follow","max-snippet":"max-snippet:-1","max-image-preview":"max-image-preview:large","max-video-preview":"max-video-preview:-1"},"canonical":"https:\/\/regeltechnik.frensch.de\/en\/products\/as-6184\/","og_locale":"en_US","og_type":"article","og_title":"AS 6184 - Frensch-Regeltechnik","og_description":"AS 6184 charge controllerCentral hot water \/ solid tank actuation by microcomputer The Production and support of this charging controller will soon be discontinued.Sale will only be available while stocks last. The AS 6184 is a microcomputer-based charge controller that calculates the charge volume for central tank systems. The new features include queries for the [&hellip;]","og_url":"https:\/\/regeltechnik.frensch.de\/en\/products\/as-6184\/","og_site_name":"Frensch-Regeltechnik","article_modified_time":"2024-10-14T11:58:19+00:00","twitter_card":"summary_large_image","twitter_misc":{"Est. reading time":"2 minutes"},"schema":{"@context":"https:\/\/schema.org","@graph":[{"@type":"WebPage","@id":"https:\/\/regeltechnik.frensch.de\/en\/products\/as-6184\/","url":"https:\/\/regeltechnik.frensch.de\/en\/products\/as-6184\/","name":"AS 6184 - Frensch-Regeltechnik","isPartOf":{"@id":"https:\/\/regeltechnik.frensch.de\/en\/#website"},"datePublished":"2023-02-05T20:10:59+00:00","dateModified":"2024-10-14T11:58:19+00:00","breadcrumb":{"@id":"https:\/\/regeltechnik.frensch.de\/en\/products\/as-6184\/#breadcrumb"},"inLanguage":"en-US","potentialAction":[{"@type":"ReadAction","target":["https:\/\/regeltechnik.frensch.de\/en\/products\/as-6184\/"]}]},{"@type":"BreadcrumbList","@id":"https:\/\/regeltechnik.frensch.de\/en\/products\/as-6184\/#breadcrumb","itemListElement":[{"@type":"ListItem","position":1,"name":"Startseite","item":"https:\/\/regeltechnik.frensch.de\/en\/"},{"@type":"ListItem","position":2,"name":"Products","item":"https:\/\/regeltechnik.frensch.de\/en\/products\/"},{"@type":"ListItem","position":3,"name":"AS 6184"}]},{"@type":"WebSite","@id":"https:\/\/regeltechnik.frensch.de\/en\/#website","url":"https:\/\/regeltechnik.frensch.de\/en\/","name":"Frensch-Regeltechnik","description":"","publisher":{"@id":"https:\/\/regeltechnik.frensch.de\/en\/#organization"},"potentialAction":[{"@type":"SearchAction","target":{"@type":"EntryPoint","urlTemplate":"https:\/\/regeltechnik.frensch.de\/en\/?s={search_term_string}"},"query-input":{"@type":"PropertyValueSpecification","valueRequired":true,"valueName":"search_term_string"}}],"inLanguage":"en-US"},{"@type":"Organization","@id":"https:\/\/regeltechnik.frensch.de\/en\/#organization","name":"Frensch GmbH","url":"https:\/\/regeltechnik.frensch.de\/en\/","logo":{"@type":"ImageObject","inLanguage":"en-US","@id":"https:\/\/regeltechnik.frensch.de\/en\/#\/schema\/logo\/image\/","url":"https:\/\/betaregeltechnik.frensch.de\/wp-content\/uploads\/FFB959F7-5A1F-4613-AB53-4D53CDE0F327.png","contentUrl":"https:\/\/betaregeltechnik.frensch.de\/wp-content\/uploads\/FFB959F7-5A1F-4613-AB53-4D53CDE0F327.png","width":136,"height":136,"caption":"Frensch GmbH"},"image":{"@id":"https:\/\/regeltechnik.frensch.de\/en\/#\/schema\/logo\/image\/"}}]}},"_links":{"self":[{"href":"https:\/\/regeltechnik.frensch.de\/en\/wp-json\/wp\/v2\/pages\/376","targetHints":{"allow":["GET"]}}],"collection":[{"href":"https:\/\/regeltechnik.frensch.de\/en\/wp-json\/wp\/v2\/pages"}],"about":[{"href":"https:\/\/regeltechnik.frensch.de\/en\/wp-json\/wp\/v2\/types\/page"}],"author":[{"embeddable":true,"href":"https:\/\/regeltechnik.frensch.de\/en\/wp-json\/wp\/v2\/users\/1"}],"replies":[{"embeddable":true,"href":"https:\/\/regeltechnik.frensch.de\/en\/wp-json\/wp\/v2\/comments?post=376"}],"version-history":[{"count":6,"href":"https:\/\/regeltechnik.frensch.de\/en\/wp-json\/wp\/v2\/pages\/376\/revisions"}],"predecessor-version":[{"id":824,"href":"https:\/\/regeltechnik.frensch.de\/en\/wp-json\/wp\/v2\/pages\/376\/revisions\/824"}],"up":[{"embeddable":true,"href":"https:\/\/regeltechnik.frensch.de\/en\/wp-json\/wp\/v2\/pages\/269"}],"wp:attachment":[{"href":"https:\/\/regeltechnik.frensch.de\/en\/wp-json\/wp\/v2\/media?parent=376"}],"curies":[{"name":"wp","href":"https:\/\/api.w.org\/{rel}","templated":true}]}}