{"id":368,"date":"2023-02-04T15:51:12","date_gmt":"2023-02-04T14:51:12","guid":{"rendered":"https:\/\/betaregeltechnik.frensch.de\/?page_id=368"},"modified":"2024-10-14T13:58:44","modified_gmt":"2024-10-14T11:58:44","slug":"as-611","status":"publish","type":"page","link":"https:\/\/regeltechnik.frensch.de\/en\/products\/as-611\/","title":{"rendered":"AS 611"},"content":{"rendered":"<p>[et_pb_section fb_built=&#8221;1&#8243; _builder_version=&#8221;4.16&#8243; _module_preset=&#8221;default&#8221; global_colors_info=&#8221;{}&#8221;][et_pb_row _builder_version=&#8221;4.16&#8243; _module_preset=&#8221;default&#8221; custom_padding=&#8221;||0px||false|false&#8221; global_colors_info=&#8221;{}&#8221;][et_pb_column type=&#8221;4_4&#8243; _builder_version=&#8221;4.16&#8243; _module_preset=&#8221;default&#8221; global_colors_info=&#8221;{}&#8221;][et_pb_text admin_label=&#8221;AS 611 central controller&#8221; _builder_version=&#8221;4.16&#8243; _module_preset=&#8221;default&#8221; global_colors_info=&#8221;{}&#8221;]<\/p>\n<h2>AS 611 central controller<\/h2>\n<p>[\/et_pb_text][\/et_pb_column][\/et_pb_row][et_pb_row column_structure=&#8221;2_3,1_3&#8243; _builder_version=&#8221;4.16&#8243; _module_preset=&#8221;default&#8221; global_colors_info=&#8221;{}&#8221;][et_pb_column type=&#8221;2_3&#8243; _builder_version=&#8221;4.16&#8243; _module_preset=&#8221;default&#8221; global_colors_info=&#8221;{}&#8221;][et_pb_text admin_label=&#8221;Text&#8221; module_class=&#8221;product-content&#8221; _builder_version=&#8221;4.19.5&#8243; _module_preset=&#8221;default&#8221; global_colors_info=&#8221;{}&#8221;]<\/p>\n<h3>Storage heater actuation by microcomputer<\/h3>\n<p><span style=\"color: #ff0000;\"><strong>The Production and support of this charging controller will soon be discontinued.<br \/>Sale will only be available while stocks last.<\/strong><\/span><\/p>\n<p>The AS 611 is a charge controller featuring ultra modern microcomputer technology. An automated model the AS 611 calculates the charge volume for electrical storage heaters as a function of outdoor temperature and residual heat. It is suitable for actuating storage heaters with thermomechanical charge regulators (heatable liquid bulb thermostats, capillary sensors, thermal contactors).<\/p>\n<p>In addition to A1 signal derivation and optimization the AS 611 is pin-compatible with the predecessor model AS 511, featuring in addition a separate contactor output. The charge controller\u2019s functions are tested at the buttons \u201cLS\u201d and \u201cE2\u201d, which are pressed at the same time. In addition, day recharging can be suppressed (TS) at a temperature set between -10 \u00b0C and +10 \u00b0C.<\/p>\n<ul>\n<li>Temperature characteristics based on the day\u2019s mean values<\/li>\n<li>Displayed value for ultra precise potentiometer settings<\/li>\n<li>Self-adjusting timer<\/li>\n<li>Timer compensates random disruptions<\/li>\n<li>Four-panel LCD display, also with actual device status<\/li>\n<li>Detection of incorrect settings<\/li>\n<li>Sensor break and short-circuit detection<\/li>\n<li>Optimal day recharging settings<\/li>\n<li>Preferred charging mode can be configured at any point<\/li>\n<li>between forward supervision, central spread, and backward supervision<\/li>\n<\/ul>\n<p>[\/et_pb_text][\/et_pb_column][et_pb_column type=&#8221;1_3&#8243; _builder_version=&#8221;4.16&#8243; _module_preset=&#8221;default&#8221; global_colors_info=&#8221;{}&#8221;][et_pb_image src=&#8221;https:\/\/betaregeltechnik.frensch.de\/wp-content\/uploads\/DSC_1856_611.jpg&#8221; title_text=&#8221;DSC_1856_611&#8243; _builder_version=&#8221;4.16&#8243; _module_preset=&#8221;default&#8221; custom_margin=&#8221;||0px||false|false&#8221; global_colors_info=&#8221;{}&#8221;][\/et_pb_image][et_pb_image src=&#8221;https:\/\/betaregeltechnik.frensch.de\/wp-content\/uploads\/TZ_611.png&#8221; title_text=&#8221;TZ_611&#8243; _builder_version=&#8221;4.16&#8243; _module_preset=&#8221;default&#8221; global_colors_info=&#8221;{}&#8221;][\/et_pb_image][et_pb_text disabled_on=&#8221;on|on|on&#8221; _builder_version=&#8221;4.16&#8243; _module_preset=&#8221;default&#8221; disabled=&#8221;on&#8221; global_colors_info=&#8221;{}&#8221;]<\/p>\n<h2>Downloads<\/h2>\n<p><div class='w3eden'><!-- WPDM Link Template: Widget Template -->\n\n<div class=\"media well link-template-widget\">\n    <a class=\"mr-3 img-48\" href=\"https:\/\/regeltechnik.frensch.de\/en\/download\/as_611_de\/\">\n        <img decoding=\"async\" class=\"wpdm_icon\" alt=\"Icon\"   src=\"https:\/\/betaregeltechnik.frensch.de\/wp-content\/plugins\/download-manager\/assets\/file-type-icons\/pdf.svg\" \/>\n    <\/a>\n    <div class=\"media-body\">\n        <a href=\"https:\/\/regeltechnik.frensch.de\/en\/download\/as_611_de\/\" style=\"display: block;clear: bottom;font-size: 11pt;font-weight: bold;\">AS_611_DE.pdf<\/a>\n        <div style=\"font-size: 9pt;\">\n            <i class=\"fas fa-hdd color-green\"><\/i> 386.78 KB <i class=\"fa fa-copy ml-3\"><\/i>\n            1 file(s)\n        <\/div>\n    <\/div>\n<\/div>\n\n<\/div><br \/>\n<div class='w3eden'><!-- WPDM Link Template: Widget Template -->\n\n<div class=\"media well link-template-widget\">\n    <a class=\"mr-3 img-48\" href=\"https:\/\/regeltechnik.frensch.de\/en\/download\/sockelschaltbild_611\/\">\n        <img decoding=\"async\" class=\"wpdm_icon\" alt=\"Icon\"   src=\"https:\/\/betaregeltechnik.frensch.de\/wp-content\/plugins\/download-manager\/assets\/file-type-icons\/pdf.svg\" \/>\n    <\/a>\n    <div class=\"media-body\">\n        <a href=\"https:\/\/regeltechnik.frensch.de\/en\/download\/sockelschaltbild_611\/\" style=\"display: block;clear: bottom;font-size: 11pt;font-weight: bold;\">Sockelschaltbild_611.pdf<\/a>\n        <div style=\"font-size: 9pt;\">\n            <i class=\"fas fa-hdd color-green\"><\/i> 39.39 KB <i class=\"fa fa-copy ml-3\"><\/i>\n            1 file(s)\n        <\/div>\n    <\/div>\n<\/div>\n\n<\/div>[\/et_pb_text][\/et_pb_column][\/et_pb_row][\/et_pb_section]<\/p>\n","protected":false},"excerpt":{"rendered":"<p>AS 611 central controllerStorage heater actuation by microcomputer The Production and support of this charging controller will soon be discontinued.Sale will only be available while stocks last. The AS 611 is a charge controller featuring ultra modern microcomputer technology. An automated model the AS 611 calculates the charge volume for electrical storage heaters as a [&hellip;]<\/p>\n","protected":false},"author":1,"featured_media":0,"parent":269,"menu_order":0,"comment_status":"closed","ping_status":"closed","template":"","meta":{"_et_pb_use_builder":"on","_et_pb_old_content":"[et_pb_section fb_built=\"1\" _builder_version=\"4.14.7\" _module_preset=\"default\" global_colors_info=\"{}\"][et_pb_row _builder_version=\"4.14.7\" _module_preset=\"default\" hover_enabled=\"0\" global_colors_info=\"{}\" custom_padding=\"||0px||false|false\" sticky_enabled=\"0\"][et_pb_column type=\"4_4\" _builder_version=\"4.14.7\" _module_preset=\"default\" global_colors_info=\"{}\"][et_pb_text admin_label=\"Zentralsteuerger\u00e4t 611\" _builder_version=\"4.14.7\" _module_preset=\"default\" global_colors_info=\"{}\"]<h2>Zentralsteuerger\u00e4t 611<\/h2>[\/et_pb_text][\/et_pb_column][\/et_pb_row][et_pb_row column_structure=\"2_3,1_3\" _builder_version=\"4.14.7\" _module_preset=\"default\" global_colors_info=\"{}\"][et_pb_column type=\"2_3\" _builder_version=\"4.14.7\" _module_preset=\"default\" global_colors_info=\"{}\"][et_pb_text admin_label=\"Text\" module_class=\"product-content\" _builder_version=\"4.14.7\" _module_preset=\"default\" global_colors_info=\"{}\"]<h3>Mikrocomputer zur Ansteuerung von Speicherheizger\u00e4ten<\/h3>\r\n<p>Die AS 611 ist eine Aufladesteuerung, bei der modernste Mikrocomputertechnologie zum Einsatz kommt. Die Aufladeautomatik der AS 611 bestimmt die Lademenge f\u00fcr elektrische Speicherheizger\u00e4te nach Au\u00dfentemperatur und Restw\u00e4rme. Sie ist geeignet zum Ansteuern von Speicherheizger\u00e4ten mit thermomechanischen Aufladereglern (beheizbare Fl\u00fcssigkeitsthermostate, Kapillarf\u00fchler, Thermosch\u00fctz).<\/p>\r\n<p>Neben der A1-Signalableitung und -Signaloptimierung ist die AS 611 Pin-kompatibel zum Vorg\u00e4ngermodell AS 511 und besitzt einen separaten Sch\u00fctzausgang. Die Funktionskontrolle der Aufladesteuerung erfolgt durch gleichzeitiges Dr\u00fccken der Tasten \u201eLS\u201c und \u201eE2\u201c. Die Unterdr\u00fcckung (TS) der Tag-Nachladung ist zudem einstellbar zwischen -10\u00b0 C bis +10\u00b0 C.<\/p>\r\n<ul>\r\n<li>Berechnung der Kennlinie nach der Tagesmitteltemperatur<\/li>\r\n<li>Genauste Einstellung der Potentiometer durch Anzeige des<br \/>eingestellten Wertes auf dem Display<\/li>\r\n<li>Selbst anpassendes Zeitglied<\/li>\r\n<li>Beliebige Unterbrechungen werden vom Zeitglied ausgeglichen<\/li>\r\n<li>4-stellige LCD-Anzeige mit zus\u00e4tzlicher Anzeige des Ger\u00e4te-Istzustandes<\/li>\r\n<li>Erkennung einer Fehleinstellung<\/li>\r\n<li>F\u00fchler-Bruch-, bzw. Kurzschlu\u00dferkennung<\/li>\r\n<li>Optimale Einstellm\u00f6glichkeiten der Tag-Nachladung<\/li>\r\n<li>Ladeschwerpunkt stufenlos von Vorw\u00e4rtssteuerung \u00fcber<\/li>\r\n<li>Mittelspreizung bis R\u00fcckw\u00e4rtssteuerung einstellbar<\/li>\r\n<\/ul>[\/et_pb_text][\/et_pb_column][et_pb_column type=\"1_3\" _builder_version=\"4.14.7\" _module_preset=\"default\" global_colors_info=\"{}\"][et_pb_image src=\"https:\/\/betaregeltechnik.frensch.de\/wp-content\/uploads\/DSC_1856_611.jpg\" title_text=\"DSC_1856_611\" _builder_version=\"4.14.7\" _module_preset=\"default\" custom_margin=\"||0px||false|false\" global_colors_info=\"{}\"][\/et_pb_image][et_pb_image src=\"https:\/\/betaregeltechnik.frensch.de\/wp-content\/uploads\/TZ_611.png\" title_text=\"TZ_611\" _builder_version=\"4.14.7\" _module_preset=\"default\" global_colors_info=\"{}\"][\/et_pb_image][et_pb_text _builder_version=\"4.14.7\" _module_preset=\"default\" global_colors_info=\"{}\"]<h2>Downloads<\/h2>\r\n[wpdm_package id='73' template=\"link-template-widget\"]\r\n[wpdm_package id='86' template=\"link-template-widget\"][\/et_pb_text][\/et_pb_column][\/et_pb_row][\/et_pb_section]","_et_gb_content_width":"","footnotes":""},"class_list":["post-368","page","type-page","status-publish","hentry"],"yoast_head":"<!-- This site is optimized with the Yoast SEO plugin v23.6 - https:\/\/yoast.com\/wordpress\/plugins\/seo\/ -->\n<title>AS 611 - Frensch-Regeltechnik<\/title>\n<meta name=\"robots\" content=\"index, follow, max-snippet:-1, max-image-preview:large, max-video-preview:-1\" \/>\n<link rel=\"canonical\" href=\"https:\/\/regeltechnik.frensch.de\/en\/products\/as-611\/\" \/>\n<meta property=\"og:locale\" content=\"en_US\" \/>\n<meta property=\"og:type\" content=\"article\" \/>\n<meta property=\"og:title\" content=\"AS 611 - Frensch-Regeltechnik\" \/>\n<meta property=\"og:description\" content=\"AS 611 central controllerStorage heater actuation by microcomputer The Production and support of this charging controller will soon be discontinued.Sale will only be available while stocks last. The AS 611 is a charge controller featuring ultra modern microcomputer technology. An automated model the AS 611 calculates the charge volume for electrical storage heaters as a [&hellip;]\" \/>\n<meta property=\"og:url\" content=\"https:\/\/regeltechnik.frensch.de\/en\/products\/as-611\/\" \/>\n<meta property=\"og:site_name\" content=\"Frensch-Regeltechnik\" \/>\n<meta property=\"article:modified_time\" content=\"2024-10-14T11:58:44+00:00\" \/>\n<meta name=\"twitter:card\" content=\"summary_large_image\" \/>\n<meta name=\"twitter:label1\" content=\"Est. reading time\" \/>\n\t<meta name=\"twitter:data1\" content=\"2 minutes\" \/>\n<script type=\"application\/ld+json\" class=\"yoast-schema-graph\">{\"@context\":\"https:\/\/schema.org\",\"@graph\":[{\"@type\":\"WebPage\",\"@id\":\"https:\/\/regeltechnik.frensch.de\/en\/products\/as-611\/\",\"url\":\"https:\/\/regeltechnik.frensch.de\/en\/products\/as-611\/\",\"name\":\"AS 611 - Frensch-Regeltechnik\",\"isPartOf\":{\"@id\":\"https:\/\/regeltechnik.frensch.de\/en\/#website\"},\"datePublished\":\"2023-02-04T14:51:12+00:00\",\"dateModified\":\"2024-10-14T11:58:44+00:00\",\"breadcrumb\":{\"@id\":\"https:\/\/regeltechnik.frensch.de\/en\/products\/as-611\/#breadcrumb\"},\"inLanguage\":\"en-US\",\"potentialAction\":[{\"@type\":\"ReadAction\",\"target\":[\"https:\/\/regeltechnik.frensch.de\/en\/products\/as-611\/\"]}]},{\"@type\":\"BreadcrumbList\",\"@id\":\"https:\/\/regeltechnik.frensch.de\/en\/products\/as-611\/#breadcrumb\",\"itemListElement\":[{\"@type\":\"ListItem\",\"position\":1,\"name\":\"Startseite\",\"item\":\"https:\/\/regeltechnik.frensch.de\/en\/\"},{\"@type\":\"ListItem\",\"position\":2,\"name\":\"Products\",\"item\":\"https:\/\/regeltechnik.frensch.de\/en\/products\/\"},{\"@type\":\"ListItem\",\"position\":3,\"name\":\"AS 611\"}]},{\"@type\":\"WebSite\",\"@id\":\"https:\/\/regeltechnik.frensch.de\/en\/#website\",\"url\":\"https:\/\/regeltechnik.frensch.de\/en\/\",\"name\":\"Frensch-Regeltechnik\",\"description\":\"\",\"publisher\":{\"@id\":\"https:\/\/regeltechnik.frensch.de\/en\/#organization\"},\"potentialAction\":[{\"@type\":\"SearchAction\",\"target\":{\"@type\":\"EntryPoint\",\"urlTemplate\":\"https:\/\/regeltechnik.frensch.de\/en\/?s={search_term_string}\"},\"query-input\":{\"@type\":\"PropertyValueSpecification\",\"valueRequired\":true,\"valueName\":\"search_term_string\"}}],\"inLanguage\":\"en-US\"},{\"@type\":\"Organization\",\"@id\":\"https:\/\/regeltechnik.frensch.de\/en\/#organization\",\"name\":\"Frensch GmbH\",\"url\":\"https:\/\/regeltechnik.frensch.de\/en\/\",\"logo\":{\"@type\":\"ImageObject\",\"inLanguage\":\"en-US\",\"@id\":\"https:\/\/regeltechnik.frensch.de\/en\/#\/schema\/logo\/image\/\",\"url\":\"https:\/\/betaregeltechnik.frensch.de\/wp-content\/uploads\/FFB959F7-5A1F-4613-AB53-4D53CDE0F327.png\",\"contentUrl\":\"https:\/\/betaregeltechnik.frensch.de\/wp-content\/uploads\/FFB959F7-5A1F-4613-AB53-4D53CDE0F327.png\",\"width\":136,\"height\":136,\"caption\":\"Frensch GmbH\"},\"image\":{\"@id\":\"https:\/\/regeltechnik.frensch.de\/en\/#\/schema\/logo\/image\/\"}}]}<\/script>\n<!-- \/ Yoast SEO plugin. -->","yoast_head_json":{"title":"AS 611 - Frensch-Regeltechnik","robots":{"index":"index","follow":"follow","max-snippet":"max-snippet:-1","max-image-preview":"max-image-preview:large","max-video-preview":"max-video-preview:-1"},"canonical":"https:\/\/regeltechnik.frensch.de\/en\/products\/as-611\/","og_locale":"en_US","og_type":"article","og_title":"AS 611 - Frensch-Regeltechnik","og_description":"AS 611 central controllerStorage heater actuation by microcomputer The Production and support of this charging controller will soon be discontinued.Sale will only be available while stocks last. The AS 611 is a charge controller featuring ultra modern microcomputer technology. An automated model the AS 611 calculates the charge volume for electrical storage heaters as a [&hellip;]","og_url":"https:\/\/regeltechnik.frensch.de\/en\/products\/as-611\/","og_site_name":"Frensch-Regeltechnik","article_modified_time":"2024-10-14T11:58:44+00:00","twitter_card":"summary_large_image","twitter_misc":{"Est. reading time":"2 minutes"},"schema":{"@context":"https:\/\/schema.org","@graph":[{"@type":"WebPage","@id":"https:\/\/regeltechnik.frensch.de\/en\/products\/as-611\/","url":"https:\/\/regeltechnik.frensch.de\/en\/products\/as-611\/","name":"AS 611 - Frensch-Regeltechnik","isPartOf":{"@id":"https:\/\/regeltechnik.frensch.de\/en\/#website"},"datePublished":"2023-02-04T14:51:12+00:00","dateModified":"2024-10-14T11:58:44+00:00","breadcrumb":{"@id":"https:\/\/regeltechnik.frensch.de\/en\/products\/as-611\/#breadcrumb"},"inLanguage":"en-US","potentialAction":[{"@type":"ReadAction","target":["https:\/\/regeltechnik.frensch.de\/en\/products\/as-611\/"]}]},{"@type":"BreadcrumbList","@id":"https:\/\/regeltechnik.frensch.de\/en\/products\/as-611\/#breadcrumb","itemListElement":[{"@type":"ListItem","position":1,"name":"Startseite","item":"https:\/\/regeltechnik.frensch.de\/en\/"},{"@type":"ListItem","position":2,"name":"Products","item":"https:\/\/regeltechnik.frensch.de\/en\/products\/"},{"@type":"ListItem","position":3,"name":"AS 611"}]},{"@type":"WebSite","@id":"https:\/\/regeltechnik.frensch.de\/en\/#website","url":"https:\/\/regeltechnik.frensch.de\/en\/","name":"Frensch-Regeltechnik","description":"","publisher":{"@id":"https:\/\/regeltechnik.frensch.de\/en\/#organization"},"potentialAction":[{"@type":"SearchAction","target":{"@type":"EntryPoint","urlTemplate":"https:\/\/regeltechnik.frensch.de\/en\/?s={search_term_string}"},"query-input":{"@type":"PropertyValueSpecification","valueRequired":true,"valueName":"search_term_string"}}],"inLanguage":"en-US"},{"@type":"Organization","@id":"https:\/\/regeltechnik.frensch.de\/en\/#organization","name":"Frensch GmbH","url":"https:\/\/regeltechnik.frensch.de\/en\/","logo":{"@type":"ImageObject","inLanguage":"en-US","@id":"https:\/\/regeltechnik.frensch.de\/en\/#\/schema\/logo\/image\/","url":"https:\/\/betaregeltechnik.frensch.de\/wp-content\/uploads\/FFB959F7-5A1F-4613-AB53-4D53CDE0F327.png","contentUrl":"https:\/\/betaregeltechnik.frensch.de\/wp-content\/uploads\/FFB959F7-5A1F-4613-AB53-4D53CDE0F327.png","width":136,"height":136,"caption":"Frensch GmbH"},"image":{"@id":"https:\/\/regeltechnik.frensch.de\/en\/#\/schema\/logo\/image\/"}}]}},"_links":{"self":[{"href":"https:\/\/regeltechnik.frensch.de\/en\/wp-json\/wp\/v2\/pages\/368","targetHints":{"allow":["GET"]}}],"collection":[{"href":"https:\/\/regeltechnik.frensch.de\/en\/wp-json\/wp\/v2\/pages"}],"about":[{"href":"https:\/\/regeltechnik.frensch.de\/en\/wp-json\/wp\/v2\/types\/page"}],"author":[{"embeddable":true,"href":"https:\/\/regeltechnik.frensch.de\/en\/wp-json\/wp\/v2\/users\/1"}],"replies":[{"embeddable":true,"href":"https:\/\/regeltechnik.frensch.de\/en\/wp-json\/wp\/v2\/comments?post=368"}],"version-history":[{"count":6,"href":"https:\/\/regeltechnik.frensch.de\/en\/wp-json\/wp\/v2\/pages\/368\/revisions"}],"predecessor-version":[{"id":826,"href":"https:\/\/regeltechnik.frensch.de\/en\/wp-json\/wp\/v2\/pages\/368\/revisions\/826"}],"up":[{"embeddable":true,"href":"https:\/\/regeltechnik.frensch.de\/en\/wp-json\/wp\/v2\/pages\/269"}],"wp:attachment":[{"href":"https:\/\/regeltechnik.frensch.de\/en\/wp-json\/wp\/v2\/media?parent=368"}],"curies":[{"name":"wp","href":"https:\/\/api.w.org\/{rel}","templated":true}]}}