{"id":269,"date":"2023-02-04T15:49:07","date_gmt":"2023-02-04T14:49:07","guid":{"rendered":"https:\/\/betaregeltechnik.frensch.de\/?page_id=269"},"modified":"2023-02-06T08:02:43","modified_gmt":"2023-02-06T07:02:43","slug":"products","status":"publish","type":"page","link":"https:\/\/regeltechnik.frensch.de\/en\/products\/","title":{"rendered":"Products"},"content":{"rendered":"<p>[et_pb_section fb_built=&#8221;1&#8243; _builder_version=&#8221;4.16&#8243; _module_preset=&#8221;default&#8221; global_colors_info=&#8221;{}&#8221;][et_pb_row _builder_version=&#8221;4.16&#8243; _module_preset=&#8221;default&#8221; global_colors_info=&#8221;{}&#8221;][et_pb_column type=&#8221;4_4&#8243; _builder_version=&#8221;4.16&#8243; _module_preset=&#8221;default&#8221; global_colors_info=&#8221;{}&#8221;][et_pb_text admin_label=&#8221;The Frensch controllers&#8221; _builder_version=&#8221;4.19.5&#8243; _module_preset=&#8221;default&#8221; hover_enabled=&#8221;0&#8243; global_colors_info=&#8221;{}&#8221; sticky_enabled=&#8221;0&#8243;]<\/p>\n<h2>The Frensch controllers<\/h2>\n<p>[\/et_pb_text][et_pb_text admin_label=&#8221;Text&#8221; _builder_version=&#8221;4.19.5&#8243; _module_preset=&#8221;default&#8221; hover_enabled=&#8221;0&#8243; global_colors_info=&#8221;{}&#8221; sticky_enabled=&#8221;0&#8243;]Bearing the prefix AS61 the latest model generation of Frensch charge controllers boasts convincing new technology and enhanced software optimization. Moreover, all devices in this Series feature improved programming and new, helpful extra functions. This makes them even more powerful, efficient, and user-friendly. The following table presents an overview of the new AS 61 Series functions.[\/et_pb_text][dvmd_table_maker _builder_version=&#8221;4.16&#8243; _module_preset=&#8221;default&#8221; custom_margin=&#8221;-20px||||false|false&#8221; global_colors_info=&#8221;{}&#8221;][dvmd_table_maker_item col_label=&#8221;Ger\u00e4tetyp&#8221; col_content=&#8221;Ger\u00e4tetyp<br \/>\nA1 signal opzimization<br \/>\nHeating phase for drying screed<br \/>\nRuntime monitoring<br \/>\nDay suppression (TS)<br \/>\nSwitch to weather sensor WF-E\/WF-N<br \/>\nQuery for contactor\u00b4s charge time<br \/>\nFunction check on startup (LS+E2)<br \/>\nA1 signal<br \/>\nSH output&#8221; _builder_version=&#8221;4.16&#8243; _module_preset=&#8221;default&#8221; global_colors_info=&#8221;{}&#8221;][\/dvmd_table_maker_item][dvmd_table_maker_item col_label=&#8221;AS 6180&#8243; col_content=&#8221;AS 6180<\/p>\n<p>\u00b7<br \/>\n\u00b7<br \/>\n\u00b7<\/p>\n<p>\u00b7&#8221; _builder_version=&#8221;4.16&#8243; _module_preset=&#8221;default&#8221; global_colors_info=&#8221;{}&#8221;][\/dvmd_table_maker_item][dvmd_table_maker_item col_label=&#8221;AS 6190&#8243; col_content=&#8221;AS 6190<\/p>\n<p>\u00b7<br \/>\n\u00b7<br \/>\n\u00b7<\/p>\n<p>\u00b7<br \/>\n\u00b7<br \/>\n&#8221; _builder_version=&#8221;4.16&#8243; _module_preset=&#8221;default&#8221; global_colors_info=&#8221;{}&#8221;][\/dvmd_table_maker_item][dvmd_table_maker_item col_label=&#8221;AS 6194&#8243; col_content=&#8221;AS 6194<\/p>\n<p>\u00b7&#8221; _builder_version=&#8221;4.16&#8243; _module_preset=&#8221;default&#8221; global_colors_info=&#8221;{}&#8221;][\/dvmd_table_maker_item][dvmd_table_maker_item col_label=&#8221;AS 6195&#8243; col_content=&#8221;AS 6195<\/p>\n<p>\u00b7&#8221; _builder_version=&#8221;4.16&#8243; _module_preset=&#8221;default&#8221; global_colors_info=&#8221;{}&#8221;][\/dvmd_table_maker_item][dvmd_table_maker_item col_label=&#8221;AS 611&#8243; col_content=&#8221;AS 611<br \/>\n\u00b7<\/p>\n<p>\u00b7<br \/>\n\u00b7<\/p>\n<p>\u00b7<br \/>\n\u00b7<br \/>\n\u00b7&#8221; _builder_version=&#8221;4.16&#8243; _module_preset=&#8221;default&#8221; global_colors_info=&#8221;{}&#8221;][\/dvmd_table_maker_item][dvmd_table_maker_item col_label=&#8221;AS 6184&#8243; col_content=&#8221;AS 6184<\/p>\n<p>\u00b7<\/p>\n<p>\u00b7<br \/>\n\u00b7<br \/>\n\u00b7<\/p>\n<p>\u00b7&#8221; _builder_version=&#8221;4.16&#8243; _module_preset=&#8221;default&#8221; global_colors_info=&#8221;{}&#8221;][\/dvmd_table_maker_item][\/dvmd_table_maker][et_pb_text admin_label=&#8221;Important&#8221; _builder_version=&#8221;4.16&#8243; _module_preset=&#8221;default&#8221; custom_margin=&#8221;40px||||false|false&#8221; global_colors_info=&#8221;{}&#8221;]<\/p>\n<h4>IMPORTANT!<\/h4>\n<p>All devices of the new Frensch generation feature the same operating philosophy and can be configured to the individual user\u2019s sensitivity to heat and the installation\u2019s respective state. Every setpoint can be viewed and edited on the display at the touch of a button.[\/et_pb_text][\/et_pb_column][\/et_pb_row][\/et_pb_section]<\/p>\n","protected":false},"excerpt":{"rendered":"<p>The Frensch controllersBearing the prefix AS61 the latest model generation of Frensch charge controllers boasts convincing new technology and enhanced software optimization. Moreover, all devices in this Series feature improved programming and new, helpful extra functions. This makes them even more powerful, efficient, and user-friendly. The following table presents an overview of the new AS [&hellip;]<\/p>\n","protected":false},"author":1,"featured_media":0,"parent":0,"menu_order":0,"comment_status":"closed","ping_status":"closed","template":"","meta":{"_et_pb_use_builder":"on","_et_pb_old_content":"[et_pb_section fb_built=\"1\" _builder_version=\"4.14.7\" _module_preset=\"default\" global_colors_info=\"{}\"][et_pb_row _builder_version=\"4.14.7\" _module_preset=\"default\" global_colors_info=\"{}\"][et_pb_column type=\"4_4\" _builder_version=\"4.14.7\" _module_preset=\"default\" global_colors_info=\"{}\"][et_pb_text admin_label=\"Die Frensch-Regler\" _builder_version=\"4.14.7\" _module_preset=\"default\" global_colors_info=\"{}\"]<h2>Die Frensch-Regler<\/h2>\r\nDie j\u00fcngste Generation der Frensch-Aufladesteuerungen mit der Modellbezeichnung AS 61\u2026 \u00fcberzeugt durch neue Controller und weiter optimierte Software. S\u00e4mtliche Ger\u00e4te dieser Serie sind zudem mit einer verbesserten Programmierung sowie neuen, hilfreichen Zusatzfunktionen ausgestattet. Dadurch sind sie noch leistungsst\u00e4rker, effizienter und anwendungsfreundlicher geworden. Eine Funktions\u00fcbersicht der neuen AS 61\u2026-Serie finden Sie in der nachstehenden Tabelle.[\/et_pb_text][dvmd_table_maker _builder_version=\"4.14.7\" _module_preset=\"default\" hover_enabled=\"0\" global_colors_info=\"{}\" custom_margin=\"-20px||||false|false\" sticky_enabled=\"0\"][dvmd_table_maker_item col_label=\"Ger\u00e4tetyp\" col_content=\"Ger\u00e4tetyp\r\nA1-Signal-Optimierung\r\nAnheizphase f\u00fcr Austrocknung des Estrichs\r\nLaufzeit\u00fcberwachung\r\nTagsprung (TS)\r\nUmschaltung Witterungsf\u00fchler WF-E\/WF-N\r\nAbfrage der Ladezeit des Schutzes\r\nFunktionskontrolle b. Inbetriebnahme (LS+E2)\r\nA1-Signal\r\nSH-Ausgang\" _builder_version=\"4.14.7\" _module_preset=\"default\" global_colors_info=\"{}\"][\/dvmd_table_maker_item][dvmd_table_maker_item col_label=\"AS 6180\" col_content=\"AS 6180\r\n\r\n\r\n\r\n\r\n\u00b7\r\n\u00b7\r\n\u00b7\r\n\r\n\u00b7\" _builder_version=\"4.14.7\" _module_preset=\"default\" global_colors_info=\"{}\"][\/dvmd_table_maker_item][dvmd_table_maker_item col_label=\"AS 6190\" col_content=\"AS 6190\r\n\r\n\u00b7\r\n\u00b7\r\n\u00b7\r\n\r\n\r\n\u00b7\r\n\u00b7\r\n\" _builder_version=\"4.14.7\" _module_preset=\"default\" global_colors_info=\"{}\"][\/dvmd_table_maker_item][dvmd_table_maker_item col_label=\"AS 6194\" col_content=\"AS 6194\r\n\r\n\r\n\r\n\r\n\r\n\r\n\r\n\r\n\u00b7\" _builder_version=\"4.14.7\" _module_preset=\"default\" global_colors_info=\"{}\"][\/dvmd_table_maker_item][dvmd_table_maker_item col_label=\"AS 6195\" col_content=\"AS 6195\r\n\r\n\r\n\r\n\r\n\r\n\r\n\r\n\r\n\u00b7\" _builder_version=\"4.14.7\" _module_preset=\"default\" global_colors_info=\"{}\"][\/dvmd_table_maker_item][dvmd_table_maker_item col_label=\"AS 611\" col_content=\"AS 611\r\n\u00b7\r\n\r\n\u00b7\r\n\u00b7\r\n\r\n\r\n\u00b7\r\n\u00b7\r\n\u00b7\" _builder_version=\"4.14.7\" _module_preset=\"default\" global_colors_info=\"{}\"][\/dvmd_table_maker_item][dvmd_table_maker_item col_label=\"AS 6184\" col_content=\"AS 6184\r\n\r\n\r\n\u00b7\r\n\r\n\u00b7\r\n\u00b7\r\n\u00b7\r\n\r\n\u00b7\" _builder_version=\"4.14.7\" _module_preset=\"default\" global_colors_info=\"{}\"][\/dvmd_table_maker_item][\/dvmd_table_maker][et_pb_text admin_label=\"Achtung\" _builder_version=\"4.14.7\" _module_preset=\"default\" global_colors_info=\"{}\"]<h2>Achtung<\/h2>\r\nAlle Ger\u00e4te der neuen Frensch-Generation besitzen die gleiche Bedienphilosophie und sind individuell auf das pers\u00f6nliche W\u00e4rmeempfinden und die jeweilige Anlagenbeschaffenheit einstellbar. Jeder Einstellwert kann mittels Tastendruck im Display der Aufladesteuerung dargestellt und mittels der darunter liegenden Einstellhilfen ver\u00e4ndert werden.[\/et_pb_text][\/et_pb_column][\/et_pb_row][\/et_pb_section]","_et_gb_content_width":"","footnotes":""},"class_list":["post-269","page","type-page","status-publish","hentry"],"yoast_head":"<!-- This site is optimized with the Yoast SEO plugin v23.6 - https:\/\/yoast.com\/wordpress\/plugins\/seo\/ -->\n<title>Products - Frensch-Regeltechnik<\/title>\n<meta name=\"robots\" content=\"index, follow, max-snippet:-1, max-image-preview:large, max-video-preview:-1\" \/>\n<link rel=\"canonical\" href=\"https:\/\/regeltechnik.frensch.de\/en\/products\/\" \/>\n<meta property=\"og:locale\" content=\"en_US\" \/>\n<meta property=\"og:type\" content=\"article\" \/>\n<meta property=\"og:title\" content=\"Products - Frensch-Regeltechnik\" \/>\n<meta property=\"og:description\" content=\"The Frensch controllersBearing the prefix AS61 the latest model generation of Frensch charge controllers boasts convincing new technology and enhanced software optimization. Moreover, all devices in this Series feature improved programming and new, helpful extra functions. This makes them even more powerful, efficient, and user-friendly. The following table presents an overview of the new AS [&hellip;]\" \/>\n<meta property=\"og:url\" content=\"https:\/\/regeltechnik.frensch.de\/en\/products\/\" \/>\n<meta property=\"og:site_name\" content=\"Frensch-Regeltechnik\" \/>\n<meta property=\"article:modified_time\" content=\"2023-02-06T07:02:43+00:00\" \/>\n<meta name=\"twitter:card\" content=\"summary_large_image\" \/>\n<meta name=\"twitter:label1\" content=\"Est. reading time\" \/>\n\t<meta name=\"twitter:data1\" content=\"2 minutes\" \/>\n<script type=\"application\/ld+json\" class=\"yoast-schema-graph\">{\"@context\":\"https:\/\/schema.org\",\"@graph\":[{\"@type\":\"WebPage\",\"@id\":\"https:\/\/regeltechnik.frensch.de\/en\/products\/\",\"url\":\"https:\/\/regeltechnik.frensch.de\/en\/products\/\",\"name\":\"Products - Frensch-Regeltechnik\",\"isPartOf\":{\"@id\":\"https:\/\/regeltechnik.frensch.de\/en\/#website\"},\"datePublished\":\"2023-02-04T14:49:07+00:00\",\"dateModified\":\"2023-02-06T07:02:43+00:00\",\"breadcrumb\":{\"@id\":\"https:\/\/regeltechnik.frensch.de\/en\/products\/#breadcrumb\"},\"inLanguage\":\"en-US\",\"potentialAction\":[{\"@type\":\"ReadAction\",\"target\":[\"https:\/\/regeltechnik.frensch.de\/en\/products\/\"]}]},{\"@type\":\"BreadcrumbList\",\"@id\":\"https:\/\/regeltechnik.frensch.de\/en\/products\/#breadcrumb\",\"itemListElement\":[{\"@type\":\"ListItem\",\"position\":1,\"name\":\"Startseite\",\"item\":\"https:\/\/regeltechnik.frensch.de\/en\/\"},{\"@type\":\"ListItem\",\"position\":2,\"name\":\"Products\"}]},{\"@type\":\"WebSite\",\"@id\":\"https:\/\/regeltechnik.frensch.de\/en\/#website\",\"url\":\"https:\/\/regeltechnik.frensch.de\/en\/\",\"name\":\"Frensch-Regeltechnik\",\"description\":\"\",\"publisher\":{\"@id\":\"https:\/\/regeltechnik.frensch.de\/en\/#organization\"},\"potentialAction\":[{\"@type\":\"SearchAction\",\"target\":{\"@type\":\"EntryPoint\",\"urlTemplate\":\"https:\/\/regeltechnik.frensch.de\/en\/?s={search_term_string}\"},\"query-input\":{\"@type\":\"PropertyValueSpecification\",\"valueRequired\":true,\"valueName\":\"search_term_string\"}}],\"inLanguage\":\"en-US\"},{\"@type\":\"Organization\",\"@id\":\"https:\/\/regeltechnik.frensch.de\/en\/#organization\",\"name\":\"Frensch GmbH\",\"url\":\"https:\/\/regeltechnik.frensch.de\/en\/\",\"logo\":{\"@type\":\"ImageObject\",\"inLanguage\":\"en-US\",\"@id\":\"https:\/\/regeltechnik.frensch.de\/en\/#\/schema\/logo\/image\/\",\"url\":\"https:\/\/betaregeltechnik.frensch.de\/wp-content\/uploads\/FFB959F7-5A1F-4613-AB53-4D53CDE0F327.png\",\"contentUrl\":\"https:\/\/betaregeltechnik.frensch.de\/wp-content\/uploads\/FFB959F7-5A1F-4613-AB53-4D53CDE0F327.png\",\"width\":136,\"height\":136,\"caption\":\"Frensch GmbH\"},\"image\":{\"@id\":\"https:\/\/regeltechnik.frensch.de\/en\/#\/schema\/logo\/image\/\"}}]}<\/script>\n<!-- \/ Yoast SEO plugin. -->","yoast_head_json":{"title":"Products - Frensch-Regeltechnik","robots":{"index":"index","follow":"follow","max-snippet":"max-snippet:-1","max-image-preview":"max-image-preview:large","max-video-preview":"max-video-preview:-1"},"canonical":"https:\/\/regeltechnik.frensch.de\/en\/products\/","og_locale":"en_US","og_type":"article","og_title":"Products - Frensch-Regeltechnik","og_description":"The Frensch controllersBearing the prefix AS61 the latest model generation of Frensch charge controllers boasts convincing new technology and enhanced software optimization. Moreover, all devices in this Series feature improved programming and new, helpful extra functions. This makes them even more powerful, efficient, and user-friendly. The following table presents an overview of the new AS [&hellip;]","og_url":"https:\/\/regeltechnik.frensch.de\/en\/products\/","og_site_name":"Frensch-Regeltechnik","article_modified_time":"2023-02-06T07:02:43+00:00","twitter_card":"summary_large_image","twitter_misc":{"Est. reading time":"2 minutes"},"schema":{"@context":"https:\/\/schema.org","@graph":[{"@type":"WebPage","@id":"https:\/\/regeltechnik.frensch.de\/en\/products\/","url":"https:\/\/regeltechnik.frensch.de\/en\/products\/","name":"Products - Frensch-Regeltechnik","isPartOf":{"@id":"https:\/\/regeltechnik.frensch.de\/en\/#website"},"datePublished":"2023-02-04T14:49:07+00:00","dateModified":"2023-02-06T07:02:43+00:00","breadcrumb":{"@id":"https:\/\/regeltechnik.frensch.de\/en\/products\/#breadcrumb"},"inLanguage":"en-US","potentialAction":[{"@type":"ReadAction","target":["https:\/\/regeltechnik.frensch.de\/en\/products\/"]}]},{"@type":"BreadcrumbList","@id":"https:\/\/regeltechnik.frensch.de\/en\/products\/#breadcrumb","itemListElement":[{"@type":"ListItem","position":1,"name":"Startseite","item":"https:\/\/regeltechnik.frensch.de\/en\/"},{"@type":"ListItem","position":2,"name":"Products"}]},{"@type":"WebSite","@id":"https:\/\/regeltechnik.frensch.de\/en\/#website","url":"https:\/\/regeltechnik.frensch.de\/en\/","name":"Frensch-Regeltechnik","description":"","publisher":{"@id":"https:\/\/regeltechnik.frensch.de\/en\/#organization"},"potentialAction":[{"@type":"SearchAction","target":{"@type":"EntryPoint","urlTemplate":"https:\/\/regeltechnik.frensch.de\/en\/?s={search_term_string}"},"query-input":{"@type":"PropertyValueSpecification","valueRequired":true,"valueName":"search_term_string"}}],"inLanguage":"en-US"},{"@type":"Organization","@id":"https:\/\/regeltechnik.frensch.de\/en\/#organization","name":"Frensch GmbH","url":"https:\/\/regeltechnik.frensch.de\/en\/","logo":{"@type":"ImageObject","inLanguage":"en-US","@id":"https:\/\/regeltechnik.frensch.de\/en\/#\/schema\/logo\/image\/","url":"https:\/\/betaregeltechnik.frensch.de\/wp-content\/uploads\/FFB959F7-5A1F-4613-AB53-4D53CDE0F327.png","contentUrl":"https:\/\/betaregeltechnik.frensch.de\/wp-content\/uploads\/FFB959F7-5A1F-4613-AB53-4D53CDE0F327.png","width":136,"height":136,"caption":"Frensch GmbH"},"image":{"@id":"https:\/\/regeltechnik.frensch.de\/en\/#\/schema\/logo\/image\/"}}]}},"_links":{"self":[{"href":"https:\/\/regeltechnik.frensch.de\/en\/wp-json\/wp\/v2\/pages\/269","targetHints":{"allow":["GET"]}}],"collection":[{"href":"https:\/\/regeltechnik.frensch.de\/en\/wp-json\/wp\/v2\/pages"}],"about":[{"href":"https:\/\/regeltechnik.frensch.de\/en\/wp-json\/wp\/v2\/types\/page"}],"author":[{"embeddable":true,"href":"https:\/\/regeltechnik.frensch.de\/en\/wp-json\/wp\/v2\/users\/1"}],"replies":[{"embeddable":true,"href":"https:\/\/regeltechnik.frensch.de\/en\/wp-json\/wp\/v2\/comments?post=269"}],"version-history":[{"count":7,"href":"https:\/\/regeltechnik.frensch.de\/en\/wp-json\/wp\/v2\/pages\/269\/revisions"}],"predecessor-version":[{"id":457,"href":"https:\/\/regeltechnik.frensch.de\/en\/wp-json\/wp\/v2\/pages\/269\/revisions\/457"}],"wp:attachment":[{"href":"https:\/\/regeltechnik.frensch.de\/en\/wp-json\/wp\/v2\/media?parent=269"}],"curies":[{"name":"wp","href":"https:\/\/api.w.org\/{rel}","templated":true}]}}