{"id":207,"date":"2023-02-04T15:48:27","date_gmt":"2023-02-04T14:48:27","guid":{"rendered":"https:\/\/betaregeltechnik.frensch.de\/?page_id=207"},"modified":"2026-01-06T14:31:32","modified_gmt":"2026-01-06T13:31:32","slug":"home","status":"publish","type":"page","link":"https:\/\/regeltechnik.frensch.de\/en\/","title":{"rendered":"Home"},"content":{"rendered":"<p>[et_pb_section fb_built=&#8221;1&#8243; _builder_version=&#8221;4.16&#8243; _module_preset=&#8221;default&#8221; global_colors_info=&#8221;{}&#8221;][et_pb_row _builder_version=&#8221;4.16&#8243; _module_preset=&#8221;default&#8221; global_colors_info=&#8221;{}&#8221;][et_pb_column type=&#8221;4_4&#8243; _builder_version=&#8221;4.16&#8243; _module_preset=&#8221;default&#8221; global_colors_info=&#8221;{}&#8221;][et_pb_image src=&#8221;https:\/\/betaregeltechnik.frensch.de\/wp-content\/uploads\/57A6F324-E1A7-41FD-AA46-7B1B8D335ECE.jpeg&#8221; title_text=&#8221;57A6F324-E1A7-41FD-AA46-7B1B8D335ECE&#8221; align=&#8221;center&#8221; force_fullwidth=&#8221;on&#8221; _builder_version=&#8221;4.16&#8243; _module_preset=&#8221;default&#8221; global_colors_info=&#8221;{}&#8221;][\/et_pb_image][\/et_pb_column][\/et_pb_row][et_pb_row _builder_version=&#8221;4.16&#8243; _module_preset=&#8221;default&#8221; global_colors_info=&#8221;{}&#8221;][et_pb_column type=&#8221;4_4&#8243; _builder_version=&#8221;4.16&#8243; _module_preset=&#8221;default&#8221; global_colors_info=&#8221;{}&#8221;][et_pb_text admin_label=&#8221;Text&#8221; _builder_version=&#8221;4.24.0&#8243; _module_preset=&#8221;default&#8221; hover_enabled=&#8221;0&#8243; global_colors_info=&#8221;{}&#8221; sticky_enabled=&#8221;0&#8243;]<\/p>\n<p><span style=\"color: #ff0000;\"><strong>Dear customers,<\/strong><\/span><br \/><span style=\"color: #ff0000;\"><strong>production and support of Frensch charging controls will be discontinued. Sales will only be made while stocks last.<br \/><\/strong><\/span><span style=\"color: #000000;\"><strong>AS6190: <span style=\"color: #26bd3f;\">available until <span style=\"color: #000000;\">2029<\/span><\/span><\/strong><\/span><br \/><span style=\"color: #000000;\"><strong>AS6194\/95: <span style=\"color: #26bd3f;\">available<\/span><\/strong><\/span><br \/><span style=\"color: #000000;\"><strong>AS6180: <span style=\"color: #ff0000;\">no longer available<\/span><\/strong><\/span><br \/><span style=\"color: #000000;\"><strong>AS6184: <span style=\"color: #26bd3f;\">available until <span style=\"color: #000000;\">2027<\/span><\/span><\/strong><\/span><br \/><span style=\"color: #000000;\"><strong>AS79CP: <span style=\"color: #ff0000;\">no longer available<br \/><\/span><\/strong><\/span><span style=\"color: #ff0000;\"><strong>Your Frensch team<\/strong><\/span><\/p>\n<p>Installed in buildings and living quarters, electrical storage heaters are designed to meet the heating requirements in these environments. The state of the structure, the users\u2019 sensitivity to heat, and weather conditions are crucial factors affecting the heating system\u2019s charge rate. During the charge time the appliance\u2019s storage core is heated to the required temperature. The stored heat is then emitted continuously over the appliance\u2019s surface. When a user requires a higher ambient temperature this can be set at the thermostat or timer. A fan integrated in the heater draws in ambient air and blows it back into the room after it has passed over the heated storage core.<\/p>\n<p>[\/et_pb_text][\/et_pb_column][\/et_pb_row][\/et_pb_section]<\/p>\n","protected":false},"excerpt":{"rendered":"<p>Dear customers,production and support of Frensch charging controls will be discontinued. Sales will only be made while stocks last.AS6190: available until 2029AS6194\/95: availableAS6180: no longer availableAS6184: available until 2027AS79CP: no longer availableYour Frensch team Installed in buildings and living quarters, electrical storage heaters are designed to meet the heating requirements in these environments. The state [&hellip;]<\/p>\n","protected":false},"author":1,"featured_media":0,"parent":0,"menu_order":0,"comment_status":"closed","ping_status":"closed","template":"","meta":{"_et_pb_use_builder":"on","_et_pb_old_content":"[et_pb_section fb_built=\"1\" _builder_version=\"4.14.7\" _module_preset=\"default\" global_colors_info=\"{}\"][et_pb_row _builder_version=\"4.14.7\" _module_preset=\"default\" global_colors_info=\"{}\"][et_pb_column type=\"4_4\" _builder_version=\"4.14.7\" _module_preset=\"default\" global_colors_info=\"{}\"][et_pb_image src=\"https:\/\/betaregeltechnik.frensch.de\/wp-content\/uploads\/57A6F324-E1A7-41FD-AA46-7B1B8D335ECE.jpeg\" title_text=\"57A6F324-E1A7-41FD-AA46-7B1B8D335ECE\" _builder_version=\"4.14.7\" _module_preset=\"default\" hover_enabled=\"0\" global_colors_info=\"{}\" align=\"center\" force_fullwidth=\"on\" sticky_enabled=\"0\"][\/et_pb_image][\/et_pb_column][\/et_pb_row][et_pb_row column_structure=\"1_2,1_2\" _builder_version=\"4.14.7\" _module_preset=\"default\" global_colors_info=\"{}\"][et_pb_column type=\"1_2\" _builder_version=\"4.14.7\" _module_preset=\"default\" global_colors_info=\"{}\"][et_pb_text admin_label=\"Herzlich Willkommen\" _builder_version=\"4.14.7\" _module_preset=\"default\" global_colors_info=\"{}\"]<h2>Herzlich Willkommen<\/h2>\r\nElektro-Speicherheizger\u00e4te werden in Geb\u00e4uden und Wohnr\u00e4umen installiert, um den gew\u00fcnschten W\u00e4rmebedarf bereitzustellen. Bauliche Beschaffenheit, W\u00e4rmeempfinden der Nutzer und Witterungsverh\u00e4ltnisse sind die Kriterien f\u00fcr den Ladegrad des Heizsystems.\r\n\r\nW\u00e4hrend der Freigabezeit wird der Speicherkern der Ger\u00e4te auf die erforderliche Temperatur erhitzt.\r\n\r\nDie gespeicherte W\u00e4rme wird kontinuierlich \u00fcber die Ger\u00e4teoberfl\u00e4che abgegeben. Wird je nach individuellen Anspr\u00fcchen eine h\u00f6here Raumtemperatur gefordert, kann dies \u00fcber Raumtemperaturregler oder Raumthermostatuhren erfolgen.Ein im Heizger\u00e4t integrierter L\u00fcfter saugt Raumluft an und bl\u00e4st sie \u00fcber den erhitzten Speicherkern zur\u00fcck in den Raum.[\/et_pb_text][\/et_pb_column][et_pb_column type=\"1_2\" _builder_version=\"4.14.7\" _module_preset=\"default\" global_colors_info=\"{}\"][et_pb_text admin_label=\"\u00dcber Uns\" _builder_version=\"4.14.7\" _module_preset=\"default\" global_colors_info=\"{}\"]<h2>\u00dcber Uns<\/h2>\r\nAls vor zweiundf\u00fcnfzig Jahren, im Jahre 1963 die Firma Frensch in Ratingen gegr\u00fcndet wurde und sich der Gr\u00fcnder Wilfried Frensch zun\u00e4chst mit der Herstellung und dem Vertrieb von Aufladesystemen im Bereich der Heizungsindustrie befasste, war noch nicht abzusehen, welche enorme Entwicklung in der Elektronik einsetzen w\u00fcrde.\r\n\r\nDas Unternehmen wuchs gesund an, behielt aber bewusst die Gr\u00f6\u00dfe einer \u00fcberschaubaren Produktionsst\u00e4tte, um weiterhin auf jeden Bedarf flexibel reagieren zu k\u00f6nnen. Trotz der heute erreichten Marktposition als einer der f\u00fchrenden europ\u00e4ischen Spezialisten f\u00fcr mobile Lichttechnik, hat sich bei FRENSCH der charakteristische \u201egute Geist\u201c bis heute erhalten. Obwohl modernste Hightech-Fertigung und weltweiter Vertrieb das t\u00e4gliche Gesch\u00e4ft des Unternehmens markieren, stehen handwerkliches Geschick, Ideenreichtum und Pers\u00f6nlichkeit bei FRENSCH nach wie vor im zentralen Fokus.[\/et_pb_text][\/et_pb_column][\/et_pb_row][\/et_pb_section]","_et_gb_content_width":"","footnotes":""},"class_list":["post-207","page","type-page","status-publish","hentry"],"yoast_head":"<!-- This site is optimized with the Yoast SEO plugin v23.6 - https:\/\/yoast.com\/wordpress\/plugins\/seo\/ -->\n<title>Home - Frensch-Regeltechnik<\/title>\n<meta name=\"robots\" content=\"index, follow, max-snippet:-1, max-image-preview:large, max-video-preview:-1\" \/>\n<link rel=\"canonical\" href=\"https:\/\/regeltechnik.frensch.de\/en\/\" \/>\n<meta property=\"og:locale\" content=\"en_US\" \/>\n<meta property=\"og:type\" content=\"article\" \/>\n<meta property=\"og:title\" content=\"Home - Frensch-Regeltechnik\" \/>\n<meta property=\"og:description\" content=\"Dear customers,production and support of Frensch charging controls will be discontinued. Sales will only be made while stocks last.AS6190: available until 2029AS6194\/95: availableAS6180: no longer availableAS6184: available until 2027AS79CP: no longer availableYour Frensch team Installed in buildings and living quarters, electrical storage heaters are designed to meet the heating requirements in these environments. The state [&hellip;]\" \/>\n<meta property=\"og:url\" content=\"https:\/\/regeltechnik.frensch.de\/en\/\" \/>\n<meta property=\"og:site_name\" content=\"Frensch-Regeltechnik\" \/>\n<meta property=\"article:modified_time\" content=\"2026-01-06T13:31:32+00:00\" \/>\n<meta name=\"twitter:card\" content=\"summary_large_image\" \/>\n<meta name=\"twitter:label1\" content=\"Est. reading time\" \/>\n\t<meta name=\"twitter:data1\" content=\"2 minutes\" \/>\n<script type=\"application\/ld+json\" class=\"yoast-schema-graph\">{\"@context\":\"https:\/\/schema.org\",\"@graph\":[{\"@type\":\"WebPage\",\"@id\":\"https:\/\/regeltechnik.frensch.de\/en\/\",\"url\":\"https:\/\/regeltechnik.frensch.de\/en\/\",\"name\":\"Home - Frensch-Regeltechnik\",\"isPartOf\":{\"@id\":\"https:\/\/regeltechnik.frensch.de\/en\/#website\"},\"datePublished\":\"2023-02-04T14:48:27+00:00\",\"dateModified\":\"2026-01-06T13:31:32+00:00\",\"breadcrumb\":{\"@id\":\"https:\/\/regeltechnik.frensch.de\/en\/#breadcrumb\"},\"inLanguage\":\"en-US\",\"potentialAction\":[{\"@type\":\"ReadAction\",\"target\":[\"https:\/\/regeltechnik.frensch.de\/en\/\"]}]},{\"@type\":\"BreadcrumbList\",\"@id\":\"https:\/\/regeltechnik.frensch.de\/en\/#breadcrumb\",\"itemListElement\":[{\"@type\":\"ListItem\",\"position\":1,\"name\":\"Startseite\",\"item\":\"https:\/\/regeltechnik.frensch.de\/en\/\"},{\"@type\":\"ListItem\",\"position\":2,\"name\":\"Home\"}]},{\"@type\":\"WebSite\",\"@id\":\"https:\/\/regeltechnik.frensch.de\/en\/#website\",\"url\":\"https:\/\/regeltechnik.frensch.de\/en\/\",\"name\":\"Frensch-Regeltechnik\",\"description\":\"\",\"publisher\":{\"@id\":\"https:\/\/regeltechnik.frensch.de\/en\/#organization\"},\"potentialAction\":[{\"@type\":\"SearchAction\",\"target\":{\"@type\":\"EntryPoint\",\"urlTemplate\":\"https:\/\/regeltechnik.frensch.de\/en\/?s={search_term_string}\"},\"query-input\":{\"@type\":\"PropertyValueSpecification\",\"valueRequired\":true,\"valueName\":\"search_term_string\"}}],\"inLanguage\":\"en-US\"},{\"@type\":\"Organization\",\"@id\":\"https:\/\/regeltechnik.frensch.de\/en\/#organization\",\"name\":\"Frensch GmbH\",\"url\":\"https:\/\/regeltechnik.frensch.de\/en\/\",\"logo\":{\"@type\":\"ImageObject\",\"inLanguage\":\"en-US\",\"@id\":\"https:\/\/regeltechnik.frensch.de\/en\/#\/schema\/logo\/image\/\",\"url\":\"https:\/\/betaregeltechnik.frensch.de\/wp-content\/uploads\/FFB959F7-5A1F-4613-AB53-4D53CDE0F327.png\",\"contentUrl\":\"https:\/\/betaregeltechnik.frensch.de\/wp-content\/uploads\/FFB959F7-5A1F-4613-AB53-4D53CDE0F327.png\",\"width\":136,\"height\":136,\"caption\":\"Frensch GmbH\"},\"image\":{\"@id\":\"https:\/\/regeltechnik.frensch.de\/en\/#\/schema\/logo\/image\/\"}}]}<\/script>\n<!-- \/ Yoast SEO plugin. -->","yoast_head_json":{"title":"Home - Frensch-Regeltechnik","robots":{"index":"index","follow":"follow","max-snippet":"max-snippet:-1","max-image-preview":"max-image-preview:large","max-video-preview":"max-video-preview:-1"},"canonical":"https:\/\/regeltechnik.frensch.de\/en\/","og_locale":"en_US","og_type":"article","og_title":"Home - Frensch-Regeltechnik","og_description":"Dear customers,production and support of Frensch charging controls will be discontinued. Sales will only be made while stocks last.AS6190: available until 2029AS6194\/95: availableAS6180: no longer availableAS6184: available until 2027AS79CP: no longer availableYour Frensch team Installed in buildings and living quarters, electrical storage heaters are designed to meet the heating requirements in these environments. The state [&hellip;]","og_url":"https:\/\/regeltechnik.frensch.de\/en\/","og_site_name":"Frensch-Regeltechnik","article_modified_time":"2026-01-06T13:31:32+00:00","twitter_card":"summary_large_image","twitter_misc":{"Est. reading time":"2 minutes"},"schema":{"@context":"https:\/\/schema.org","@graph":[{"@type":"WebPage","@id":"https:\/\/regeltechnik.frensch.de\/en\/","url":"https:\/\/regeltechnik.frensch.de\/en\/","name":"Home - Frensch-Regeltechnik","isPartOf":{"@id":"https:\/\/regeltechnik.frensch.de\/en\/#website"},"datePublished":"2023-02-04T14:48:27+00:00","dateModified":"2026-01-06T13:31:32+00:00","breadcrumb":{"@id":"https:\/\/regeltechnik.frensch.de\/en\/#breadcrumb"},"inLanguage":"en-US","potentialAction":[{"@type":"ReadAction","target":["https:\/\/regeltechnik.frensch.de\/en\/"]}]},{"@type":"BreadcrumbList","@id":"https:\/\/regeltechnik.frensch.de\/en\/#breadcrumb","itemListElement":[{"@type":"ListItem","position":1,"name":"Startseite","item":"https:\/\/regeltechnik.frensch.de\/en\/"},{"@type":"ListItem","position":2,"name":"Home"}]},{"@type":"WebSite","@id":"https:\/\/regeltechnik.frensch.de\/en\/#website","url":"https:\/\/regeltechnik.frensch.de\/en\/","name":"Frensch-Regeltechnik","description":"","publisher":{"@id":"https:\/\/regeltechnik.frensch.de\/en\/#organization"},"potentialAction":[{"@type":"SearchAction","target":{"@type":"EntryPoint","urlTemplate":"https:\/\/regeltechnik.frensch.de\/en\/?s={search_term_string}"},"query-input":{"@type":"PropertyValueSpecification","valueRequired":true,"valueName":"search_term_string"}}],"inLanguage":"en-US"},{"@type":"Organization","@id":"https:\/\/regeltechnik.frensch.de\/en\/#organization","name":"Frensch GmbH","url":"https:\/\/regeltechnik.frensch.de\/en\/","logo":{"@type":"ImageObject","inLanguage":"en-US","@id":"https:\/\/regeltechnik.frensch.de\/en\/#\/schema\/logo\/image\/","url":"https:\/\/betaregeltechnik.frensch.de\/wp-content\/uploads\/FFB959F7-5A1F-4613-AB53-4D53CDE0F327.png","contentUrl":"https:\/\/betaregeltechnik.frensch.de\/wp-content\/uploads\/FFB959F7-5A1F-4613-AB53-4D53CDE0F327.png","width":136,"height":136,"caption":"Frensch GmbH"},"image":{"@id":"https:\/\/regeltechnik.frensch.de\/en\/#\/schema\/logo\/image\/"}}]}},"_links":{"self":[{"href":"https:\/\/regeltechnik.frensch.de\/en\/wp-json\/wp\/v2\/pages\/207","targetHints":{"allow":["GET"]}}],"collection":[{"href":"https:\/\/regeltechnik.frensch.de\/en\/wp-json\/wp\/v2\/pages"}],"about":[{"href":"https:\/\/regeltechnik.frensch.de\/en\/wp-json\/wp\/v2\/types\/page"}],"author":[{"embeddable":true,"href":"https:\/\/regeltechnik.frensch.de\/en\/wp-json\/wp\/v2\/users\/1"}],"replies":[{"embeddable":true,"href":"https:\/\/regeltechnik.frensch.de\/en\/wp-json\/wp\/v2\/comments?post=207"}],"version-history":[{"count":5,"href":"https:\/\/regeltechnik.frensch.de\/en\/wp-json\/wp\/v2\/pages\/207\/revisions"}],"predecessor-version":[{"id":2926,"href":"https:\/\/regeltechnik.frensch.de\/en\/wp-json\/wp\/v2\/pages\/207\/revisions\/2926"}],"wp:attachment":[{"href":"https:\/\/regeltechnik.frensch.de\/en\/wp-json\/wp\/v2\/media?parent=207"}],"curies":[{"name":"wp","href":"https:\/\/api.w.org\/{rel}","templated":true}]}}