{"id":196,"date":"2023-02-04T15:49:24","date_gmt":"2023-02-04T14:49:24","guid":{"rendered":"https:\/\/betaregeltechnik.frensch.de\/?page_id=196"},"modified":"2023-02-04T21:56:39","modified_gmt":"2023-02-04T20:56:39","slug":"heating-systems","status":"publish","type":"page","link":"https:\/\/regeltechnik.frensch.de\/en\/heating-systems\/","title":{"rendered":"Heating systems"},"content":{"rendered":"<p>[et_pb_section fb_built=&#8221;1&#8243; _builder_version=&#8221;4.14.7&#8243; _module_preset=&#8221;default&#8221; global_colors_info=&#8221;{}&#8221;][et_pb_row _builder_version=&#8221;4.14.7&#8243; _module_preset=&#8221;default&#8221; global_colors_info=&#8221;{}&#8221;][et_pb_column type=&#8221;4_4&#8243; _builder_version=&#8221;4.14.7&#8243; _module_preset=&#8221;default&#8221; global_colors_info=&#8221;{}&#8221;][et_pb_text admin_label=&#8221;Die Heizsysteme&#8221; _builder_version=&#8221;4.14.7&#8243; _module_preset=&#8221;default&#8221; global_colors_info=&#8221;{}&#8221;]<\/p>\n<h2>The heating systems<\/h2>\n<p>&nbsp;<\/p>\n<h3>Central hot water \/ solid tanks<\/h3>\n<p>These heating systems can be connected to central heating systems in single and multiple dwellings and in commercial and industrial establishments. The required room temperature is emitted by radiators, floor heating systems, or hot air heaters.<\/p>\n<p>&nbsp;<\/p>\n<h3>Water block heaters<\/h3>\n<p>Two systems for delivering hot water are used here: first the central tank heater consisting of a heating unit (electrical flow heater) with a separate water block of holding tanks; secondly the water holding tanks that are connected in series according to the size of the installation. In both variants a resistance heater integrated in the holding tanks generates hot water.<\/p>\n<p>&nbsp;<\/p>\n<h3>Solid tanks<\/h3>\n<p>Resistor elements convert electrical energy into heat which they transfer to the storage core (block of stone absorbers). When this heat is emitted, air circulates over the heated storage core and flows through the heat exchanger that then transfers the heat to the hot water.<\/p>\n<p>&nbsp;<\/p>\n<h3>Storage heaters<\/h3>\n<p>Installed in buildings and living quarters, electrical storage heaters are designed to meet the heating requirements in these environments. The state of the structure, the users\u2019 sensitivity to heat, and weather conditions are crucial factors affecting the heating system\u2019s charge rate. During the charge time the appliance\u2019s storage core is heated to the required temperature. The stored heat is then emitted continuously over the appliance\u2019s surface. When a user requires a higher ambient temperature this can be set at the thermostat or timer. A fan integrated in the heater draws in ambient air and blows it back into the room after it has passed over the heated storage core.<\/p>\n<p>&nbsp;<\/p>\n<h3>Floor heating systems<\/h3>\n<p>Heating mats consisting of heating strips (heating wire) or sheet-type heating elements convert electricity into heat for floors and surfaces. The heating elements are laid in screed elements, and their simultaneous and uniform heating effects generate a pleasant indoor climate.[\/et_pb_text][\/et_pb_column][\/et_pb_row][\/et_pb_section]<\/p>\n","protected":false},"excerpt":{"rendered":"<p>The heating systems &nbsp; Central hot water \/ solid tanks These heating systems can be connected to central heating systems in single and multiple dwellings and in commercial and industrial establishments. The required room temperature is emitted by radiators, floor heating systems, or hot air heaters. &nbsp; Water block heaters Two systems for delivering hot [&hellip;]<\/p>\n","protected":false},"author":1,"featured_media":0,"parent":0,"menu_order":0,"comment_status":"closed","ping_status":"closed","template":"","meta":{"_et_pb_use_builder":"on","_et_pb_old_content":"[et_pb_section fb_built=\"1\" _builder_version=\"4.14.7\" _module_preset=\"default\" global_colors_info=\"{}\"][et_pb_row _builder_version=\"4.14.7\" _module_preset=\"default\" global_colors_info=\"{}\"][et_pb_column type=\"4_4\" _builder_version=\"4.14.7\" _module_preset=\"default\" global_colors_info=\"{}\"][et_pb_text admin_label=\"Die Heizsysteme\" _builder_version=\"4.14.7\" _module_preset=\"default\" hover_enabled=\"0\" global_colors_info=\"{}\" sticky_enabled=\"0\"]<h2>Die Heizsysteme<\/h2>\r\n<p>\u00a0<\/p>\r\n<h3>Zentralspeicher Warmwasser\/Feststoff<\/h3>\r\nDiese Heizsysteme werden in Ein- und Mehrfamilienh\u00e4usern, in Gewerbe- und Industriebetrieben eingesetzt und lassen sich an Zentralheizanlagen anschlie\u00dfen. Die gew\u00fcnschte Raumtemperatur wird \u00fcber Radiatoren, Fu\u00dfboden- oder Luftheizungen abgegeben.\r\n<p>\u00a0<\/p>\r\n<h3>Warmwasser-Blockspeicher<\/h3>\r\nZwei Systeme der Warmwasserbereitung kommen zur Anwendung: erstens die Zentralspeicher-heizung, bestehend aus einem Heizaggregat (elektrischer Durchlauferhitzer) mit separatem Wasserblock aus Speicherbeh\u00e4ltern. Zweitens Wasser-Speicherbeh\u00e4lter, die entsprechend der Anlagengr\u00f6\u00dfe aneinander gereiht werden. Bei beiden Varianten ist in den Speicherbeh\u00e4ltern eine Widerstandsheizung integriert, die warmes Wasser erzeugt.\r\n<p>\u00a0<\/p>\r\n<h3>Feststoff-Speicher<\/h3>\r\nWiderstandselemente wandeln die elektrische Energie in W\u00e4rme um und erhitzen den Speicherkern (Block aus Speichersteinen). Bei der Entladung zirkuliert Luft \u00fcber dem erhitzten Speicherkern und durchstr\u00f6mt den W\u00e4rmetauscher, der dabei W\u00e4rme an das Heizwasser abgibt.\r\n<p>\u00a0<\/p>\r\n<h3>Speicherheizger\u00e4t<\/h3>\r\nElektro-Speicherheizger\u00e4te werden in Geb\u00e4uden und Wohnr\u00e4umen installiert, um den gew\u00fcnschten W\u00e4rmebedarf bereitzustellen. Bauliche Beschaffenheit, W\u00e4rmeempfinden der Nutzer und Witterungsverh\u00e4ltnisse sind die Kriterien f\u00fcr den Ladegrad des Heizsystems. W\u00e4hrend der Freigabezeit wird der Speicherkern der Ger\u00e4te auf die erforderliche Temperatur erhitzt. Die gespeicherte W\u00e4rme wird kontinuierlich \u00fcber die Ger\u00e4teoberfl\u00e4che abgegeben. Wird je nach individuellen Anspr\u00fcchen eine h\u00f6here Raumtemperatur gefordert, kann dies \u00fcber Raumtemperaturregler oder Raumthermostatuhren erfolgen. Ein im Heizger\u00e4t integrierter L\u00fcfter saugt Raumluft an und bl\u00e4st sie \u00fcber den erhitzten Speicherkern zur\u00fcck in den Raum.\r\n<p>\u00a0<\/p>\r\n<h3>Fu\u00dfbodenheizung<\/h3>\r\nHeizmatten, bestehend aus Heizb\u00e4ndern (Heizdraht) oder Fl\u00e4chenheizelementen, dienen zum elektrischen Beheizen von Fu\u00dfb\u00f6den und Fl\u00e4chen. Die Heizelemente sind in Estrichschichten verlegt und schaffen durch gleichzeitige und gleichm\u00e4\u00dfige Erw\u00e4rmung der R\u00e4ume ein angenehmes Raumklima.[\/et_pb_text][\/et_pb_column][\/et_pb_row][\/et_pb_section]","_et_gb_content_width":"","footnotes":""},"class_list":["post-196","page","type-page","status-publish","hentry"],"yoast_head":"<!-- This site is optimized with the Yoast SEO plugin v23.6 - https:\/\/yoast.com\/wordpress\/plugins\/seo\/ -->\n<title>Heating systems - Frensch-Regeltechnik<\/title>\n<meta name=\"robots\" content=\"index, follow, max-snippet:-1, max-image-preview:large, max-video-preview:-1\" \/>\n<link rel=\"canonical\" href=\"https:\/\/regeltechnik.frensch.de\/en\/heating-systems\/\" \/>\n<meta property=\"og:locale\" content=\"en_US\" \/>\n<meta property=\"og:type\" content=\"article\" \/>\n<meta property=\"og:title\" content=\"Heating systems - Frensch-Regeltechnik\" \/>\n<meta property=\"og:description\" content=\"The heating systems &nbsp; Central hot water \/ solid tanks These heating systems can be connected to central heating systems in single and multiple dwellings and in commercial and industrial establishments. The required room temperature is emitted by radiators, floor heating systems, or hot air heaters. &nbsp; Water block heaters Two systems for delivering hot [&hellip;]\" \/>\n<meta property=\"og:url\" content=\"https:\/\/regeltechnik.frensch.de\/en\/heating-systems\/\" \/>\n<meta property=\"og:site_name\" content=\"Frensch-Regeltechnik\" \/>\n<meta property=\"article:modified_time\" content=\"2023-02-04T20:56:39+00:00\" \/>\n<meta name=\"twitter:card\" content=\"summary_large_image\" \/>\n<meta name=\"twitter:label1\" content=\"Est. reading time\" \/>\n\t<meta name=\"twitter:data1\" content=\"2 minutes\" \/>\n<script type=\"application\/ld+json\" class=\"yoast-schema-graph\">{\"@context\":\"https:\/\/schema.org\",\"@graph\":[{\"@type\":\"WebPage\",\"@id\":\"https:\/\/regeltechnik.frensch.de\/en\/heating-systems\/\",\"url\":\"https:\/\/regeltechnik.frensch.de\/en\/heating-systems\/\",\"name\":\"Heating systems - Frensch-Regeltechnik\",\"isPartOf\":{\"@id\":\"https:\/\/regeltechnik.frensch.de\/en\/#website\"},\"datePublished\":\"2023-02-04T14:49:24+00:00\",\"dateModified\":\"2023-02-04T20:56:39+00:00\",\"breadcrumb\":{\"@id\":\"https:\/\/regeltechnik.frensch.de\/en\/heating-systems\/#breadcrumb\"},\"inLanguage\":\"en-US\",\"potentialAction\":[{\"@type\":\"ReadAction\",\"target\":[\"https:\/\/regeltechnik.frensch.de\/en\/heating-systems\/\"]}]},{\"@type\":\"BreadcrumbList\",\"@id\":\"https:\/\/regeltechnik.frensch.de\/en\/heating-systems\/#breadcrumb\",\"itemListElement\":[{\"@type\":\"ListItem\",\"position\":1,\"name\":\"Startseite\",\"item\":\"https:\/\/regeltechnik.frensch.de\/en\/\"},{\"@type\":\"ListItem\",\"position\":2,\"name\":\"Heating systems\"}]},{\"@type\":\"WebSite\",\"@id\":\"https:\/\/regeltechnik.frensch.de\/en\/#website\",\"url\":\"https:\/\/regeltechnik.frensch.de\/en\/\",\"name\":\"Frensch-Regeltechnik\",\"description\":\"\",\"publisher\":{\"@id\":\"https:\/\/regeltechnik.frensch.de\/en\/#organization\"},\"potentialAction\":[{\"@type\":\"SearchAction\",\"target\":{\"@type\":\"EntryPoint\",\"urlTemplate\":\"https:\/\/regeltechnik.frensch.de\/en\/?s={search_term_string}\"},\"query-input\":{\"@type\":\"PropertyValueSpecification\",\"valueRequired\":true,\"valueName\":\"search_term_string\"}}],\"inLanguage\":\"en-US\"},{\"@type\":\"Organization\",\"@id\":\"https:\/\/regeltechnik.frensch.de\/en\/#organization\",\"name\":\"Frensch GmbH\",\"url\":\"https:\/\/regeltechnik.frensch.de\/en\/\",\"logo\":{\"@type\":\"ImageObject\",\"inLanguage\":\"en-US\",\"@id\":\"https:\/\/regeltechnik.frensch.de\/en\/#\/schema\/logo\/image\/\",\"url\":\"https:\/\/betaregeltechnik.frensch.de\/wp-content\/uploads\/FFB959F7-5A1F-4613-AB53-4D53CDE0F327.png\",\"contentUrl\":\"https:\/\/betaregeltechnik.frensch.de\/wp-content\/uploads\/FFB959F7-5A1F-4613-AB53-4D53CDE0F327.png\",\"width\":136,\"height\":136,\"caption\":\"Frensch GmbH\"},\"image\":{\"@id\":\"https:\/\/regeltechnik.frensch.de\/en\/#\/schema\/logo\/image\/\"}}]}<\/script>\n<!-- \/ Yoast SEO plugin. -->","yoast_head_json":{"title":"Heating systems - Frensch-Regeltechnik","robots":{"index":"index","follow":"follow","max-snippet":"max-snippet:-1","max-image-preview":"max-image-preview:large","max-video-preview":"max-video-preview:-1"},"canonical":"https:\/\/regeltechnik.frensch.de\/en\/heating-systems\/","og_locale":"en_US","og_type":"article","og_title":"Heating systems - Frensch-Regeltechnik","og_description":"The heating systems &nbsp; Central hot water \/ solid tanks These heating systems can be connected to central heating systems in single and multiple dwellings and in commercial and industrial establishments. The required room temperature is emitted by radiators, floor heating systems, or hot air heaters. &nbsp; Water block heaters Two systems for delivering hot [&hellip;]","og_url":"https:\/\/regeltechnik.frensch.de\/en\/heating-systems\/","og_site_name":"Frensch-Regeltechnik","article_modified_time":"2023-02-04T20:56:39+00:00","twitter_card":"summary_large_image","twitter_misc":{"Est. reading time":"2 minutes"},"schema":{"@context":"https:\/\/schema.org","@graph":[{"@type":"WebPage","@id":"https:\/\/regeltechnik.frensch.de\/en\/heating-systems\/","url":"https:\/\/regeltechnik.frensch.de\/en\/heating-systems\/","name":"Heating systems - Frensch-Regeltechnik","isPartOf":{"@id":"https:\/\/regeltechnik.frensch.de\/en\/#website"},"datePublished":"2023-02-04T14:49:24+00:00","dateModified":"2023-02-04T20:56:39+00:00","breadcrumb":{"@id":"https:\/\/regeltechnik.frensch.de\/en\/heating-systems\/#breadcrumb"},"inLanguage":"en-US","potentialAction":[{"@type":"ReadAction","target":["https:\/\/regeltechnik.frensch.de\/en\/heating-systems\/"]}]},{"@type":"BreadcrumbList","@id":"https:\/\/regeltechnik.frensch.de\/en\/heating-systems\/#breadcrumb","itemListElement":[{"@type":"ListItem","position":1,"name":"Startseite","item":"https:\/\/regeltechnik.frensch.de\/en\/"},{"@type":"ListItem","position":2,"name":"Heating systems"}]},{"@type":"WebSite","@id":"https:\/\/regeltechnik.frensch.de\/en\/#website","url":"https:\/\/regeltechnik.frensch.de\/en\/","name":"Frensch-Regeltechnik","description":"","publisher":{"@id":"https:\/\/regeltechnik.frensch.de\/en\/#organization"},"potentialAction":[{"@type":"SearchAction","target":{"@type":"EntryPoint","urlTemplate":"https:\/\/regeltechnik.frensch.de\/en\/?s={search_term_string}"},"query-input":{"@type":"PropertyValueSpecification","valueRequired":true,"valueName":"search_term_string"}}],"inLanguage":"en-US"},{"@type":"Organization","@id":"https:\/\/regeltechnik.frensch.de\/en\/#organization","name":"Frensch GmbH","url":"https:\/\/regeltechnik.frensch.de\/en\/","logo":{"@type":"ImageObject","inLanguage":"en-US","@id":"https:\/\/regeltechnik.frensch.de\/en\/#\/schema\/logo\/image\/","url":"https:\/\/betaregeltechnik.frensch.de\/wp-content\/uploads\/FFB959F7-5A1F-4613-AB53-4D53CDE0F327.png","contentUrl":"https:\/\/betaregeltechnik.frensch.de\/wp-content\/uploads\/FFB959F7-5A1F-4613-AB53-4D53CDE0F327.png","width":136,"height":136,"caption":"Frensch GmbH"},"image":{"@id":"https:\/\/regeltechnik.frensch.de\/en\/#\/schema\/logo\/image\/"}}]}},"_links":{"self":[{"href":"https:\/\/regeltechnik.frensch.de\/en\/wp-json\/wp\/v2\/pages\/196","targetHints":{"allow":["GET"]}}],"collection":[{"href":"https:\/\/regeltechnik.frensch.de\/en\/wp-json\/wp\/v2\/pages"}],"about":[{"href":"https:\/\/regeltechnik.frensch.de\/en\/wp-json\/wp\/v2\/types\/page"}],"author":[{"embeddable":true,"href":"https:\/\/regeltechnik.frensch.de\/en\/wp-json\/wp\/v2\/users\/1"}],"replies":[{"embeddable":true,"href":"https:\/\/regeltechnik.frensch.de\/en\/wp-json\/wp\/v2\/comments?post=196"}],"version-history":[{"count":4,"href":"https:\/\/regeltechnik.frensch.de\/en\/wp-json\/wp\/v2\/pages\/196\/revisions"}],"predecessor-version":[{"id":201,"href":"https:\/\/regeltechnik.frensch.de\/en\/wp-json\/wp\/v2\/pages\/196\/revisions\/201"}],"wp:attachment":[{"href":"https:\/\/regeltechnik.frensch.de\/en\/wp-json\/wp\/v2\/media?parent=196"}],"curies":[{"name":"wp","href":"https:\/\/api.w.org\/{rel}","templated":true}]}}